{"id":10958,"date":"2026-03-08T14:42:21","date_gmt":"2026-03-08T13:42:21","guid":{"rendered":"https:\/\/www.biokari.sk\/produkt\/prana-mandlovo-arasidovy-snack-s-matchou-a-horkej-cokolade-35g\/"},"modified":"2026-03-30T19:02:08","modified_gmt":"2026-03-30T17:02:08","slug":"prana-mandlovo-arasidovy-snack-s-matchou-a-horkej-cokolade-35g","status":"publish","type":"product","link":"https:\/\/www.biokari.sk\/hu\/termek\/prana-mandlovo-arasidovy-snack-s-matchou-a-horkej-cokolade-35g\/","title":{"rendered":"Prana Mandlovo-ara\u0161idov\u00fd snack s matchou a horkej \u010dokolade 35g"},"content":{"rendered":"<p>Prana <strong>mand\u013eovo-orie\u0161kov\u00e1 matcha ty\u010dinka<\/strong> harmonicky sp\u00e1ja jemn\u00fa a pln\u00fa chu\u0165 mandl\u00ed a lieskovoorie\u0161kov\u00e9ho kr\u00e9mu s charakteristickou, jemne zelenou \u010dajovou ar\u00f3mou matchy. Starostlivo vybran\u00e9 suroviny vytv\u00e1raj\u00fa vyv\u00e1\u017een\u00fa chu\u0165, v ktorej dominuj\u00fa kr\u00e9mov\u00e1 text\u00fara a pr\u00edrodn\u00e9 ingrediencie. V\u010faka praktick\u00e9mu baleniu s hmotnos\u0165ou <strong>35 g<\/strong> je ide\u00e1lnou vo\u013ebou na mal\u00e9 ob\u010derstvenie po\u010das d\u0148a, na cestovanie alebo ako vedomej\u0161ia alternat\u00edva sladkost\u00ed.<\/p>\n\n\n\n<p><strong>\u00d6sszet\u00e9tel:<\/strong> mand\u013eov\u00e1 m\u00faka (39,8 %), filtrovan\u00fd jablkov\u00fd cukrov\u00fd sirup, hork\u00e1 \u010dokol\u00e1da so sladidlom (20,3 %) \/kakaov\u00e1 hmota, sladidlo: maltitol, kakaov\u00e9 maslo, emulg\u00e1tor: slne\u010dnicov\u00fd lecit\u00edn, ar\u00f3ma\/, lieskovoorie\u0161kov\u00fd kr\u00e9m so sladidlami (14 %), rastlinn\u00fd tuk (palmov\u00fd), oligofrukt\u00f3za (inul\u00edn), sladidl\u00e1: maltitol, sukral\u00f3za; lieskovoorie\u0161kov\u00e1 pasta (15 %), odtu\u010dnen\u00fd kakaov\u00fd pr\u00e1\u0161ok, mlie\u010dna bielkovina, rezistentn\u00fd kukuri\u010dn\u00fd \u0161krob, ar\u00f3ma, emulg\u00e1tor: s\u00f3jov\u00fd lecit\u00edn\/, matcha pr\u00e1\u0161ok zo zelen\u00e9ho \u010daju (1,9 %).<\/p>\n\n\n\n<p><strong>Inform\u00e1cia o alerg\u00e9noch:<\/strong> m\u00f4\u017ee obsahova\u0165 stopy ara\u0161idov, s\u00f3je, mlieka, in\u00fdch druhov orechov a sezamu. Nadmern\u00e1 konzum\u00e1cia m\u00f4\u017ee ma\u0165 laxat\u00edvne \u00fa\u010dinky.<\/p>\n\n\n\n<p><strong>Priemern\u00e9 v\u00fd\u017eivov\u00e9 hodnoty v 100 g v\u00fdrobku:<\/strong><br>Energia: 1983 kJ \/ 473 kcal<br>Tuky: 35,2 g<br>z toho nas\u00fdten\u00e9 mastn\u00e9 kyseliny: 8,4 g<br>Sacharidy: 39,1 g<br>z toho cukry: 17,7 g<br>Bielkoviny: 10,6 g<br>Vl\u00e1knina: 7,4 g<br>So\u013e: 0 g.<\/p>","protected":false},"excerpt":{"rendered":"<p>Prana mand\u013eovo-orie\u0161kov\u00e1 matcha ty\u010dinka harmonicky sp\u00e1ja jemn\u00fa a pln\u00fa chu\u0165 mandl\u00ed a lieskovoorie\u0161kov\u00e9ho&#8230; <a href=\"#tab-description\" class=\"more-link\">B\u0151vebben<\/a><\/p>","protected":false},"featured_media":10960,"comment_status":"open","ping_status":"closed","template":"","meta":{"inline_featured_image":false},"product_brand":[282],"product_cat":[19],"product_tag":[309],"class_list":{"0":"post-10958","1":"product","2":"type-product","3":"status-publish","4":"has-post-thumbnail","6":"product_brand-prana","7":"product_cat-ostatne","8":"product_tag-novinky","10":"first","11":"instock","12":"taxable","13":"shipping-taxable","14":"purchasable","15":"product-type-simple"},"aioseo_notices":[],"_links":{"self":[{"href":"https:\/\/www.biokari.sk\/hu\/wp-json\/wp\/v2\/product\/10958","targetHints":{"allow":["GET"]}}],"collection":[{"href":"https:\/\/www.biokari.sk\/hu\/wp-json\/wp\/v2\/product"}],"about":[{"href":"https:\/\/www.biokari.sk\/hu\/wp-json\/wp\/v2\/types\/product"}],"replies":[{"embeddable":true,"href":"https:\/\/www.biokari.sk\/hu\/wp-json\/wp\/v2\/comments?post=10958"}],"wp:featuredmedia":[{"embeddable":true,"href":"https:\/\/www.biokari.sk\/hu\/wp-json\/wp\/v2\/media\/10960"}],"wp:attachment":[{"href":"https:\/\/www.biokari.sk\/hu\/wp-json\/wp\/v2\/media?parent=10958"}],"wp:term":[{"taxonomy":"product_brand","embeddable":true,"href":"https:\/\/www.biokari.sk\/hu\/wp-json\/wp\/v2\/product_brand?post=10958"},{"taxonomy":"product_cat","embeddable":true,"href":"https:\/\/www.biokari.sk\/hu\/wp-json\/wp\/v2\/product_cat?post=10958"},{"taxonomy":"product_tag","embeddable":true,"href":"https:\/\/www.biokari.sk\/hu\/wp-json\/wp\/v2\/product_tag?post=10958"}],"curies":[{"name":"wp","href":"https:\/\/api.w.org\/{rel}","templated":true}]}}