{"id":10962,"date":"2026-03-08T14:56:34","date_gmt":"2026-03-08T13:56:34","guid":{"rendered":"https:\/\/www.biokari.sk\/produkt\/prana-pistaciovy-snack-a-malinovym-dzemom-praskom-aceroly-35g\/"},"modified":"2026-04-30T19:01:26","modified_gmt":"2026-04-30T17:01:26","slug":"prana-pistaciovy-snack-a-malinovym-dzemom-praskom-aceroly-35g","status":"publish","type":"product","link":"https:\/\/www.biokari.sk\/hu\/termek\/prana-pistaciovy-snack-a-malinovym-dzemom-praskom-aceroly-35g\/","title":{"rendered":"Prana Pist\u00e1ciov\u00fd snack a malinov\u00fdm d\u017eemom, pr\u00e1\u0161kom aceroly 35g"},"content":{"rendered":"<p>Prana <strong>pist\u00e1ciov\u00e1 ty\u010dinka s malinov\u00fdm d\u017eemom<\/strong> pon\u00faka jedine\u010dn\u00e9 spojenie chut\u00ed: charakteristick\u00fa, jemne slan\u00fa ar\u00f3mu pist\u00e1ci\u00ed vyva\u017euje ovocn\u00e1 svie\u017eos\u0165 a pr\u00edjemn\u00e1 kyslos\u0165 malinov\u00e9ho d\u017eemu. Jednotliv\u00e9 ingrediencie sa harmonicky dop\u013a\u0148aj\u00fa a spolu s jemnou text\u00farou ty\u010dinky vytv\u00e1raj\u00fa prirodzene lahodn\u00fd z\u00e1\u017eitok z ma\u0161krtenia. V\u010faka praktick\u00e9mu baleniu s hmotnos\u0165ou <strong>35 g<\/strong> je ide\u00e1lnou vo\u013ebou ako energetick\u00fd snack po\u010das d\u0148a, na cestovanie alebo ako vedomej\u0161ia alternat\u00edva sladkost\u00ed.<\/p>\n\n\n\n<p><strong>\u00d6sszet\u00e9tel:<\/strong> pist\u00e1cie (31,7 %), hork\u00e1 \u010dokol\u00e1da so sladidlom (20,3 %) (kakaov\u00e1 hmota, sladidlo: maltitol, kakaov\u00e9 maslo, emulg\u00e1tor: slne\u010dnicov\u00fd lecit\u00edn, ar\u00f3ma), filtrovan\u00fd jablkov\u00fd cukrov\u00fd sirup, malinov\u00fd d\u017eem so sladidlom (14 %) \u2013 ovocie 50 % (maliny 42 %, jablko), plnidlo: polydextr\u00f3za, inul\u00edn, oligofrukt\u00f3za, zahus\u0165ovadl\u00e1: pekt\u00edn, karag\u00e9n, kyselina: kyselina citr\u00f3nov\u00e1, konzervant: sorban draseln\u00fd, ar\u00f3my, jedl\u00e1 so\u013e, farbiv\u00e1: E122*, E104*, sladidlo: sukral\u00f3za, kyselina askorbov\u00e1, mand\u013eov\u00e1 m\u00faka, lyofilizovan\u00e9 maliny, acerola pr\u00e1\u0161ok (2,8 %) (ru\u017eov\u00e1 acerola, maltodextr\u00edn).<\/p>\n\n\n\n<p><strong>Inform\u00e1cia o alerg\u00e9noch:<\/strong> m\u00f4\u017ee obsahova\u0165 stopy ara\u0161idov, s\u00f3je, mlieka, in\u00fdch druhov orechov a sezamu. Nadmern\u00e1 konzum\u00e1cia m\u00f4\u017ee ma\u0165 laxat\u00edvne \u00fa\u010dinky.<\/p>\n\n\n\n<p><strong>Priemern\u00e9 v\u00fd\u017eivov\u00e9 hodnoty v 100 g v\u00fdrobku:<\/strong><br>Energia: 1688 kJ \/ 405 kcal<br>Tuky: 26,2 g<br>z toho nas\u00fdten\u00e9 mastn\u00e9 kyseliny: 6,8 g<br>Sacharidy: 35,7 g<br>z toho cukry: 18,6 g<br>Bielkoviny: 9,7 g<br>Vl\u00e1knina: 7,9 g<br>So\u013e: 0 g.<\/p>","protected":false},"excerpt":{"rendered":"<p>Prana pist\u00e1ciov\u00e1 ty\u010dinka s malinov\u00fdm d\u017eemom pon\u00faka jedine\u010dn\u00e9 spojenie chut\u00ed&#8230; <a href=\"#tab-description\" class=\"more-link\">B\u0151vebben<\/a><\/p>","protected":false},"featured_media":10964,"comment_status":"open","ping_status":"closed","template":"","meta":{"inline_featured_image":false},"product_brand":[282],"product_cat":[71],"product_tag":[309,312],"class_list":{"0":"post-10962","1":"product","2":"type-product","3":"status-publish","4":"has-post-thumbnail","6":"product_brand-prana","7":"product_cat-potraviny","8":"product_tag-novinky","9":"product_tag-top-potraviny","11":"first","12":"instock","13":"taxable","14":"shipping-taxable","15":"purchasable","16":"product-type-simple"},"aioseo_notices":[],"_links":{"self":[{"href":"https:\/\/www.biokari.sk\/hu\/wp-json\/wp\/v2\/product\/10962","targetHints":{"allow":["GET"]}}],"collection":[{"href":"https:\/\/www.biokari.sk\/hu\/wp-json\/wp\/v2\/product"}],"about":[{"href":"https:\/\/www.biokari.sk\/hu\/wp-json\/wp\/v2\/types\/product"}],"replies":[{"embeddable":true,"href":"https:\/\/www.biokari.sk\/hu\/wp-json\/wp\/v2\/comments?post=10962"}],"wp:featuredmedia":[{"embeddable":true,"href":"https:\/\/www.biokari.sk\/hu\/wp-json\/wp\/v2\/media\/10964"}],"wp:attachment":[{"href":"https:\/\/www.biokari.sk\/hu\/wp-json\/wp\/v2\/media?parent=10962"}],"wp:term":[{"taxonomy":"product_brand","embeddable":true,"href":"https:\/\/www.biokari.sk\/hu\/wp-json\/wp\/v2\/product_brand?post=10962"},{"taxonomy":"product_cat","embeddable":true,"href":"https:\/\/www.biokari.sk\/hu\/wp-json\/wp\/v2\/product_cat?post=10962"},{"taxonomy":"product_tag","embeddable":true,"href":"https:\/\/www.biokari.sk\/hu\/wp-json\/wp\/v2\/product_tag?post=10962"}],"curies":[{"name":"wp","href":"https:\/\/api.w.org\/{rel}","templated":true}]}}