{"id":10965,"date":"2026-03-08T15:14:23","date_gmt":"2026-03-08T14:14:23","guid":{"rendered":"https:\/\/www.biokari.sk\/produkt\/prana-mandlovo-slivkove-rezy-s-aswagandou-v-horkej-cokolade-35g\/"},"modified":"2026-04-24T19:06:39","modified_gmt":"2026-04-24T17:06:39","slug":"prana-mandlovo-slivkove-rezy-s-aswagandou-v-horkej-cokolade-35g","status":"publish","type":"product","link":"https:\/\/www.biokari.sk\/hu\/termek\/prana-mandlovo-slivkove-rezy-s-aswagandou-v-horkej-cokolade-35g\/","title":{"rendered":"Prana Mandlovo-sl\u00edvkov\u00e9 rezy s aswagandou v horkej \u010dokol\u00e1de 35g"},"content":{"rendered":"<p>Prana <strong>mand\u013eovo-slivkovo-orechov\u00e1 ty\u010dinka<\/strong> harmonicky sp\u00e1ja pln\u00fa, olejnat\u00fa chu\u0165 mandl\u00ed a vla\u0161sk\u00fdch orechov s prirodzene sladk\u00fdm a ovocn\u00fdm charakterom su\u0161en\u00fdch sliviek. Starostlivo vybran\u00e9 suroviny vytv\u00e1raj\u00fa vyv\u00e1\u017een\u00fa chu\u0165, v ktorej sa chrumkavos\u0165 orechov a jemnos\u0165 ovocia dokonale dop\u013a\u0148aj\u00fa. V\u010faka praktick\u00e9mu baleniu s hmotnos\u0165ou <strong>35 g<\/strong> je ide\u00e1lnou vo\u013ebou na mal\u00e9 ob\u010derstvenie po\u010das d\u0148a, na cestovanie alebo ako vedomej\u0161ia alternat\u00edva sladkost\u00ed.<\/p>\n\n\n\n<p><strong>\u00d6sszet\u00e9tel:<\/strong> mand\u013eov\u00e9 jadr\u00e1 (29,3 %), hork\u00e1 \u010dokol\u00e1da so sladidlom (20,3 %) \/kakaov\u00e1 hmota, sladidlo: maltitol, kakaov\u00e9 maslo, emulg\u00e1tor: slne\u010dnicov\u00fd lecit\u00edn, ar\u00f3ma\/, filtrovan\u00fd jablkov\u00fd cukrov\u00fd sirup, slivkov\u00fd d\u017eem (14 %) \/slivky, voda, zahus\u0165ovadlo: pekt\u00edn, kyselina: kyselina citr\u00f3nov\u00e1, konzervant: sorban draseln\u00fd\/, su\u0161en\u00e9 slivky (9,4 %) \/su\u0161en\u00e9 slivky, konzervant: kyselina sorbov\u00e1\/, mlet\u00e9 vla\u0161sk\u00e9 orechy (9,4 %), pr\u00e1\u0161ok z ashwagandhy (2,2 %), \u0161korica.<\/p>\n\n\n\n<p><strong>Inform\u00e1cia o alerg\u00e9noch:<\/strong> m\u00f4\u017ee obsahova\u0165 stopy ara\u0161idov, s\u00f3je, mlieka, in\u00fdch druhov orechov a sezamu. Nadmern\u00e1 konzum\u00e1cia m\u00f4\u017ee ma\u0165 laxat\u00edvne \u00fa\u010dinky.<\/p>\n\n\n\n<p><strong>Priemern\u00e9 v\u00fd\u017eivov\u00e9 hodnoty v 100 g v\u00fdrobku:<\/strong><br>Energia: 1801 kJ \/ 430 kcal<br>Tuky: 29,7 g<br>z toho nas\u00fdten\u00e9 mastn\u00e9 kyseliny: 6,9 g<br>Sacharidy: 43 g<br>z toho cukry: 22,5 g<br>Bielkoviny: 9,1 g<br>Vl\u00e1knina: 4,7 g<br>So\u013e: 0 g<\/p>\n\n\n\n<p><strong>S\u00faly:<\/strong> 35 g<\/p>","protected":false},"excerpt":{"rendered":"<p>Prana mand\u013eovo-slivkovo-orechov\u00e1 ty\u010dinka harmonicky sp\u00e1ja pln\u00fa, olejnat\u00fa chu\u0165 mandl\u00ed a vla\u0161sk\u00fdch orechov s prirodzene sladk\u00fdm a ovocn\u00fdm&#8230; <a href=\"#tab-description\" class=\"more-link\">B\u0151vebben<\/a><\/p>","protected":false},"featured_media":10967,"comment_status":"open","ping_status":"closed","template":"","meta":{"inline_featured_image":false},"product_brand":[282],"product_cat":[71],"product_tag":[309,312],"class_list":{"0":"post-10965","1":"product","2":"type-product","3":"status-publish","4":"has-post-thumbnail","6":"product_brand-prana","7":"product_cat-potraviny","8":"product_tag-novinky","9":"product_tag-top-potraviny","11":"first","12":"instock","13":"taxable","14":"shipping-taxable","15":"purchasable","16":"product-type-simple"},"aioseo_notices":[],"_links":{"self":[{"href":"https:\/\/www.biokari.sk\/hu\/wp-json\/wp\/v2\/product\/10965","targetHints":{"allow":["GET"]}}],"collection":[{"href":"https:\/\/www.biokari.sk\/hu\/wp-json\/wp\/v2\/product"}],"about":[{"href":"https:\/\/www.biokari.sk\/hu\/wp-json\/wp\/v2\/types\/product"}],"replies":[{"embeddable":true,"href":"https:\/\/www.biokari.sk\/hu\/wp-json\/wp\/v2\/comments?post=10965"}],"wp:featuredmedia":[{"embeddable":true,"href":"https:\/\/www.biokari.sk\/hu\/wp-json\/wp\/v2\/media\/10967"}],"wp:attachment":[{"href":"https:\/\/www.biokari.sk\/hu\/wp-json\/wp\/v2\/media?parent=10965"}],"wp:term":[{"taxonomy":"product_brand","embeddable":true,"href":"https:\/\/www.biokari.sk\/hu\/wp-json\/wp\/v2\/product_brand?post=10965"},{"taxonomy":"product_cat","embeddable":true,"href":"https:\/\/www.biokari.sk\/hu\/wp-json\/wp\/v2\/product_cat?post=10965"},{"taxonomy":"product_tag","embeddable":true,"href":"https:\/\/www.biokari.sk\/hu\/wp-json\/wp\/v2\/product_tag?post=10965"}],"curies":[{"name":"wp","href":"https:\/\/api.w.org\/{rel}","templated":true}]}}