{"id":10971,"date":"2026-03-08T15:28:23","date_gmt":"2026-03-08T14:28:23","guid":{"rendered":"https:\/\/www.biokari.sk\/produkt\/gyorgytea-hlohove-kapsuly-60ks\/"},"modified":"2026-04-29T19:03:16","modified_gmt":"2026-04-29T17:03:16","slug":"gyorgytea-hlohove-kapsuly-60ks","status":"publish","type":"product","link":"https:\/\/www.biokari.sk\/hu\/termek\/gyorgytea-hlohove-kapsuly-60ks\/","title":{"rendered":"Gy\u00f6rgytea Hlohov\u00e9 kapsuly 60ks"},"content":{"rendered":"<p><strong>\u00d6sszet\u00e9tel:<\/strong> pr\u00e1\u0161ok z kvitn\u00facich vrcholkov hlohu (Crataegus laevigata), extrakt z kvitn\u00facich vrcholkov hlohu (Crataegus laevigata), kapsulov\u00fd obal (hydroxypropylmetylcelul\u00f3za).<\/p>\n\n\n\n<p>Kapsuly s obsahom hlohu podporuj\u00fa zdrav\u00e9 fungovanie srdca a kardiovaskul\u00e1rneho syst\u00e9mu. Extrakt z hlohu prispieva k podpore \u010dinnosti srdca, zvy\u0161uje z\u00e1sobovanie organizmu kysl\u00edkom a pom\u00e1ha zlep\u0161ova\u0165 perif\u00e9rny krvn\u00fd obeh. Z\u00e1rove\u0148 m\u00f4\u017ee prispieva\u0165 k relax\u00e1cii a k zn\u00ed\u017eeniu nervozity, najm\u00e4 pri probl\u00e9moch so sp\u00e1nkom.<\/p>\n\n\n\n<p><strong>Aj\u00e1nlott adagol\u00e1s:<\/strong> Napi 1 kapszula.<\/p>\n\n\n\n<p>Neprekra\u010dujte odpor\u00fa\u010dan\u00fa denn\u00fa d\u00e1vku uveden\u00fa v n\u00e1vode na pou\u017eitie. Uchov\u00e1vajte mimo dosahu det\u00ed. V\u00fd\u017eivov\u00fd doplnok nenahr\u00e1dza pestr\u00fa a vyv\u00e1\u017een\u00fa stravu ani zdrav\u00fd \u017eivotn\u00fd \u0161t\u00fdl.<\/p>\n\n\n\n<p><strong>T\u00e1rol\u00e1s:<\/strong> Uchov\u00e1vajte pri izbovej teplote, v uzavretom obale, chr\u00e1nen\u00e9 pred priamym slne\u010dn\u00fdm \u017eiaren\u00edm.<\/p>\n\n\n\n<p><strong>Akt\u00edvne l\u00e1tky v dennej d\u00e1vke (1 kapsula):<\/strong><br>kvitn\u00face vrcholky hlohu: 150 mg<br>extrakt z kvitn\u00facich vrcholkov hlohu: 120 mg<\/p>\n\n\n\n<p>Denn\u00e1 d\u00e1vka zodpoved\u00e1 <strong>1350 mg kvitn\u00facich vrcholkov hlohu<\/strong>.<\/p>\n\n\n\n<p><strong>Csomagol\u00e1s:<\/strong> 60 kaps\u00fal.<\/p>","protected":false},"excerpt":{"rendered":"<p>Kapsuly s obsahom hlohu podporuj\u00fa zdrav\u00e9 fungovanie srdca a kardiovaskul\u00e1rneho syst\u00e9mu&#8230; <a href=\"#tab-description\" class=\"more-link\">B\u0151vebben<\/a><\/p>","protected":false},"featured_media":10973,"comment_status":"open","ping_status":"closed","template":"","meta":{"inline_featured_image":false},"product_brand":[274],"product_cat":[69],"product_tag":[309,312],"class_list":{"0":"post-10971","1":"product","2":"type-product","3":"status-publish","4":"has-post-thumbnail","6":"product_brand-gyorgytea","7":"product_cat-vyzivove-doplnky","8":"product_tag-novinky","9":"product_tag-top-potraviny","11":"first","12":"instock","13":"taxable","14":"shipping-taxable","15":"purchasable","16":"product-type-simple"},"aioseo_notices":[],"_links":{"self":[{"href":"https:\/\/www.biokari.sk\/hu\/wp-json\/wp\/v2\/product\/10971","targetHints":{"allow":["GET"]}}],"collection":[{"href":"https:\/\/www.biokari.sk\/hu\/wp-json\/wp\/v2\/product"}],"about":[{"href":"https:\/\/www.biokari.sk\/hu\/wp-json\/wp\/v2\/types\/product"}],"replies":[{"embeddable":true,"href":"https:\/\/www.biokari.sk\/hu\/wp-json\/wp\/v2\/comments?post=10971"}],"wp:featuredmedia":[{"embeddable":true,"href":"https:\/\/www.biokari.sk\/hu\/wp-json\/wp\/v2\/media\/10973"}],"wp:attachment":[{"href":"https:\/\/www.biokari.sk\/hu\/wp-json\/wp\/v2\/media?parent=10971"}],"wp:term":[{"taxonomy":"product_brand","embeddable":true,"href":"https:\/\/www.biokari.sk\/hu\/wp-json\/wp\/v2\/product_brand?post=10971"},{"taxonomy":"product_cat","embeddable":true,"href":"https:\/\/www.biokari.sk\/hu\/wp-json\/wp\/v2\/product_cat?post=10971"},{"taxonomy":"product_tag","embeddable":true,"href":"https:\/\/www.biokari.sk\/hu\/wp-json\/wp\/v2\/product_tag?post=10971"}],"curies":[{"name":"wp","href":"https:\/\/api.w.org\/{rel}","templated":true}]}}