{"id":11077,"date":"2026-03-21T21:50:32","date_gmt":"2026-03-21T20:50:32","guid":{"rendered":"https:\/\/www.biokari.sk\/produkt\/natur-tanya-micellova-kurkuma-50ks\/"},"modified":"2026-04-20T19:02:01","modified_gmt":"2026-04-20T17:02:01","slug":"natur-tanya-micellova-kurkuma-50ks","status":"publish","type":"product","link":"https:\/\/www.biokari.sk\/hu\/termek\/natur-tanya-micellova-kurkuma-50ks\/","title":{"rendered":"Natur tanya Micellov\u00e1 kurkuma 50ks"},"content":{"rendered":"<p>Natur Tanya\u00ae MICEL\u00c1RNA KURKUMA obsahuje patentovan\u00fa, micel\u00e1rnu formu kurkum\u00ednu rozpustn\u00fa vo vode, ktor\u00e1 je uzavret\u00e1 v micel\u00e1ch, spolu s vitam\u00ednom D3, \u010d\u00edm zabezpe\u010duje a\u017e&nbsp;<strong>185-n\u00e1sobne vy\u0161\u0161iu biologick\u00fa dostupnos\u0165<\/strong>&nbsp;v porovnan\u00ed s be\u017en\u00fdmi kurkuma extraktmi. Kurkumin je najzn\u00e1mej\u0161ou a najd\u00f4le\u017eitej\u0161ou \u00fa\u010dinnou l\u00e1tkou kurkumy, av\u0161ak jeho prirodzen\u00e1 vstrebate\u013enos\u0165 je n\u00edzka, preto je t\u00e1to modern\u00e1 forma ide\u00e1lnym rie\u0161en\u00edm pre efekt\u00edvne vyu\u017eitie \u00fa\u010dinn\u00fdch l\u00e1tok. Kurkuma prispieva k podpore zdravia p\u013e\u00fac a horn\u00fdch d\u00fdchac\u00edch ciest, pozit\u00edvne ovplyv\u0148uje imunitn\u00fd syst\u00e9m, podporuje zdravie k\u013abov a kost\u00ed, napom\u00e1ha spr\u00e1vnemu tr\u00e1veniu a funkcii pe\u010dene, prispieva k zdraviu poko\u017eky, spr\u00e1vnemu fungovaniu nervov\u00e9ho syst\u00e9mu, podpore srdcovej \u010dinnosti a krvn\u00e9ho obehu a z\u00e1rove\u0148 m\u00e1 v\u00fdrazn\u00e9&nbsp;<strong>antioxida\u010dn\u00e9 vlastnosti<\/strong>.<\/p>\n\n\n\n<p><strong>Zlo\u017eenie<\/strong>&nbsp;Kurkuma extrakt z kore\u0148a 83,3 % [emulg\u00e1tor (polysorb\u00e1t 80), extrakt z kore\u0148a kurkumy (Curcuma longa L.) 70:1, cholekalciferol], rastlinn\u00e1 kapsula (hydroxypropylmetylcelul\u00f3za).<\/p>\n\n\n\n<p><strong>D\u00e1vkovanie<\/strong>&nbsp;Odpor\u00fa\u010dan\u00e1 denn\u00e1 d\u00e1vka je&nbsp;<strong>1 liquid kapsula denne<\/strong>, najlep\u0161ie r\u00e1no po\u010das jedla, zapit\u00e1 dostato\u010dn\u00fdm mno\u017estvom vody.<\/p>\n\n\n\n<p><strong>\u00da\u010dinn\u00e9 l\u00e1tky v dennej d\u00e1vke (1 kapsula)<\/strong>&nbsp;Kurkuma extrakt 500 mg, z toho kurkuma extrakt 31,58 mg, z toho kurkuminoidy 30 mg, z toho kurkum\u00edn 25 mg, vitam\u00edn D3 7 \u03bcg (140 % NRV), \u010do zodpoved\u00e1 280 IU.<\/p>\n\n\n\n<p><strong>\u00c9rtes\u00edt\u00e9s<\/strong>&nbsp;V\u00fd\u017eivov\u00fd doplnok je ur\u010den\u00fd pre osoby od 18 rokov, nie je vhodn\u00fd pri u\u017e\u00edvan\u00ed warfar\u00ednu alebo in\u00fdch liekov na riedenie krvi bez konzult\u00e1cie s lek\u00e1rom a nie je vhodn\u00fd po\u010das tehotenstva a doj\u010denia.<\/p>\n\n\n\n<p><strong>Hmotnos\u0165<\/strong>: 50ks<\/p>\n\n\n\n<p><\/p>","protected":false},"excerpt":{"rendered":"<p>Natur Tanya\u00ae MICEL\u00c1RNA KURKUMA obsahuje patentovan\u00fa, micel\u00e1rnu formu kurkum\u00ednu rozpustn\u00fa vo vode&#8230; <a href=\"#tab-description\" class=\"more-link\">B\u0151vebben<\/a><\/p>","protected":false},"featured_media":11079,"comment_status":"open","ping_status":"closed","template":"","meta":{"inline_featured_image":false},"product_brand":[306],"product_cat":[69,146],"product_tag":[],"class_list":{"0":"post-11077","1":"product","2":"type-product","3":"status-publish","4":"has-post-thumbnail","6":"product_brand-natur-tanya","7":"product_cat-vyzivove-doplnky","8":"product_cat-klby-a-reuma","10":"first","11":"instock","12":"taxable","13":"shipping-taxable","14":"purchasable","15":"product-type-simple"},"aioseo_notices":[],"_links":{"self":[{"href":"https:\/\/www.biokari.sk\/hu\/wp-json\/wp\/v2\/product\/11077","targetHints":{"allow":["GET"]}}],"collection":[{"href":"https:\/\/www.biokari.sk\/hu\/wp-json\/wp\/v2\/product"}],"about":[{"href":"https:\/\/www.biokari.sk\/hu\/wp-json\/wp\/v2\/types\/product"}],"replies":[{"embeddable":true,"href":"https:\/\/www.biokari.sk\/hu\/wp-json\/wp\/v2\/comments?post=11077"}],"wp:featuredmedia":[{"embeddable":true,"href":"https:\/\/www.biokari.sk\/hu\/wp-json\/wp\/v2\/media\/11079"}],"wp:attachment":[{"href":"https:\/\/www.biokari.sk\/hu\/wp-json\/wp\/v2\/media?parent=11077"}],"wp:term":[{"taxonomy":"product_brand","embeddable":true,"href":"https:\/\/www.biokari.sk\/hu\/wp-json\/wp\/v2\/product_brand?post=11077"},{"taxonomy":"product_cat","embeddable":true,"href":"https:\/\/www.biokari.sk\/hu\/wp-json\/wp\/v2\/product_cat?post=11077"},{"taxonomy":"product_tag","embeddable":true,"href":"https:\/\/www.biokari.sk\/hu\/wp-json\/wp\/v2\/product_tag?post=11077"}],"curies":[{"name":"wp","href":"https:\/\/api.w.org\/{rel}","templated":true}]}}