{"id":11080,"date":"2026-03-21T22:12:39","date_gmt":"2026-03-21T21:12:39","guid":{"rendered":"https:\/\/www.biokari.sk\/produkt\/natur-tanya-olivovy-k2d3-vitamin-40ks\/"},"modified":"2026-04-20T19:02:01","modified_gmt":"2026-04-20T17:02:01","slug":"natur-tanya-olivovy-k2d3-vitamin-40ks","status":"publish","type":"product","link":"https:\/\/www.biokari.sk\/hu\/termek\/natur-tanya-olivovy-k2d3-vitamin-40ks\/","title":{"rendered":"Natur Tanya Olivov\u00fd K2+D3 vitam\u00edn 40ks"},"content":{"rendered":"<p>Produkt obsahuje&nbsp;<strong>820 \u03bcg vitam\u00ednu K (K1 + K2) a 2200 IU vitam\u00ednu D3<\/strong>&nbsp;v dennej d\u00e1vke, rozpusten\u00e9 v&nbsp;<strong>extra panenskom olivovom oleji<\/strong>, \u010do zabezpe\u010duje lep\u0161iu vstrebate\u013enos\u0165. Obsahuje patentovan\u00fd&nbsp;<strong>vitaMK7\u00ae pr\u00edrodn\u00fd vitam\u00edn K2<\/strong>, ako aj kvalitn\u00e9 suroviny&nbsp;<strong>Quali\u00ae-K (K1) a Quali\u00ae-D (D3)<\/strong>&nbsp;poch\u00e1dzaj\u00face z udr\u017eate\u013enej a kontrolovanej v\u00fdroby. Vitam\u00edn D3 prispieva k spr\u00e1vnemu fungovaniu imunitn\u00e9ho syst\u00e9mu a spolu s vitam\u00ednom K prispievaj\u00fa k udr\u017eaniu&nbsp;<strong>zdrav\u00fdch kost\u00ed<\/strong>. Vitam\u00edn K2 si telo dok\u00e1\u017ee vytv\u00e1ra\u0165 aj pomocou \u010drevn\u00fdch bakt\u00e9ri\u00ed, av\u0161ak napr\u00edklad po antibiotickej lie\u010dbe m\u00f4\u017ee jeho hladina v\u00fdrazne klesn\u00fa\u0165. Produkt obsahuje&nbsp;<strong>prirodzen\u00fd vitam\u00edn K matrix<\/strong>, je bez umel\u00fdch farb\u00edv, s\u00f3jov\u00e9ho oleja, konzervantov a ar\u00f3m, m\u00e1 n\u00edzky obsah neakt\u00edvnych cis-izom\u00e9rov a je vo forme&nbsp;<strong>\u013eahko preh\u013atate\u013enej m\u00e4kkej kapsuly<\/strong>.<\/p>\n\n\n\n<p><strong>K2 vitam\u00edn MK-7 \u2013 vysok\u00e1 biologick\u00e1 aktivita<\/strong><br>Vitam\u00edn K2 vo forme&nbsp;<strong>menachin\u00f3n-7 (MK-7)<\/strong>&nbsp;m\u00e1 vy\u0161\u0161iu biologick\u00fa aktivitu ako forma MK-4, v\u010faka lep\u0161ej biologickej dostupnosti a dlh\u0161iemu pol\u010dasu rozpadu. Jeho \u00fa\u010dinnos\u0165 s\u00favis\u00ed s prirodzenou&nbsp;<strong>all-trans \u0161trukt\u00farou<\/strong>, pri\u010dom cis formy s\u00fa biologicky neakt\u00edvne. Produkt obsahuje a\u017e&nbsp;<strong>99 % all-trans vitam\u00ednu K2<\/strong>, z\u00edskan\u00e9ho ferment\u00e1ciou bakt\u00e9ri\u00ed&nbsp;<strong>Bacillus subtilis natto<\/strong>, \u010do zaru\u010duje vysok\u00fa \u010distotu a \u00fa\u010dinnos\u0165. MK-7 je rozpustn\u00fd v tukoch, preto je ide\u00e1lne pod\u00e1va\u0165 ho v olivovom oleji, ktor\u00fd zvy\u0161uje jeho vstreb\u00e1vanie a \u00fa\u010dinnos\u0165 v organizme.<\/p>\n\n\n\n<p><strong>Pre\u010do vitaMK7\u00ae?<\/strong><br>vitaMK7\u00ae je patentovan\u00e1 forma vitam\u00ednu K2 vyvinut\u00e1 spolo\u010dnos\u0165ou \u201eGnosis by Lesaffre\u201c, ktor\u00e1 bola priekopn\u00edkom vo v\u00fdvoji K2 vitam\u00ednu MK-7. Tento vitam\u00edn je z\u00edskavan\u00fd prirodzen\u00fdm fermenta\u010dn\u00fdm procesom z bakt\u00e9ri\u00ed&nbsp;<strong>Bacillus subtilis natto<\/strong>&nbsp;a je registrovan\u00fd v zbierke DSMZ pod \u010d\u00edslom DSM 17766. Patentovan\u00fd v\u00fdrobn\u00fd proces zabezpe\u010duje vysok\u00fa \u010distotu, zachovanie biologickej \u0161trukt\u00fary a ochranu pred oxid\u00e1ciou.<\/p>\n\n\n\n<p><strong>Pre koho je produkt vhodn\u00fd<\/strong><br>Produkt je vhodn\u00fd pre osoby s nedostatkom slne\u010dn\u00e9ho \u017eiarenia, v zimnom obdob\u00ed, pre dospievaj\u00facich aj seniorov, pre \u0161portovcov, fyzicky akt\u00edvnych \u013eud\u00ed, tehotn\u00e9 \u017eeny, \u017eeny v menopauze, osoby s n\u00edzkou hustotou kost\u00ed a pri reduk\u010dn\u00fdch di\u00e9tach.<\/p>\n\n\n\n<p><strong>Zlo\u017eenie<\/strong>&nbsp;extra panensk\u00fd olivov\u00fd olej, kapsula (\u017eelat\u00edna), zvlh\u010dovadlo (glycer\u00edn), \u010disten\u00e1 voda, triglyceridy so stredne dlh\u00fdm re\u0165azcom, fylochin\u00f3n (vitam\u00edn K1), pr\u00edrodn\u00fd vitam\u00edn K2 (menachin\u00f3n-7), antioxidanty (extrakt bohat\u00fd na tokoferoly, DL-alfa-tokoferol), cholekalciferol (vitam\u00edn D3).<\/p>\n\n\n\n<p><strong>\u00da\u010dinn\u00e9 l\u00e1tky v dennej d\u00e1vke (1 kapsula)<\/strong>&nbsp;vitam\u00edn K matrix 820 \u03bcg, z toho vitam\u00edn K1 (Quali\u00ae-K) 700 \u03bcg (933 % NRV), fermentovan\u00fd vitam\u00edn K2 (vitaMK7\u00ae) 120 \u03bcg (160 % NRV), vitam\u00edn D3 (Quali\u00ae-D) 55 \u03bcg (1100 % NRV) = 2200 IU.<\/p>\n\n\n\n<p><strong>D\u00e1vkovanie<\/strong>&nbsp;odpor\u00fa\u010da sa u\u017e\u00edva\u0165&nbsp;<strong>1 kapsulu denne<\/strong>, zapi\u0165 dostato\u010dn\u00fdm mno\u017estvom vody.<\/p>\n\n\n\n<p><strong>Skladovanie<\/strong>&nbsp;uchov\u00e1vajte na suchom a chladnom mieste, mimo dosahu det\u00ed.<\/p>\n\n\n\n<p><strong>\u00c9rtes\u00edt\u00e9s<\/strong>&nbsp;neprekra\u010dujte odpor\u00fa\u010dan\u00fa denn\u00fa d\u00e1vku, v\u00fd\u017eivov\u00fd doplnok nenahr\u00e1dza pestr\u00fa stravu a zdrav\u00fd \u017eivotn\u00fd \u0161t\u00fdl, vhodn\u00e9 od 12 rokov, nevhodn\u00e9 pri u\u017e\u00edvan\u00ed kumar\u00ednov\u00fdch liekov na riedenie krvi, vhodn\u00e9 pri cukrovke aj po\u010das tehotenstva a doj\u010denia, neodpor\u00fa\u010da sa pri zv\u00fd\u0161enej hladine v\u00e1pnika v krvi alebo mo\u010di a pri v\u00e1penat\u00fdch obli\u010dkov\u00fdch kame\u0148och, pri u\u017e\u00edvan\u00ed zoh\u013eadnite aj pr\u00edjem vitam\u00ednu D z in\u00fdch doplnkov.<\/p>\n\n\n\n<hr class=\"wp-block-separator has-alpha-channel-opacity\"\/>","protected":false},"excerpt":{"rendered":"<p>Produkt obsahuje\u00a0820 \u03bcg vitam\u00ednu K (K1 + K2) a 2200 IU vitam\u00ednu D3\u00a0v dennej d\u00e1vke, rozpusten\u00e9 v\u00a0extra panenskom olivovom oleji, \u010do zabezpe\u010duje lep\u0161iu vstrebate\u013enos\u0165&#8230; <a href=\"#tab-description\" class=\"more-link\">B\u0151vebben<\/a><\/p>","protected":false},"featured_media":11082,"comment_status":"open","ping_status":"closed","template":"","meta":{"inline_featured_image":false},"product_brand":[306],"product_cat":[69,140,142],"product_tag":[],"class_list":{"0":"post-11080","1":"product","2":"type-product","3":"status-publish","4":"has-post-thumbnail","6":"product_brand-natur-tanya","7":"product_cat-vyzivove-doplnky","8":"product_cat-posilnenie-imunity","9":"product_cat-srdcovo-cievny-system","11":"first","12":"onbackorder","13":"taxable","14":"shipping-taxable","15":"purchasable","16":"product-type-simple"},"aioseo_notices":[],"_links":{"self":[{"href":"https:\/\/www.biokari.sk\/hu\/wp-json\/wp\/v2\/product\/11080","targetHints":{"allow":["GET"]}}],"collection":[{"href":"https:\/\/www.biokari.sk\/hu\/wp-json\/wp\/v2\/product"}],"about":[{"href":"https:\/\/www.biokari.sk\/hu\/wp-json\/wp\/v2\/types\/product"}],"replies":[{"embeddable":true,"href":"https:\/\/www.biokari.sk\/hu\/wp-json\/wp\/v2\/comments?post=11080"}],"wp:featuredmedia":[{"embeddable":true,"href":"https:\/\/www.biokari.sk\/hu\/wp-json\/wp\/v2\/media\/11082"}],"wp:attachment":[{"href":"https:\/\/www.biokari.sk\/hu\/wp-json\/wp\/v2\/media?parent=11080"}],"wp:term":[{"taxonomy":"product_brand","embeddable":true,"href":"https:\/\/www.biokari.sk\/hu\/wp-json\/wp\/v2\/product_brand?post=11080"},{"taxonomy":"product_cat","embeddable":true,"href":"https:\/\/www.biokari.sk\/hu\/wp-json\/wp\/v2\/product_cat?post=11080"},{"taxonomy":"product_tag","embeddable":true,"href":"https:\/\/www.biokari.sk\/hu\/wp-json\/wp\/v2\/product_tag?post=11080"}],"curies":[{"name":"wp","href":"https:\/\/api.w.org\/{rel}","templated":true}]}}