{"id":11090,"date":"2026-03-21T22:42:28","date_gmt":"2026-03-21T21:42:28","guid":{"rendered":"https:\/\/www.biokari.sk\/produkt\/organiqa-kapsuly-pre-zeny-60ks\/"},"modified":"2026-05-01T19:01:10","modified_gmt":"2026-05-01T17:01:10","slug":"organiqa-kapsuly-pre-zeny-60ks","status":"publish","type":"product","link":"https:\/\/www.biokari.sk\/hu\/termek\/organiqa-kapsuly-pre-zeny-60ks\/","title":{"rendered":"Organiqa Kapsuly pre \u017eeny 60ks"},"content":{"rendered":"<p>Organiqa Balance je komplexn\u00fd rastlinn\u00fd v\u00fd\u017eivov\u00fd doplnok vyvinut\u00fd na&nbsp;<strong>prirodzen\u00fa podporu hormon\u00e1lnej rovnov\u00e1hy u \u017eien<\/strong>. Obsahuje p\u00e4\u0165 \u00fa\u010dinn\u00fdch l\u00e1tok, ktor\u00e9 sa v indickej ajurv\u00e9de pou\u017e\u00edvaj\u00fa u\u017e tis\u00edce rokov na podporu \u017eensk\u00e9ho zdravia. \u010ci u\u017e ide o PMS, nepravideln\u00fd cyklus, pr\u00edznaky menopauzy alebo \u00fanavu, t\u00e1to formula poskytuje komplexn\u00fa podporu. Produkt je&nbsp;<strong>veg\u00e1nsky, bez lepku, s\u00f3je a pr\u00eddavn\u00fdch l\u00e1tok<\/strong>, preto je vhodn\u00fd aj pre citliv\u00e9 osoby.<\/p>\n\n\n\n<p><strong>Pre\u010do si vybra\u0165 tento produkt<\/strong>&nbsp;prirodzene podporuje hormon\u00e1lnu rovnov\u00e1hu, m\u00e1 komplexn\u00fd \u00fa\u010dinok \u2013 podporuje pravidelnos\u0165 cyklu, energetick\u00fa hladinu, zvl\u00e1danie stresu a zmiernenie PMS a menopauz\u00e1lnych pr\u00edznakov, obsahuje kvalitn\u00e9 suroviny z Indie pod\u013ea ajurv\u00e9dskej trad\u00edcie a je vo forme kaps\u00fal, ktor\u00e9 sa \u013eahko u\u017e\u00edvaj\u00fa a s\u00fa chu\u0165ovo neutr\u00e1lne.<\/p>\n\n\n\n<p><strong>D\u00e1vkovanie<\/strong>&nbsp;odpor\u00fa\u010dan\u00e1 denn\u00e1 d\u00e1vka je&nbsp;<strong>2\u00d71 kapsula<\/strong>, zapit\u00e1 dostato\u010dn\u00fdm mno\u017estvom tekutiny, pri\u010dom v prv\u00fdch d\u0148och sa odpor\u00fa\u010da za\u010da\u0165 s 1 kapsulou ka\u017ed\u00fd druh\u00fd de\u0148 a d\u00e1vku postupne zvy\u0161ova\u0165, pri citlivej\u0161om organizme je mo\u017en\u00e9 kapsulu rozdeli\u0165.<\/p>\n\n\n\n<p><strong>D\u00f4le\u017eit\u00e9 upozornenie<\/strong>&nbsp;rastlinn\u00e9 zlo\u017eky m\u00f4\u017eu ovplyvni\u0165 \u00fa\u010dinnos\u0165 hormon\u00e1lnej antikoncepcie, preto sa v takom pr\u00edpade u\u017e\u00edvanie neodpor\u00fa\u010da.<\/p>\n\n\n\n<p><strong>\u00da\u010dinn\u00e9 l\u00e1tky v dennej d\u00e1vke (2 kapsuly)<\/strong>&nbsp;shatavari pr\u00e1\u0161ok 500 mg, vitex jah\u0148ac\u00ed (bar\u00e1tcserje) 240 mg, maca extrakt 10:1 100 mg, senovka gr\u00e9cka 100 mg, ashwagandha kore\u0148 60 mg.<\/p>\n\n\n\n<p><strong>Zlo\u017eenie<\/strong>&nbsp;shatavari pr\u00e1\u0161ok, vitex jah\u0148ac\u00ed plod pr\u00e1\u0161ok, maca extrakt 10:1, senovka gr\u00e9cka pr\u00e1\u0161ok, ashwagandha kore\u0148 pr\u00e1\u0161ok, rastlinn\u00e1 celul\u00f3za (kapsula).<\/p>\n\n\n\n<p><strong>Bez obsahu<\/strong>&nbsp;produkt neobsahuje \u017eiadne pr\u00eddavn\u00e9 l\u00e1tky, ar\u00f3my ani umel\u00e9 zlo\u017eky, ide o \u010dist\u00fa a jednoduch\u00fa formulu s vysok\u00fdm obsahom \u00fa\u010dinn\u00fdch l\u00e1tok.<\/p>\n\n\n\n<p><strong>Hlavn\u00e9 benefity<\/strong>&nbsp;shatavari podporuje \u017eensk\u00fd reproduk\u010dn\u00fd syst\u00e9m a pom\u00e1ha zmier\u0148ova\u0165 menopauz\u00e1lne pr\u00edznaky, vitex prispieva k hormon\u00e1lnej rovnov\u00e1he od men\u0161tru\u00e1cie a\u017e po menopauzu, ashwagandha p\u00f4sob\u00ed ako adaptog\u00e9n a podporuje nervov\u00fd syst\u00e9m a imunitu, maca podporuje plodnos\u0165 a hormon\u00e1lnu rovnov\u00e1hu, senovka gr\u00e9cka pom\u00e1ha pri PMS, klimakt\u00e9riu a podporuje tvorbu matersk\u00e9ho mlieka.<\/p>\n\n\n\n<p><strong>\u010casto kladen\u00e9 ot\u00e1zky<\/strong>&nbsp;kapsuly obsahuj\u00fa v\u00fdlu\u010dne rastlinn\u00e9 zlo\u017eky bez pr\u00eddavn\u00fdch l\u00e1tok, s\u00fa vhodn\u00e9 pre veg\u00e1nov a osoby dodr\u017eiavaj\u00face bezlepkov\u00fa, bezlakt\u00f3zov\u00fa a bezs\u00f3jov\u00fa stravu, suroviny poch\u00e1dzaj\u00fa z Indie, u\u017e\u00edvanie ashwagandhy sa neodpor\u00fa\u010da po\u010das tehotenstva a doj\u010denia.<\/p>\n\n\n\n<p><strong>Balenie<\/strong>\u00a060 kaps\u00fal<\/p>","protected":false},"excerpt":{"rendered":"<p>Organiqa Balance je komplexn\u00fd rastlinn\u00fd v\u00fd\u017eivov\u00fd doplnok vyvinut\u00fd na prirodzen\u00fa podporu hormon\u00e1lnej rovnov\u00e1hy u \u017eien&#8230; <a href=\"#tab-description\" class=\"more-link\">B\u0151vebben<\/a><\/p>","protected":false},"featured_media":11092,"comment_status":"open","ping_status":"closed","template":"","meta":{"inline_featured_image":false},"product_brand":[],"product_cat":[69],"product_tag":[309,313,311],"class_list":{"0":"post-11090","1":"product","2":"type-product","3":"status-publish","4":"has-post-thumbnail","6":"product_cat-vyzivove-doplnky","7":"product_tag-novinky","8":"product_tag-top-ostatne","9":"product_tag-top-vyzivove-doplnky","11":"first","12":"instock","13":"taxable","14":"shipping-taxable","15":"purchasable","16":"product-type-simple"},"aioseo_notices":[],"_links":{"self":[{"href":"https:\/\/www.biokari.sk\/hu\/wp-json\/wp\/v2\/product\/11090","targetHints":{"allow":["GET"]}}],"collection":[{"href":"https:\/\/www.biokari.sk\/hu\/wp-json\/wp\/v2\/product"}],"about":[{"href":"https:\/\/www.biokari.sk\/hu\/wp-json\/wp\/v2\/types\/product"}],"replies":[{"embeddable":true,"href":"https:\/\/www.biokari.sk\/hu\/wp-json\/wp\/v2\/comments?post=11090"}],"wp:featuredmedia":[{"embeddable":true,"href":"https:\/\/www.biokari.sk\/hu\/wp-json\/wp\/v2\/media\/11092"}],"wp:attachment":[{"href":"https:\/\/www.biokari.sk\/hu\/wp-json\/wp\/v2\/media?parent=11090"}],"wp:term":[{"taxonomy":"product_brand","embeddable":true,"href":"https:\/\/www.biokari.sk\/hu\/wp-json\/wp\/v2\/product_brand?post=11090"},{"taxonomy":"product_cat","embeddable":true,"href":"https:\/\/www.biokari.sk\/hu\/wp-json\/wp\/v2\/product_cat?post=11090"},{"taxonomy":"product_tag","embeddable":true,"href":"https:\/\/www.biokari.sk\/hu\/wp-json\/wp\/v2\/product_tag?post=11090"}],"curies":[{"name":"wp","href":"https:\/\/api.w.org\/{rel}","templated":true}]}}