{"id":11093,"date":"2026-03-21T22:48:17","date_gmt":"2026-03-21T21:48:17","guid":{"rendered":"https:\/\/www.biokari.sk\/produkt\/hymato-huminhair-vlasovy-sampon-250ml\/"},"modified":"2026-04-09T19:02:22","modified_gmt":"2026-04-09T17:02:22","slug":"hymato-huminhair-vlasovy-sampon-250ml","status":"publish","type":"product","link":"https:\/\/www.biokari.sk\/hu\/termek\/hymato-huminhair-vlasovy-sampon-250ml\/","title":{"rendered":"Hymato Huminhair Vlasov\u00fd \u0161amp\u00f3n 250ml"},"content":{"rendered":"<p>Such\u00fd vzduch, \u010dast\u00e9 um\u00fdvanie vlasov, styling, stres a environment\u00e1lne za\u0165a\u017eenie \u2013 to s\u00fa ka\u017edodenn\u00e9 vplyvy, ktor\u00e9 m\u00f4\u017eu \u010dasom vies\u0165 k tomu, \u017ee vlasy stratia lesk, za\u010dn\u00fa sa l\u00e1ma\u0165 a d\u00f4jde k naru\u0161eniu rovnov\u00e1hy poko\u017eky hlavy. Huminhair \u2013 regenera\u010dn\u00fd a kondiciona\u010dn\u00fd \u0161amp\u00f3n je pr\u00edrodn\u00e1 kozmetika, ktor\u00fa sme vyvinuli \u0161peci\u00e1lne na obnovu prirodzenej rovnov\u00e1hy vlasov a poko\u017eky hlavy. Jemne \u010dist\u00ed, pri\u010dom podporuje regener\u00e1ciu vlasov\u00fdch vl\u00e1kien a komfort poko\u017eky hlavy. Jeho zlo\u017eenie nep\u00f4sob\u00ed len na povrchu vlasov, ale z\u00e1rove\u0148 ich kondicionuje, vyhladzuje ich povrch, v\u010faka \u010domu p\u00f4sobia upravenej\u0161ie a silnej\u0161ie.<\/p>\n\n\n\n<p><strong>Zlo\u017eenie<\/strong>&nbsp;lute\u00edn, inozitol, extrakt z bacopa monnieri, extrakt z ginkgo biloba, zeaxant\u00edn, acetyl-L-karnit\u00edn, extrakt z panax ginseng, lipozom\u00e1lny vitam\u00edn C, L-argin\u00edn, zinok, hum\u00ednov\u00e9 kyseliny, citikol\u00edn, extrakt z rhodiola rosea, omega-3, koenz\u00fdm Q10, vitam\u00edn B6, vitam\u00edn D3, vitam\u00edn B12, vitam\u00edn A.<\/p>\n\n\n\n<p><strong>Odpor\u00fa\u010dan\u00e9 denn\u00e9 d\u00e1vkovanie<\/strong>&nbsp;denne u\u017e\u00edvajte 1\u20132 kapsuly, najlep\u0161ie pred pr\u00e1cou na po\u010d\u00edta\u010di, u\u010den\u00edm alebo hran\u00edm.<\/p>\n\n\n\n<p><strong>Akt\u00edvne l\u00e1tky v dennej d\u00e1vke (1 kapsula) NRV %<\/strong>&nbsp;inozitol 100 mg, bacopa monnieri 70 mg, ginkgo biloba 60 mg, acetyl-L-karnit\u00edn 50 mg, panax ginseng 45 mg, argin\u00edn 40 mg, lipozom\u00e1lny vitam\u00edn C 40 mg (50 %), hum\u00ednov\u00e9 kyseliny 30 mg, citikol\u00edn 25 mg, rhodiola rosea 20 mg, omega-3 15 mg, koenz\u00fdm Q10 10 mg, zinok 10 mg (100 %), lute\u00edn 5 mg, zeaxant\u00edn 5 mg, vitam\u00edn B6 2 mg (143 %), vitam\u00edn A 100 \u03bcg (13 %), vitam\u00edn B12 5 \u03bcg (160 %), vitam\u00edn D3 5 \u03bcg \/ 1000 IU (100 %).<\/p>\n\n\n\n<p><strong>NRV %<\/strong>&nbsp;referen\u010dn\u00e1 v\u00fd\u017eivov\u00e1 hodnota pre dospel\u00fdch, pri niektor\u00fdch l\u00e1tkach nie je stanoven\u00e1.<\/p>\n\n\n\n<p><strong>Pre\u010do si vybra\u0165 Huminhair \u0161amp\u00f3n<\/strong>&nbsp;kr\u00e1sne vlasy nie s\u00fa len estetickou ot\u00e1zkou \u2013 zdrav\u00e1 poko\u017eka hlavy a spr\u00e1vna starostlivos\u0165 s\u00fa z\u00e1kladom. Huminhair poskytuje komplexn\u00fa podporu, jemne a d\u00f4kladne \u010dist\u00ed vlasy a poko\u017eku hlavy, podporuje regener\u00e1ciu a kondicionovanie vlasov, zlep\u0161uje hebkos\u0165, lesk a upravite\u013enos\u0165 vlasov a je vhodn\u00fd aj na ka\u017edodenn\u00e9 pou\u017eitie v\u010faka svojmu pr\u00edrodn\u00e9mu zlo\u017eeniu. Huminhair probl\u00e9m nezakr\u00fdva, ale podporuje prirodzen\u00e9 fungovanie vlasov.<\/p>\n\n\n\n<p><strong>Pr\u00edrodn\u00e9 zlo\u017eenie a vedom\u00e1 starostlivos\u0165 o vlasy<\/strong>&nbsp;formula \u0161amp\u00f3nu bola navrhnut\u00e1 tak, aby po\u010das \u010distenia p\u00f4sobila \u0161etrne a z\u00e1rove\u0148 re\u0161pektovala komfort poko\u017eky hlavy. Pr\u00edrodn\u00e9 zlo\u017eky pom\u00e1haj\u00fa udr\u017eiava\u0165 hydrat\u00e1ciu poko\u017eky hlavy, zni\u017euj\u00fa vysu\u0161ovanie vlasov a ich l\u00e1manie.<\/p>\n\n\n\n<p><strong>Pri pravidelnom pou\u017e\u00edvan\u00ed s\u00fa vlasy<\/strong>&nbsp;pru\u017enej\u0161ie, \u013eah\u0161ie roz\u010desate\u013en\u00e9, z\u00edskavaj\u00fa prirodzen\u00fd lesk a s\u00fa menej such\u00e9 a bez \u017eivota.<\/p>\n\n\n\n<p><strong>Regener\u00e1cia a kondicionovanie v jednom kroku<\/strong>&nbsp;\u0161amp\u00f3n nielen \u010dist\u00ed, ale v\u010faka svojmu kondiciona\u010dn\u00e9mu \u00fa\u010dinku vyhladzuje vlasov\u00e9 vl\u00e1kna, \u010d\u00edm s\u00fa vlasy po umyt\u00ed jemnej\u0161ie, upravenej\u0161ie a \u013eah\u0161ie tvarovate\u013en\u00e9 bez za\u0165a\u017eenia \u00fa\u010desu.<\/p>\n\n\n\n<p><strong>Obzvl\u00e1\u0161\u0165 vhodn\u00e9 pre<\/strong>&nbsp;such\u00e9 a nam\u00e1han\u00e9 vlasy, \u010dast\u00e9 um\u00fdvanie vlasov, matn\u00e9 a bezlesk\u00e9 vlasy a aj pre citliv\u00fa poko\u017eku hlavy.<\/p>\n\n\n\n<p><strong>Pre koho je Huminhair \u0161amp\u00f3n ur\u010den\u00fd<\/strong>&nbsp;pre t\u00fdch, ktor\u00ed h\u013eadaj\u00fa pr\u00edrodn\u00fa kozmetiku na ka\u017edodenn\u00fa starostlivos\u0165 o vlasy, chc\u00fa obnovi\u0165 prirodzen\u00fd lesk a hebkos\u0165 vlasov, maj\u00fa such\u00e9, l\u00e1mav\u00e9 alebo \u0165a\u017eko upravite\u013en\u00e9 vlasy a pre t\u00fdch, ktor\u00ed pova\u017euj\u00fa za d\u00f4le\u017eit\u00fa aj rovnov\u00e1hu poko\u017eky hlavy, nielen vzh\u013ead vlasov.<\/p>\n\n\n\n<p>Objem: 250ml<\/p>\n\n\n\n<p><\/p>","protected":false},"excerpt":{"rendered":"<p>Such\u00fd vzduch, \u010dast\u00e9 um\u00fdvanie vlasov, styling, stres a environment\u00e1lne za\u0165a\u017eenie \u2013 to s\u00fa ka\u017edodenn\u00e9 vplyvy&#8230; <a href=\"#tab-description\" class=\"more-link\">B\u0151vebben<\/a><\/p>","protected":false},"featured_media":11095,"comment_status":"open","ping_status":"closed","template":"","meta":{"inline_featured_image":false},"product_brand":[341],"product_cat":[249,19],"product_tag":[],"class_list":{"0":"post-11093","1":"product","2":"type-product","3":"status-publish","4":"has-post-thumbnail","6":"product_brand-hymato","7":"product_cat-kozmeticke-vyrobky","8":"product_cat-ostatne","10":"first","11":"instock","12":"taxable","13":"shipping-taxable","14":"purchasable","15":"product-type-simple"},"aioseo_notices":[],"_links":{"self":[{"href":"https:\/\/www.biokari.sk\/hu\/wp-json\/wp\/v2\/product\/11093","targetHints":{"allow":["GET"]}}],"collection":[{"href":"https:\/\/www.biokari.sk\/hu\/wp-json\/wp\/v2\/product"}],"about":[{"href":"https:\/\/www.biokari.sk\/hu\/wp-json\/wp\/v2\/types\/product"}],"replies":[{"embeddable":true,"href":"https:\/\/www.biokari.sk\/hu\/wp-json\/wp\/v2\/comments?post=11093"}],"wp:featuredmedia":[{"embeddable":true,"href":"https:\/\/www.biokari.sk\/hu\/wp-json\/wp\/v2\/media\/11095"}],"wp:attachment":[{"href":"https:\/\/www.biokari.sk\/hu\/wp-json\/wp\/v2\/media?parent=11093"}],"wp:term":[{"taxonomy":"product_brand","embeddable":true,"href":"https:\/\/www.biokari.sk\/hu\/wp-json\/wp\/v2\/product_brand?post=11093"},{"taxonomy":"product_cat","embeddable":true,"href":"https:\/\/www.biokari.sk\/hu\/wp-json\/wp\/v2\/product_cat?post=11093"},{"taxonomy":"product_tag","embeddable":true,"href":"https:\/\/www.biokari.sk\/hu\/wp-json\/wp\/v2\/product_tag?post=11093"}],"curies":[{"name":"wp","href":"https:\/\/api.w.org\/{rel}","templated":true}]}}