{"id":11099,"date":"2026-03-23T22:46:26","date_gmt":"2026-03-23T21:46:26","guid":{"rendered":"https:\/\/www.biokari.sk\/produkt\/hymato-vlakninovy-prasok-na-travenie-300g\/"},"modified":"2026-04-23T19:01:20","modified_gmt":"2026-04-23T17:01:20","slug":"hymato-vlakninovy-prasok-na-travenie-300g","status":"publish","type":"product","link":"https:\/\/www.biokari.sk\/hu\/termek\/hymato-vlakninovy-prasok-na-travenie-300g\/","title":{"rendered":"Hymato Vl\u00e1kninov\u00fd pr\u00e1\u0161ok na tr\u00e1venie 300g"},"content":{"rendered":"<p><strong>\u00d6sszet\u00e9tel:<\/strong>&nbsp;Ak\u00e1ciov\u00e1 vl\u00e1knina, fermentovan\u00e9 kl\u00ed\u010dky \u013eanu, fermentovan\u00e9 kl\u00ed\u010dky konope, psyllium (\u0161upky semien skorocelu), malinov\u00fd pr\u00e1\u0161ok, vitam\u00edn C (kyselina L-askorbov\u00e1), malinov\u00e1 ar\u00f3ma, glukoman\u00e1n (konjac), extrakt z bazy \u010diernej, extrakt zo st\u00e9vie.<\/p>\n\n\n\n<p><strong>Aj\u00e1nlott adagol\u00e1s:<\/strong>&nbsp;1 polievkov\u00e1 ly\u017eica denne, rozmie\u0161an\u00e1 v 1\u20133 dl tekutiny pred jedlom. Z ekologick\u00fdch a hygienick\u00fdch d\u00f4vodov nie je s\u00fa\u010das\u0165ou balenia odmerka. Odpor\u00fa\u010dame odobra\u0165 denn\u00fa d\u00e1vku zarovnanou polievkovou ly\u017eicou a po pou\u017eit\u00ed ly\u017eicu umy\u0165.<\/p>\n\n\n\n<p><strong>Alkalmaz\u00e1s:<\/strong>&nbsp;Denn\u00fa d\u00e1vku rozmie\u0161ajte vo vode, ovocnej \u0161\u0165ave, jogurte alebo kef\u00edre. Po rozmie\u0161an\u00ed produkt r\u00fdchlo hustne, preto sa odpor\u00fa\u010da skonzumova\u0165 ho bezprostredne po pr\u00edprave.<\/p>\n\n\n\n<p><strong>T\u00e1rol\u00e1s:<\/strong>&nbsp;Uchov\u00e1vajte na suchom, chladnom mieste, chr\u00e1nen\u00e9 pred svetlom.<\/p>\n\n\n\n<p><strong>Akt\u00edv \u00f6sszetev\u0151k:<\/strong><br>Glukoman\u00e1n (konjac) ako prebiotick\u00e1 vl\u00e1knina podporuje rast prospe\u0161nej \u010drevnej mikrofl\u00f3ry a napom\u00e1ha obnoveniu jej rovnov\u00e1hy. M\u00f4\u017ee stimulova\u0165 rozmno\u017eovanie prospe\u0161n\u00fdch bakt\u00e9ri\u00ed v hrubom \u010dreve. Ak\u00e1ciov\u00e1 vl\u00e1knina prispieva k norm\u00e1lnej funkcii tr\u00e1viaceho syst\u00e9mu. Fermentovan\u00e9 konopn\u00e9 semienka s\u00fa zn\u00e1me ako&nbsp;<strong>SUPERFOOD koncentr\u00e1t<\/strong>. Fermentovan\u00fd \u013ean je bohat\u00fd na omega-3 mastn\u00e9 kyseliny a patr\u00ed medzi&nbsp;<strong>SUPERFOOD<\/strong>. Psyllium v\u010faka vysok\u00e9mu obsahu vl\u00e1kniny podporuje pocit s\u00fdtosti. Odpor\u00fa\u010da sa kombinova\u0165 aj s potravinami obsahuj\u00facimi \u017eiv\u00e9 kult\u00fary (probiotik\u00e1) a fermentovan\u00fdmi potravinami pre podporu rovnov\u00e1hy \u010drevnej mikrofl\u00f3ry.<\/p>\n\n\n\n<p><strong>Figyelmeztet\u00e9s:<\/strong> <br>V\u00fd\u017eivov\u00fd doplnok nenahr\u00e1dza pestr\u00fa stravu a zdrav\u00fd \u017eivotn\u00fd \u0161t\u00fdl. Uchov\u00e1vajte mimo dosahu det\u00ed. \u010cas\u0165 vl\u00e1kniny sa nemus\u00ed \u00faplne rozpusti\u0165, preto n\u00e1poj po zamie\u0161an\u00ed ihne\u010f vypite. Neprekra\u010dujte odpor\u00fa\u010dan\u00fa denn\u00fa d\u00e1vku.\u00a0<strong>Bez cukru, bez lepku, bez lakt\u00f3zy, veg\u00e1nsky, bez konzerva\u010dn\u00fdch l\u00e1tok.<\/strong><\/p>\n\n\n\n<p><strong>V\u00fdrobca:<\/strong>&nbsp;Hymato Products Kft.<br><strong>Csomagol\u00e1s:<\/strong>&nbsp;300 g<\/p>\n\n\n\n<p><\/p>","protected":false},"excerpt":{"rendered":"<p>Glukoman\u00e1n (konjac) ako prebiotick\u00e1 vl\u00e1knina podporuje rast prospe\u0161nej \u010drevnej mikrofl\u00f3ry a napom\u00e1ha obnoveniu jej rovnov\u00e1hy&#8230;. <a href=\"#tab-description\" class=\"more-link\">B\u0151vebben<\/a><\/p>","protected":false},"featured_media":11100,"comment_status":"open","ping_status":"closed","template":"","meta":{"inline_featured_image":false},"product_brand":[341],"product_cat":[69,143],"product_tag":[309,313,311],"class_list":{"0":"post-11099","1":"product","2":"type-product","3":"status-publish","4":"has-post-thumbnail","6":"product_brand-hymato","7":"product_cat-vyzivove-doplnky","8":"product_cat-zaludok-a-crevna-cinnost","9":"product_tag-novinky","10":"product_tag-top-ostatne","11":"product_tag-top-vyzivove-doplnky","13":"first","14":"instock","15":"taxable","16":"shipping-taxable","17":"purchasable","18":"product-type-simple"},"aioseo_notices":[],"_links":{"self":[{"href":"https:\/\/www.biokari.sk\/hu\/wp-json\/wp\/v2\/product\/11099","targetHints":{"allow":["GET"]}}],"collection":[{"href":"https:\/\/www.biokari.sk\/hu\/wp-json\/wp\/v2\/product"}],"about":[{"href":"https:\/\/www.biokari.sk\/hu\/wp-json\/wp\/v2\/types\/product"}],"replies":[{"embeddable":true,"href":"https:\/\/www.biokari.sk\/hu\/wp-json\/wp\/v2\/comments?post=11099"}],"wp:featuredmedia":[{"embeddable":true,"href":"https:\/\/www.biokari.sk\/hu\/wp-json\/wp\/v2\/media\/11100"}],"wp:attachment":[{"href":"https:\/\/www.biokari.sk\/hu\/wp-json\/wp\/v2\/media?parent=11099"}],"wp:term":[{"taxonomy":"product_brand","embeddable":true,"href":"https:\/\/www.biokari.sk\/hu\/wp-json\/wp\/v2\/product_brand?post=11099"},{"taxonomy":"product_cat","embeddable":true,"href":"https:\/\/www.biokari.sk\/hu\/wp-json\/wp\/v2\/product_cat?post=11099"},{"taxonomy":"product_tag","embeddable":true,"href":"https:\/\/www.biokari.sk\/hu\/wp-json\/wp\/v2\/product_tag?post=11099"}],"curies":[{"name":"wp","href":"https:\/\/api.w.org\/{rel}","templated":true}]}}