{"id":11109,"date":"2026-03-23T23:16:45","date_gmt":"2026-03-23T22:16:45","guid":{"rendered":"https:\/\/www.biokari.sk\/produkt\/herbaria-mata-prieporna-25ks\/"},"modified":"2026-04-16T19:03:42","modified_gmt":"2026-04-16T17:03:42","slug":"herbaria-mata-prieporna-25ks","status":"publish","type":"product","link":"https:\/\/www.biokari.sk\/hu\/termek\/herbaria-mata-prieporna-25ks\/","title":{"rendered":"Herb\u00e1ria M\u00e4ta prieporn\u00e1 25ks"},"content":{"rendered":"<p><strong>Kontrolovan\u00e1 kvalita.<\/strong>&nbsp;Produkt je vhodn\u00fd pri tr\u00e1viacich probl\u00e9moch, nad\u00favan\u00ed a \u017eal\u00fado\u010dn\u00fdch \u0165a\u017ekostiach.&nbsp;<em>Zdroj: ESCOP Monographs.<\/em><\/p>\n\n\n\n<p><strong>Alkalmaz\u00e1s:<\/strong>&nbsp;1 filtra\u010dn\u00e9 vrec\u00fa\u0161ko vlo\u017ete do \u0161\u00e1lky a zalejte 1,5 dl vriacej vody. N\u00e1lev prikryte a nechajte l\u00fahova\u0165 5\u20138 min\u00fat, n\u00e1sledne dochu\u0165te pod\u013ea chuti a skonzumujte. M\u00e4ta pieporn\u00e1 je lie\u010div\u00e1 rastlina s k\u0155\u010dom uvo\u013e\u0148uj\u00facimi a antibakteri\u00e1lnymi \u00fa\u010dinkami.<\/p>\n\n\n\n<p><strong>Csomagol\u00e1s:<\/strong>&nbsp;25 ks<\/p>\n\n\n\n<p><\/p>","protected":false},"excerpt":{"rendered":"<p>Kontrolovan\u00e1 kvalita.\u00a0Produkt je vhodn\u00fd pri tr\u00e1viacich probl\u00e9moch, nad\u00favan\u00ed a \u017eal\u00fado\u010dn\u00fdch \u0165a\u017ekostiach.\u00a0Zdroj: ESCOP Monographs&#8230;. <a href=\"#tab-description\" class=\"more-link\">B\u0151vebben<\/a><\/p>","protected":false},"featured_media":11111,"comment_status":"open","ping_status":"closed","template":"","meta":{"inline_featured_image":false},"product_brand":[342],"product_cat":[148,152,19],"product_tag":[],"class_list":{"0":"post-11109","1":"product","2":"type-product","3":"status-publish","4":"has-post-thumbnail","6":"product_brand-herbaria","7":"product_cat-liecive-rastliny","8":"product_cat-zaludok-a-crevna-cinnost-liecive-rastliny","9":"product_cat-ostatne","11":"first","12":"instock","13":"taxable","14":"shipping-taxable","15":"purchasable","16":"product-type-simple"},"aioseo_notices":[],"_links":{"self":[{"href":"https:\/\/www.biokari.sk\/hu\/wp-json\/wp\/v2\/product\/11109","targetHints":{"allow":["GET"]}}],"collection":[{"href":"https:\/\/www.biokari.sk\/hu\/wp-json\/wp\/v2\/product"}],"about":[{"href":"https:\/\/www.biokari.sk\/hu\/wp-json\/wp\/v2\/types\/product"}],"replies":[{"embeddable":true,"href":"https:\/\/www.biokari.sk\/hu\/wp-json\/wp\/v2\/comments?post=11109"}],"wp:featuredmedia":[{"embeddable":true,"href":"https:\/\/www.biokari.sk\/hu\/wp-json\/wp\/v2\/media\/11111"}],"wp:attachment":[{"href":"https:\/\/www.biokari.sk\/hu\/wp-json\/wp\/v2\/media?parent=11109"}],"wp:term":[{"taxonomy":"product_brand","embeddable":true,"href":"https:\/\/www.biokari.sk\/hu\/wp-json\/wp\/v2\/product_brand?post=11109"},{"taxonomy":"product_cat","embeddable":true,"href":"https:\/\/www.biokari.sk\/hu\/wp-json\/wp\/v2\/product_cat?post=11109"},{"taxonomy":"product_tag","embeddable":true,"href":"https:\/\/www.biokari.sk\/hu\/wp-json\/wp\/v2\/product_tag?post=11109"}],"curies":[{"name":"wp","href":"https:\/\/api.w.org\/{rel}","templated":true}]}}