{"id":11211,"date":"2026-03-30T22:48:11","date_gmt":"2026-03-30T20:48:11","guid":{"rendered":"https:\/\/www.biokari.sk\/produkt\/cerbona-bezlepkovy-cokoladovo-visnovy-musli-35g\/"},"modified":"2026-04-15T19:02:43","modified_gmt":"2026-04-15T17:02:43","slug":"cerbona-bezlepkovy-cokoladovo-visnovy-musli-35g","status":"publish","type":"product","link":"https:\/\/www.biokari.sk\/hu\/termek\/cerbona-bezlepkovy-cokoladovo-visnovy-musli-35g\/","title":{"rendered":"Cerbona Bezlepkov\u00fd \u010dokol\u00e1dovo-vi\u0161\u0148ov\u00fd musli 35g"},"content":{"rendered":"<p><strong>Bezlepkov\u00e1 m\u00fcsli ty\u010dinka s \u010dokol\u00e1dou a vi\u0161\u0148ami<\/strong>&nbsp;je chutn\u00e1 a praktick\u00e1 desiata, ktor\u00fa si m\u00f4\u017eete vychutna\u0165 kdeko\u013evek po\u010das d\u0148a. Je vyroben\u00e1 z kukurice a poh\u00e1nky, ktor\u00e9 s\u00fa prirodzene&nbsp;<strong>bezlepkov\u00e9<\/strong>, a doplnen\u00e1 o&nbsp;<strong>k\u00fasky vi\u0161n\u00ed a \u010dokol\u00e1du<\/strong>, \u010d\u00edm pon\u00faka harmonick\u00fa kombin\u00e1ciu sladkej a jemne kyslej chuti. V\u010faka svojmu zlo\u017eeniu predstavuje&nbsp;<strong>zdroj vl\u00e1kniny<\/strong>&nbsp;a je vhodnou s\u00fa\u010das\u0165ou vyv\u00e1\u017een\u00e9ho stravovania. Na jej v\u00fdrobu sa pou\u017e\u00edvaj\u00fa&nbsp;<strong>lakt\u00f3zovo neobsahuj\u00face suroviny<\/strong>, pri\u010dom ty\u010dinku si m\u00f4\u017eete jednoducho vzia\u0165 so sebou a vychutna\u0165 kdeko\u013evek.<\/p>\n\n\n\n<p><strong>\u00d6sszet\u00e9tel:<\/strong>&nbsp;extrudovan\u00e9 obiln\u00e9 vlo\u010dky (kukuri\u010dn\u00e1 krupica, cukor, kakaov\u00fd pr\u00e1\u0161ok), gluk\u00f3zo-frukt\u00f3zov\u00fd sirup, su\u0161en\u00e9 k\u00fasky vi\u0161n\u00ed 8,5 % (vi\u0161ne 85 %, dextr\u00f3za), cukor, ara\u0161idy, rastlinn\u00fd tuk (palmov\u00fd), gluk\u00f3zov\u00fd sirup, poh\u00e1nkov\u00e9 vlo\u010dky 2,5 %, maltodextr\u00edn, hrozienka, n\u00edzkotu\u010dn\u00fd kakaov\u00fd pr\u00e1\u0161ok, \u010dokol\u00e1da 1,5 % (kakaov\u00e1 hmota, cukor, n\u00edzkotu\u010dn\u00fd kakaov\u00fd pr\u00e1\u0161ok, emulg\u00e1tor: s\u00f3jov\u00e9 lecit\u00edny, ar\u00f3ma), zvlh\u010dovadlo: sorbitol, emulg\u00e1tor: s\u00f3jov\u00e9 lecit\u00edny, farbivo: karamel, ar\u00f3my.<\/p>\n\n\n\n<p><strong>Figyelmeztet\u00e9s:<\/strong>&nbsp;v\u00fdrobok m\u00f4\u017ee obsahova\u0165&nbsp;<strong>orechy, sezamov\u00e9 semen\u00e1 a mlie\u010dne bielkoviny<\/strong>.<\/p>\n\n\n\n<p><strong>V\u00fd\u017eivov\u00e9 hodnoty v 100 g:<\/strong>&nbsp;energia&nbsp;<strong>1755 kJ \/ 417 kcal<\/strong>, tuky&nbsp;<strong>12,8 g<\/strong>, z toho nas\u00fdten\u00e9 mastn\u00e9 kyseliny&nbsp;<strong>4,8 g<\/strong>, sacharidy&nbsp;<strong>68,5 g<\/strong>, z toho cukry&nbsp;<strong>32,0 g<\/strong>, vl\u00e1knina&nbsp;<strong>3,3 g<\/strong>, bielkoviny&nbsp;<strong>5,5 g<\/strong>, so\u013e&nbsp;<strong>0,04 g<\/strong>.<\/p>\n\n\n\n<p><strong>Csomagol\u00e1s:<\/strong>&nbsp;<strong>35 g<\/strong><\/p>\n\n\n\n<p><\/p>","protected":false},"excerpt":{"rendered":"<p>Bezlepkov\u00e1 m\u00fcsli ty\u010dinka s \u010dokol\u00e1dou a vi\u0161\u0148ami\u00a0je chutn\u00e1 a praktick\u00e1 desiata, ktor\u00fa si m\u00f4\u017eete vychutna\u0165 kdeko\u013evek po\u010das d\u0148a. Je vyroben\u00e1 z kukurice a poh\u00e1nky,&#8230; <a href=\"#tab-description\" class=\"more-link\">B\u0151vebben<\/a><\/p>","protected":false},"featured_media":11209,"comment_status":"open","ping_status":"closed","template":"","meta":{"inline_featured_image":false},"product_brand":[],"product_cat":[71,174,178],"product_tag":[280,312,281],"class_list":{"0":"post-11211","1":"product","2":"type-product","3":"status-publish","4":"has-post-thumbnail","6":"product_cat-potraviny","7":"product_cat-maskrty","8":"product_cat-sladke-maskrty","9":"product_tag-bezglutenove","10":"product_tag-top-potraviny","11":"product_tag-veganske","13":"first","14":"instock","15":"taxable","16":"shipping-taxable","17":"purchasable","18":"product-type-simple"},"aioseo_notices":[],"_links":{"self":[{"href":"https:\/\/www.biokari.sk\/hu\/wp-json\/wp\/v2\/product\/11211","targetHints":{"allow":["GET"]}}],"collection":[{"href":"https:\/\/www.biokari.sk\/hu\/wp-json\/wp\/v2\/product"}],"about":[{"href":"https:\/\/www.biokari.sk\/hu\/wp-json\/wp\/v2\/types\/product"}],"replies":[{"embeddable":true,"href":"https:\/\/www.biokari.sk\/hu\/wp-json\/wp\/v2\/comments?post=11211"}],"wp:featuredmedia":[{"embeddable":true,"href":"https:\/\/www.biokari.sk\/hu\/wp-json\/wp\/v2\/media\/11209"}],"wp:attachment":[{"href":"https:\/\/www.biokari.sk\/hu\/wp-json\/wp\/v2\/media?parent=11211"}],"wp:term":[{"taxonomy":"product_brand","embeddable":true,"href":"https:\/\/www.biokari.sk\/hu\/wp-json\/wp\/v2\/product_brand?post=11211"},{"taxonomy":"product_cat","embeddable":true,"href":"https:\/\/www.biokari.sk\/hu\/wp-json\/wp\/v2\/product_cat?post=11211"},{"taxonomy":"product_tag","embeddable":true,"href":"https:\/\/www.biokari.sk\/hu\/wp-json\/wp\/v2\/product_tag?post=11211"}],"curies":[{"name":"wp","href":"https:\/\/api.w.org\/{rel}","templated":true}]}}