{"id":11216,"date":"2026-03-30T22:58:27","date_gmt":"2026-03-30T20:58:27","guid":{"rendered":"https:\/\/www.biokari.sk\/produkt\/natura-muka-z-ovsenych-vlociek-1000g\/"},"modified":"2026-04-23T19:01:15","modified_gmt":"2026-04-23T17:01:15","slug":"natura-muka-z-ovsenych-vlociek-1000g","status":"publish","type":"product","link":"https:\/\/www.biokari.sk\/hu\/termek\/natura-muka-z-ovsenych-vlociek-1000g\/","title":{"rendered":"Natura M\u00faka z ovsen\u00fdch vlo\u010diek 1000g"},"content":{"rendered":"<p><strong>Ovsen\u00e9 vlo\u010dky<\/strong>&nbsp;s\u00fa prirodzen\u00fdm zdrojom energie a predstavuj\u00fa v\u0161estrann\u00fa surovinu vhodn\u00fa do ka\u017edodenn\u00e9ho jed\u00e1lni\u010dka. Poch\u00e1dzaj\u00fa zo Slovenska a vynikaj\u00fa svoj\u00edm&nbsp;<strong>vyv\u00e1\u017een\u00fdm nutri\u010dn\u00fdm profilom<\/strong>, obsahom&nbsp;<strong>bielkov\u00edn a komplexn\u00fdch sacharidov<\/strong>. V\u010faka n\u00edzkemu obsahu cukru a soli s\u00fa vhodn\u00e9 pre zdrav\u00fd \u017eivotn\u00fd \u0161t\u00fdl a r\u00f4zne formy racion\u00e1lneho stravovania.<\/p>\n\n\n\n<p><strong>\u00d6sszet\u00e9tel:<\/strong>\u00a0ovsen\u00e9 vlo\u010dky<\/p>\n\n\n\n<p><strong>Allerg\u00e9nek:<\/strong>&nbsp;obsahuje&nbsp;<strong>lepok<\/strong>.<\/p>\n\n\n\n<p><strong>V\u00fd\u017eivov\u00e9 hodnoty v 100 g:<\/strong>&nbsp;energia&nbsp;<strong>1699 kJ \/ 402 kcal<\/strong>, tuky&nbsp;<strong>7,6 g<\/strong>, z toho nas\u00fdten\u00e9 mastn\u00e9 kyseliny&nbsp;<strong>1,46 g<\/strong>, sacharidy&nbsp;<strong>71,0 g<\/strong>, z toho cukry&nbsp;<strong>1,5 g<\/strong>, bielkoviny&nbsp;<strong>12,4 g<\/strong>, so\u013e&nbsp;<strong>0,001 g<\/strong>.<\/p>\n\n\n\n<p><strong>Alkalmaz\u00e1s:<\/strong>&nbsp;vhodn\u00e9 na pr\u00edpravu&nbsp;<strong>pudingov, kr\u00e9mov<\/strong>, na&nbsp;<strong>zahus\u0165ovanie jed\u00e1l<\/strong>&nbsp;alebo na pe\u010denie&nbsp;<strong>ploch\u00e9ho chleba a \u010fal\u0161\u00edch dom\u00e1cich receptov<\/strong>.<\/p>\n\n\n\n<p><strong>T\u00e1rol\u00e1s:<\/strong>&nbsp;uchov\u00e1vajte na&nbsp;<strong>suchom a chladnom mieste<\/strong>.<\/p>\n\n\n\n<p><strong>Krajina p\u00f4vodu:<\/strong>&nbsp;<strong>Ma\u010farsko (dom\u00e1ce spracovanie)<\/strong>.<\/p>","protected":false},"excerpt":{"rendered":"<p>Ovsen\u00e9 vlo\u010dky\u00a0s\u00fa prirodzen\u00fdm zdrojom energie a predstavuj\u00fa v\u0161estrann\u00fa surovinu vhodn\u00fa do ka\u017edodenn\u00e9ho jed\u00e1lni\u010dka. Poch\u00e1dzaj\u00fa zo Slovenska a vynikaj\u00fa svoj\u00edm&#8230; <a href=\"#tab-description\" class=\"more-link\">B\u0151vebben<\/a><\/p>","protected":false},"featured_media":11218,"comment_status":"open","ping_status":"closed","template":"","meta":{"inline_featured_image":false},"product_brand":[],"product_cat":[332,71,166],"product_tag":[],"class_list":{"0":"post-11216","1":"product","2":"type-product","3":"status-publish","4":"has-post-thumbnail","6":"product_cat-muky-a-melivo","7":"product_cat-potraviny","8":"product_cat-muky","10":"first","11":"instock","12":"taxable","13":"shipping-taxable","14":"purchasable","15":"product-type-simple"},"aioseo_notices":[],"_links":{"self":[{"href":"https:\/\/www.biokari.sk\/hu\/wp-json\/wp\/v2\/product\/11216","targetHints":{"allow":["GET"]}}],"collection":[{"href":"https:\/\/www.biokari.sk\/hu\/wp-json\/wp\/v2\/product"}],"about":[{"href":"https:\/\/www.biokari.sk\/hu\/wp-json\/wp\/v2\/types\/product"}],"replies":[{"embeddable":true,"href":"https:\/\/www.biokari.sk\/hu\/wp-json\/wp\/v2\/comments?post=11216"}],"wp:featuredmedia":[{"embeddable":true,"href":"https:\/\/www.biokari.sk\/hu\/wp-json\/wp\/v2\/media\/11218"}],"wp:attachment":[{"href":"https:\/\/www.biokari.sk\/hu\/wp-json\/wp\/v2\/media?parent=11216"}],"wp:term":[{"taxonomy":"product_brand","embeddable":true,"href":"https:\/\/www.biokari.sk\/hu\/wp-json\/wp\/v2\/product_brand?post=11216"},{"taxonomy":"product_cat","embeddable":true,"href":"https:\/\/www.biokari.sk\/hu\/wp-json\/wp\/v2\/product_cat?post=11216"},{"taxonomy":"product_tag","embeddable":true,"href":"https:\/\/www.biokari.sk\/hu\/wp-json\/wp\/v2\/product_tag?post=11216"}],"curies":[{"name":"wp","href":"https:\/\/api.w.org\/{rel}","templated":true}]}}