{"id":11234,"date":"2026-03-30T23:32:26","date_gmt":"2026-03-30T21:32:26","guid":{"rendered":"https:\/\/www.biokari.sk\/produkt\/moo-free-cokoladovy-vajec-15g\/"},"modified":"2026-04-02T19:03:28","modified_gmt":"2026-04-02T17:03:28","slug":"moo-free-cokoladovy-vajec-15g","status":"publish","type":"product","link":"https:\/\/www.biokari.sk\/hu\/termek\/moo-free-cokoladovy-vajec-15g\/","title":{"rendered":"Moo free \u010cokol\u00e1dov\u00fd vajec 15g"},"content":{"rendered":"<p><strong>Moo Free bezmlie\u010dna ve\u013ekono\u010dn\u00e1 ty\u010dinka v tvare vaj\u00ed\u010dka<\/strong>&nbsp;je lahodn\u00e1 veg\u00e1nska \u010dokol\u00e1dov\u00e1 poch\u00fa\u0165ka, ide\u00e1lna ako sladk\u00e1 odmena po\u010das Ve\u013ekej noci pre v\u0161etk\u00fdch, ktor\u00ed preferuj\u00fa&nbsp;<strong>rastlinn\u00fa alebo bezmlie\u010dnu stravu<\/strong>. T\u00e1to \u010dokol\u00e1da je&nbsp;<strong>bez lepku, lakt\u00f3zy aj mlie\u010dnych zlo\u017eiek<\/strong>&nbsp;a je vyroben\u00e1 z kvalitn\u00fdch kakaov\u00fdch b\u00f4bov poch\u00e1dzaj\u00facich z etick\u00fdch zdrojov. Jemn\u00e1, kr\u00e9mov\u00e1 chu\u0165 zaru\u010dene spr\u00edjemn\u00ed sviato\u010dn\u00e9 chv\u00edle, \u010di u\u017e ako dar\u010dek alebo na vlastn\u00e9 pote\u0161enie.<\/p>\n\n\n\n<p>Zna\u010dka Moo Free patr\u00ed medzi popredn\u00fdch v\u00fdrobcov bezmlie\u010dnych a veg\u00e1nskych \u010dokol\u00e1d. Namiesto kravsk\u00e9ho mlieka pou\u017e\u00edva&nbsp;<strong>ry\u017eov\u00e9 zlo\u017eky<\/strong>, v\u010faka \u010domu dosahuje jemn\u00fa \u201emlie\u010dnu\u201c chu\u0165 bez pou\u017eitia \u017eivo\u010d\u00ed\u0161nych surov\u00edn. Produkty s\u00fa vyr\u00e1ban\u00e9 v&nbsp;<strong>bezlepkovom a bezmlie\u010dnom prostred\u00ed<\/strong>&nbsp;a s\u00fa vhodn\u00e9 pre veg\u00e1nov aj vegetari\u00e1nov. Neobsahuj\u00fa&nbsp;<strong>lakt\u00f3zu, kaze\u00edn, s\u00f3ju ani palmov\u00fd olej<\/strong>&nbsp;a s\u00fa balen\u00e9 v ekologick\u00fdch obaloch.<\/p>\n\n\n\n<p><strong>\u00d6sszet\u00e9tel:<\/strong>&nbsp;cukor, kakaov\u00e1 hmota, bambuck\u00fd olej, ry\u017eov\u00fd sirup, kakaov\u00e9 maslo, ry\u017eov\u00fd \u0161krob, inul\u00edn, ry\u017eov\u00e1 m\u00faka, emulg\u00e1tor: slne\u010dnicov\u00fd lecit\u00edn.<\/p>\n\n\n\n<p><strong>V\u00fd\u017eivov\u00e9 hodnoty v 100 g:<\/strong>&nbsp;energia&nbsp;<strong>2284 kJ \/ 547 kcal<\/strong>, tuky&nbsp;<strong>31,9 g<\/strong>, z toho nas\u00fdten\u00e9 mastn\u00e9 kyseliny&nbsp;<strong>19,7 g<\/strong>, sacharidy&nbsp;<strong>62,3 g<\/strong>, z toho cukry&nbsp;<strong>42,8 g<\/strong>, bielkoviny&nbsp;<strong>1,6 g<\/strong>, so\u013e&nbsp;<strong>0,02 g<\/strong>.<\/p>\n\n\n\n<p><strong>T\u00e1rol\u00e1s:<\/strong>&nbsp;uchov\u00e1vajte na&nbsp;<strong>suchom a chladnom mieste<\/strong>.<\/p>\n\n\n\n<p>Inform\u00e1cie o produkte sl\u00fa\u017eia na orient\u00e1ciu, v\u017edy sa ria\u010fte \u00fadajmi uveden\u00fdmi priamo na obale.<\/p>","protected":false},"excerpt":{"rendered":"<p>Moo Free bezmlie\u010dna ve\u013ekono\u010dn\u00e1 ty\u010dinka v tvare vaj\u00ed\u010dka\u00a0je lahodn\u00e1 veg\u00e1nska \u010dokol\u00e1dov\u00e1 poch\u00fa\u0165ka, ide\u00e1lna ako sladk\u00e1 odmena po\u010das&#8230; <a href=\"#tab-description\" class=\"more-link\">B\u0151vebben<\/a><\/p>","protected":false},"featured_media":11228,"comment_status":"open","ping_status":"closed","template":"","meta":{"inline_featured_image":false},"product_brand":[],"product_cat":[71,174,178],"product_tag":[280,309,312,281],"class_list":{"0":"post-11234","1":"product","2":"type-product","3":"status-publish","4":"has-post-thumbnail","6":"product_cat-potraviny","7":"product_cat-maskrty","8":"product_cat-sladke-maskrty","9":"product_tag-bezglutenove","10":"product_tag-novinky","11":"product_tag-top-potraviny","12":"product_tag-veganske","14":"first","15":"instock","16":"taxable","17":"shipping-taxable","18":"purchasable","19":"product-type-simple"},"aioseo_notices":[],"_links":{"self":[{"href":"https:\/\/www.biokari.sk\/hu\/wp-json\/wp\/v2\/product\/11234","targetHints":{"allow":["GET"]}}],"collection":[{"href":"https:\/\/www.biokari.sk\/hu\/wp-json\/wp\/v2\/product"}],"about":[{"href":"https:\/\/www.biokari.sk\/hu\/wp-json\/wp\/v2\/types\/product"}],"replies":[{"embeddable":true,"href":"https:\/\/www.biokari.sk\/hu\/wp-json\/wp\/v2\/comments?post=11234"}],"wp:featuredmedia":[{"embeddable":true,"href":"https:\/\/www.biokari.sk\/hu\/wp-json\/wp\/v2\/media\/11228"}],"wp:attachment":[{"href":"https:\/\/www.biokari.sk\/hu\/wp-json\/wp\/v2\/media?parent=11234"}],"wp:term":[{"taxonomy":"product_brand","embeddable":true,"href":"https:\/\/www.biokari.sk\/hu\/wp-json\/wp\/v2\/product_brand?post=11234"},{"taxonomy":"product_cat","embeddable":true,"href":"https:\/\/www.biokari.sk\/hu\/wp-json\/wp\/v2\/product_cat?post=11234"},{"taxonomy":"product_tag","embeddable":true,"href":"https:\/\/www.biokari.sk\/hu\/wp-json\/wp\/v2\/product_tag?post=11234"}],"curies":[{"name":"wp","href":"https:\/\/api.w.org\/{rel}","templated":true}]}}