{"id":11265,"date":"2026-04-01T23:20:59","date_gmt":"2026-04-01T21:20:59","guid":{"rendered":"https:\/\/www.biokari.sk\/produkt\/lorenzo-ryza-na-rizotto-1000g\/"},"modified":"2026-04-01T23:28:28","modified_gmt":"2026-04-01T21:28:28","slug":"lorenzo-ryza-na-rizotto-1000g","status":"publish","type":"product","link":"https:\/\/www.biokari.sk\/hu\/termek\/lorenzo-ryza-na-rizotto-1000g\/","title":{"rendered":"Lorenzo Ry\u017ea na rizotto 1000g"},"content":{"rendered":"<p><strong>Lorenzo ry\u017ea na rizoto \u2013 Arborio<\/strong>&nbsp;je kvalitn\u00e1 kr\u00e1tkozrnn\u00e1 biela ry\u017ea talianskeho typu, ide\u00e1lna na pr\u00edpravu autentick\u00e9ho rizota. V\u010faka svojmu&nbsp;<strong>vysok\u00e9mu obsahu \u0161krobu<\/strong>&nbsp;sa po\u010das varenia men\u00ed na kr\u00e9mov\u00fa konzistenciu a z\u00e1rove\u0148 v\u00fdborne absorbuje chute ostatn\u00fdch ingredienci\u00ed. Je preto perfektn\u00fdm z\u00e1kladom pre&nbsp;<strong>prav\u00e9 talianske rizot\u00e1<\/strong>.<\/p>\n\n\n\n<p><strong>V\u00fd\u017eivov\u00e9 hodnoty v 100 g:<\/strong>&nbsp;energia&nbsp;<strong>1582 kJ \/ 378 kcal<\/strong>, tuky&nbsp;<strong>0,1 g<\/strong>, z toho nas\u00fdten\u00e9 mastn\u00e9 kyseliny&nbsp;<strong>0,0 g<\/strong>, sacharidy&nbsp;<strong>74,9 g<\/strong>, bielkoviny&nbsp;<strong>7,1 g<\/strong>, so\u013e&nbsp;<strong>0,01 g<\/strong>.<\/p>\n\n\n\n<p><strong>El\u0151k\u00e9sz\u00edt\u00e9s:<\/strong>&nbsp;odmerajte ry\u017eu a vodu v pomere&nbsp;<strong>1 : 2<\/strong>, pod\u013ea chuti oso\u013ete, zalejte vodou, kr\u00e1tko premie\u0161ajte a varte pod pokrievkou na miernom ohni&nbsp;<strong>15\u201318 min\u00fat<\/strong>. Hotov\u00fa ry\u017eu m\u00f4\u017eete zmie\u0161a\u0165 s om\u00e1\u010dkami alebo rag\u00fa a pripravi\u0165 tak chutn\u00e9 jedlo.<\/p>\n\n\n\n<p><strong>Csomagol\u00e1s:<\/strong>&nbsp;<strong>1000 g<\/strong><\/p>","protected":false},"excerpt":{"rendered":"<p>&#8230; <a href=\"#tab-description\" class=\"more-link\">B\u0151vebben<\/a><\/p>","protected":false},"featured_media":11266,"comment_status":"open","ping_status":"closed","template":"","meta":{"inline_featured_image":false},"product_brand":[],"product_cat":[71,167],"product_tag":[],"class_list":{"0":"post-11265","1":"product","2":"type-product","3":"status-publish","4":"has-post-thumbnail","6":"product_cat-potraviny","7":"product_cat-prilohy","9":"first","10":"onbackorder","11":"taxable","12":"shipping-taxable","13":"purchasable","14":"product-type-simple"},"aioseo_notices":[],"_links":{"self":[{"href":"https:\/\/www.biokari.sk\/hu\/wp-json\/wp\/v2\/product\/11265","targetHints":{"allow":["GET"]}}],"collection":[{"href":"https:\/\/www.biokari.sk\/hu\/wp-json\/wp\/v2\/product"}],"about":[{"href":"https:\/\/www.biokari.sk\/hu\/wp-json\/wp\/v2\/types\/product"}],"replies":[{"embeddable":true,"href":"https:\/\/www.biokari.sk\/hu\/wp-json\/wp\/v2\/comments?post=11265"}],"wp:featuredmedia":[{"embeddable":true,"href":"https:\/\/www.biokari.sk\/hu\/wp-json\/wp\/v2\/media\/11266"}],"wp:attachment":[{"href":"https:\/\/www.biokari.sk\/hu\/wp-json\/wp\/v2\/media?parent=11265"}],"wp:term":[{"taxonomy":"product_brand","embeddable":true,"href":"https:\/\/www.biokari.sk\/hu\/wp-json\/wp\/v2\/product_brand?post=11265"},{"taxonomy":"product_cat","embeddable":true,"href":"https:\/\/www.biokari.sk\/hu\/wp-json\/wp\/v2\/product_cat?post=11265"},{"taxonomy":"product_tag","embeddable":true,"href":"https:\/\/www.biokari.sk\/hu\/wp-json\/wp\/v2\/product_tag?post=11265"}],"curies":[{"name":"wp","href":"https:\/\/api.w.org\/{rel}","templated":true}]}}