{"id":11277,"date":"2026-04-02T22:26:43","date_gmt":"2026-04-02T20:26:43","guid":{"rendered":"https:\/\/www.biokari.sk\/produkt\/eleskamra-mucna-zmes-na-bielej-chlebicky-200g\/"},"modified":"2026-04-02T22:40:51","modified_gmt":"2026-04-02T20:40:51","slug":"eleskamra-mucna-zmes-na-bielej-chlebicky-200g","status":"publish","type":"product","link":"https:\/\/www.biokari.sk\/hu\/termek\/eleskamra-mucna-zmes-na-bielej-chlebicky-200g\/","title":{"rendered":"\u00c9l\u00e9skamra M\u00fa\u010dn\u00e1 zmes na bielej chleb\u00ed\u010dky 200g"},"content":{"rendered":"<p><strong>Bezlepkov\u00e1 n\u00edzkosacharidov\u00e1 zmes na biely chlieb<\/strong>&nbsp;je ide\u00e1lnou vo\u013ebou pre v\u0161etk\u00fdch, ktor\u00ed h\u013eadaj\u00fa chutn\u00fa alternat\u00edvu ku klasick\u00e9mu pe\u010divu. V\u00fdsledn\u00fd chlieb m\u00e1&nbsp;<strong>jemn\u00fa, nad\u00fdchan\u00fa striedku a chrumkav\u00fa k\u00f4rku<\/strong>, pri\u010dom jeho prirodzen\u00e1 chu\u0165 pr\u00edjemne prekvap\u00ed a m\u00f4\u017ee plnohodnotne nahradi\u0165 p\u0161eni\u010dn\u00fd chlieb. V porovnan\u00ed s be\u017en\u00fdmi bezlepkov\u00fdmi m\u00fakami m\u00e1 pribli\u017ene&nbsp;<strong>o 40 % ni\u017e\u0161\u00ed obsah sacharidov<\/strong>.<\/p>\n\n\n\n<p>Zmes vysta\u010d\u00ed na pr\u00edpravu pribli\u017ene&nbsp;<strong>400 g chleba<\/strong>&nbsp;a je zostaven\u00e1 z vhodne kombinovan\u00fdch paleo m\u00fak, ktor\u00e9 sa navz\u00e1jom dop\u013a\u0148aj\u00fa chu\u0165ou aj konzistenciou. Na pr\u00edpravu sta\u010d\u00ed prida\u0165 len be\u017ene dostupn\u00e9 suroviny. Produkt je vhodn\u00fd aj pre za\u010diato\u010dn\u00edkov alebo pre t\u00fdch, ktor\u00ed chc\u00fa prejs\u0165 na&nbsp;<strong>zdrav\u0161\u00ed sp\u00f4sob stravovania<\/strong>.<\/p>\n\n\n\n<p>V\u010faka vysok\u00e9mu obsahu vl\u00e1kniny m\u00f4\u017ee podpori\u0165&nbsp;<strong>spr\u00e1vne tr\u00e1venie<\/strong>&nbsp;a pom\u00e1ha spoma\u013eova\u0165 vstreb\u00e1vanie sacharidov, \u010do je v\u00fdhodn\u00e9 pre&nbsp;<strong>di\u00e9tuj\u00facich, diabetikov a osoby s inzul\u00ednovou rezistenciou<\/strong>. Zmes je vhodn\u00e1 na pr\u00edpravu r\u00f4znych jed\u00e1l \u2013 od&nbsp;<strong>sendvi\u010dov, toastov a\u017e po pr\u00edlohy k jedl\u00e1m \u010di \u0161al\u00e1tom<\/strong>. Hotov\u00fd chlieb je mo\u017en\u00e9 skladova\u0165 v chladni\u010dke 4\u20135 dn\u00ed alebo ho zamrazi\u0165.<\/p>\n\n\n\n<p><strong>\u00d6sszet\u00e9tel:<\/strong>&nbsp;tapiokov\u00fd \u0161krob, sezamov\u00e1 m\u00faka, m\u00faka zo \u017elt\u00e9ho \u013eanu, bambusov\u00e1 vl\u00e1knina, psyllium (\u0161upky skorocelu), \u013eanov\u00e9 semienka, bezfosf\u00e1tov\u00fd pr\u00e1\u0161ok do pe\u010diva (regul\u00e1tor kyslosti: kyselina v\u00ednna, kypriaca l\u00e1tka: hydrog\u00e9nuhli\u010ditan sodn\u00fd, tapiokov\u00fd \u0161krob), himal\u00e1jska so\u013e.<\/p>\n\n\n\n<p>Produkt neobsahuje&nbsp;<strong>pridan\u00e9 adit\u00edva, farbiv\u00e1, konzervanty ani zv\u00fdraz\u0148ova\u010de chuti<\/strong>. Je&nbsp;<strong>bez lepku, cukru, s\u00f3je, mlieka, kokosu, konjaku a dro\u017edia<\/strong>. Vyroben\u00fd ako slovensk\u00fd\/ma\u010farsk\u00fd remeseln\u00fd produkt.<\/p>\n\n\n\n<p><strong>Allerg\u00e9nek:<\/strong>&nbsp;obsahuje&nbsp;<strong>sezam<\/strong>. Vyroben\u00e9 v z\u00e1vode, kde sa sprac\u00favaj\u00fa aj&nbsp;<strong>orechy<\/strong>.<\/p>\n\n\n\n<p><strong>El\u0151k\u00e9sz\u00edt\u00e9s:<\/strong>&nbsp;zmie\u0161ajte&nbsp;<strong>3 vajcia (M)<\/strong>,&nbsp;<strong>140 ml studenej vody<\/strong>,&nbsp;<strong>10 ml citr\u00f3novej \u0161\u0165avy<\/strong>&nbsp;a&nbsp;<strong>1 PL rozpusten\u00e9ho tuku<\/strong>. Pridajte zmes a premie\u0161ajte (ru\u010dn\u00fdm mix\u00e9rom bude cesto nad\u00fdchanej\u0161ie), nechajte odpo\u010d\u00edva\u0165&nbsp;<strong>20 min\u00fat<\/strong>. Pe\u010dte vo forme alebo vytvarovan\u00fd bochn\u00edk v r\u00fare predhriatej na&nbsp;<strong>200 \u00b0C (20 min\u00fat)<\/strong>, n\u00e1sledne dope\u010dte pri&nbsp;<strong>180 \u00b0C (50 min\u00fat)<\/strong>. Kr\u00e1jajte a\u017e po \u00faplnom vychladnut\u00ed.<\/p>\n\n\n\n<p><strong>T\u00e1rol\u00e1s:<\/strong>&nbsp;uchov\u00e1vajte na&nbsp;<strong>suchom a chladnom mieste<\/strong>.<\/p>\n\n\n\n<p><strong>Csomagol\u00e1s:<\/strong>&nbsp;<strong>200 g<\/strong><\/p>","protected":false},"excerpt":{"rendered":"<p>Bezlepkov\u00e1 n\u00edzkosacharidov\u00e1 zmes na biely chlieb\u00a0je ide\u00e1lnou vo\u013ebou pre v\u0161etk\u00fdch, ktor\u00ed h\u013eadaj\u00fa chutn\u00fa alternat\u00edvu ku klasick\u00e9mu pe\u010di&#8230; <a href=\"#tab-description\" class=\"more-link\">B\u0151vebben<\/a><\/p>","protected":false},"featured_media":11278,"comment_status":"open","ping_status":"closed","template":"","meta":{"inline_featured_image":false},"product_brand":[],"product_cat":[316,71,166],"product_tag":[280,309,312,281],"class_list":{"0":"post-11277","1":"product","2":"type-product","3":"status-publish","4":"has-post-thumbnail","6":"product_cat-bezlepkove-vyrobky","7":"product_cat-potraviny","8":"product_cat-muky","9":"product_tag-bezglutenove","10":"product_tag-novinky","11":"product_tag-top-potraviny","12":"product_tag-veganske","14":"first","15":"onbackorder","16":"taxable","17":"shipping-taxable","18":"purchasable","19":"product-type-simple"},"aioseo_notices":[],"_links":{"self":[{"href":"https:\/\/www.biokari.sk\/hu\/wp-json\/wp\/v2\/product\/11277","targetHints":{"allow":["GET"]}}],"collection":[{"href":"https:\/\/www.biokari.sk\/hu\/wp-json\/wp\/v2\/product"}],"about":[{"href":"https:\/\/www.biokari.sk\/hu\/wp-json\/wp\/v2\/types\/product"}],"replies":[{"embeddable":true,"href":"https:\/\/www.biokari.sk\/hu\/wp-json\/wp\/v2\/comments?post=11277"}],"wp:featuredmedia":[{"embeddable":true,"href":"https:\/\/www.biokari.sk\/hu\/wp-json\/wp\/v2\/media\/11278"}],"wp:attachment":[{"href":"https:\/\/www.biokari.sk\/hu\/wp-json\/wp\/v2\/media?parent=11277"}],"wp:term":[{"taxonomy":"product_brand","embeddable":true,"href":"https:\/\/www.biokari.sk\/hu\/wp-json\/wp\/v2\/product_brand?post=11277"},{"taxonomy":"product_cat","embeddable":true,"href":"https:\/\/www.biokari.sk\/hu\/wp-json\/wp\/v2\/product_cat?post=11277"},{"taxonomy":"product_tag","embeddable":true,"href":"https:\/\/www.biokari.sk\/hu\/wp-json\/wp\/v2\/product_tag?post=11277"}],"curies":[{"name":"wp","href":"https:\/\/api.w.org\/{rel}","templated":true}]}}