{"id":11284,"date":"2026-04-02T23:23:11","date_gmt":"2026-04-02T21:23:11","guid":{"rendered":"https:\/\/www.biokari.sk\/produkt\/eleskamra-kakaovy-pudingovy-prasok-60g\/"},"modified":"2026-04-02T23:27:45","modified_gmt":"2026-04-02T21:27:45","slug":"eleskamra-kakaovy-pudingovy-prasok-60g","status":"publish","type":"product","link":"https:\/\/www.biokari.sk\/hu\/termek\/eleskamra-kakaovy-pudingovy-prasok-60g\/","title":{"rendered":"\u00c9l\u00e9skamra Kakaov\u00fd pudingov\u00fd pr\u00e1\u0161ok 60g"},"content":{"rendered":"<p><strong>Bezlepkov\u00fd n\u00edzkosacharidov\u00fd \u010dokol\u00e1dov\u00fd pudingov\u00fd pr\u00e1\u0161ok (paleo)<\/strong>&nbsp;je ide\u00e1lnou vo\u013ebou pre v\u0161etk\u00fdch, ktor\u00ed t\u00fa\u017eia po skuto\u010dne kr\u00e9movom pudingu bez lepkavej a \u0165ahavej konzistencie. Tento produkt prin\u00e1\u0161a&nbsp;<strong>intenz\u00edvnu \u010dokol\u00e1dov\u00fa chu\u0165<\/strong>, jemn\u00fa kr\u00e9movos\u0165 a z\u00e1rove\u0148 v\u00fd\u017eivovo vyv\u00e1\u017een\u00e9 zlo\u017eenie. V porovnan\u00ed s be\u017en\u00fdmi bezlepkov\u00fdmi pudingmi m\u00e1 pribli\u017ene&nbsp;<strong>o 50 % ni\u017e\u0161\u00ed obsah sacharidov<\/strong>, \u010d\u00edm je vhodn\u00fd aj pre \u0161peci\u00e1lne di\u00e9ty.<\/p>\n\n\n\n<p>Je vhodn\u00fd pre&nbsp;<strong>deti aj dospel\u00fdch<\/strong>, ide\u00e1lny doma, po\u010das dovolenky alebo ke\u010f potrebujete r\u00fdchly dezert. Vyzna\u010duje sa&nbsp;<strong>n\u00edzkym obsahom sacharidov, vysok\u00fdm obsahom vl\u00e1kniny<\/strong>&nbsp;a l\u00e1kavou \u010dokol\u00e1dovou kr\u00e9movos\u0165ou. Produkt bol vyvinut\u00fd pre&nbsp;<strong>di\u00e9tuj\u00facich, osoby s inzul\u00ednovou rezistenciou a diabetikov<\/strong>, ako aj pre priaznivcov&nbsp;<strong>paleo \u017eivotn\u00e9ho \u0161t\u00fdlu<\/strong>, ktor\u00ed sa vyh\u00fdbaj\u00fa r\u00fdchlo vstrebate\u013en\u00fdm sacharidom.<\/p>\n\n\n\n<p><strong>\u00d6sszet\u00e9tel:<\/strong>&nbsp;m\u00faka z maranty (arrowroot), holandsk\u00e9 kakao (20\u201322 % tuku), mand\u013eov\u00e1 m\u00faka, maniokov\u00e1 m\u00faka, bambusov\u00e1 vl\u00e1knina.<\/p>\n\n\n\n<p>Produkt neobsahuje&nbsp;<strong>pridan\u00e9 adit\u00edva, farbiv\u00e1, konzervanty, ar\u00f3my ani zv\u00fdraz\u0148ova\u010de chuti<\/strong>. Je&nbsp;<strong>bez lepku, cukru, s\u00f3je a mlieka<\/strong>&nbsp;a neobsahuje ani konjakov\u00fa m\u00faku \u010di dro\u017edie. Obsahuje iba prirodzene sa vyskytuj\u00face cukry a vl\u00e1kninu.<\/p>\n\n\n\n<p><strong>Allerg\u00e9nek:<\/strong>&nbsp;obsahuje&nbsp;<strong>mandle<\/strong>. Vyroben\u00e9 v z\u00e1vode, kde sa sprac\u00favaj\u00fa aj&nbsp;<strong>sezam a orechy<\/strong>.<\/p>\n\n\n\n<p><strong>El\u0151k\u00e9sz\u00edt\u00e9s:<\/strong>&nbsp;obsah balenia zmie\u0161ajte s&nbsp;<strong>30\u201350 g sladidla pod\u013ea v\u00fdberu<\/strong>&nbsp;a pribli\u017ene&nbsp;<strong>100 ml rastlinn\u00e9ho alebo klasick\u00e9ho mlieka<\/strong>. D\u00f4kladne premie\u0161ajte, pridajte zvy\u0161n\u00fdch&nbsp;<strong>350 ml mlieka<\/strong>&nbsp;a za st\u00e1leho mie\u0161ania na miernom ohni prive\u010fte do varu. Po dosiahnut\u00ed varu je puding hotov\u00fd. Nevarte pr\u00edli\u0161 dlho, aby nestratil svoju konzistenciu. Konzumova\u0165 ho m\u00f4\u017eete&nbsp;<strong>tepl\u00fd, vla\u017en\u00fd aj studen\u00fd<\/strong>. Na hustej\u0161\u00ed kr\u00e9m (napr. do tort) pou\u017eite pribli\u017ene&nbsp;<strong>300 ml tekutiny<\/strong>.<\/p>\n\n\n\n<p><strong>Tip \u2013 hor\u00faca \u010dokol\u00e1da:<\/strong>&nbsp;odmerajte&nbsp;<strong>20 g pudingov\u00e9ho pr\u00e1\u0161ku<\/strong>, zmie\u0161ajte so sladidlom a&nbsp;<strong>100 ml mlieka<\/strong>, pridajte \u010fal\u0161\u00edch&nbsp;<strong>150 ml mlieka<\/strong>&nbsp;a za st\u00e1leho mie\u0161ania zohrejte a\u017e do varu. Pod\u00e1vajte ako lahodn\u00fa hor\u00facu \u010dokol\u00e1du.<\/p>\n\n\n\n<p>Jedno balenie vysta\u010d\u00ed na pribli\u017ene&nbsp;<strong>3 porcie<\/strong>.<\/p>\n\n\n\n<p><strong>V\u00fd\u017eivov\u00e9 hodnoty v 100 g:<\/strong>&nbsp;energia&nbsp;<strong>1396,6 kJ \/ 332 kcal<\/strong>, tuky&nbsp;<strong>2,9 g<\/strong>, z toho nas\u00fdten\u00e9 mastn\u00e9 kyseliny&nbsp;<strong>0,5 g<\/strong>, sacharidy&nbsp;<strong>53,4 g<\/strong>, z toho cukry&nbsp;<strong>1 g<\/strong>, bielkoviny&nbsp;<strong>12,5 g<\/strong>, vl\u00e1knina&nbsp;<strong>14,8 g<\/strong>, so\u013e&nbsp;<strong>3,4 g<\/strong>.<\/p>\n\n\n\n<p><strong>T\u00e1rol\u00e1s:<\/strong>&nbsp;uchov\u00e1vajte na&nbsp;<strong>suchom a chladnom mieste<\/strong>.<\/p>\n\n\n\n<p><strong>S\u00faly:<\/strong>&nbsp;65 g.<\/p>","protected":false},"excerpt":{"rendered":"<p>Bezlepkov\u00fd n\u00edzkosacharidov\u00fd \u010dokol\u00e1dov\u00fd pudingov\u00fd pr\u00e1\u0161ok (paleo)\u00a0je ide\u00e1lnou vo\u013ebou pre v\u0161etk\u00fdch, ktor\u00ed t\u00fa\u017eia po skuto\u010dne kr\u00e9movom pudingu bez lepkavej a \u0165ahavej ko&#8230; <a href=\"#tab-description\" class=\"more-link\">B\u0151vebben<\/a><\/p>","protected":false},"featured_media":11285,"comment_status":"open","ping_status":"closed","template":"","meta":{"inline_featured_image":false},"product_brand":[],"product_cat":[316,71,166],"product_tag":[280,281],"class_list":{"0":"post-11284","1":"product","2":"type-product","3":"status-publish","4":"has-post-thumbnail","6":"product_cat-bezlepkove-vyrobky","7":"product_cat-potraviny","8":"product_cat-muky","9":"product_tag-bezglutenove","10":"product_tag-veganske","12":"first","13":"instock","14":"taxable","15":"shipping-taxable","16":"purchasable","17":"product-type-simple"},"aioseo_notices":[],"_links":{"self":[{"href":"https:\/\/www.biokari.sk\/hu\/wp-json\/wp\/v2\/product\/11284","targetHints":{"allow":["GET"]}}],"collection":[{"href":"https:\/\/www.biokari.sk\/hu\/wp-json\/wp\/v2\/product"}],"about":[{"href":"https:\/\/www.biokari.sk\/hu\/wp-json\/wp\/v2\/types\/product"}],"replies":[{"embeddable":true,"href":"https:\/\/www.biokari.sk\/hu\/wp-json\/wp\/v2\/comments?post=11284"}],"wp:featuredmedia":[{"embeddable":true,"href":"https:\/\/www.biokari.sk\/hu\/wp-json\/wp\/v2\/media\/11285"}],"wp:attachment":[{"href":"https:\/\/www.biokari.sk\/hu\/wp-json\/wp\/v2\/media?parent=11284"}],"wp:term":[{"taxonomy":"product_brand","embeddable":true,"href":"https:\/\/www.biokari.sk\/hu\/wp-json\/wp\/v2\/product_brand?post=11284"},{"taxonomy":"product_cat","embeddable":true,"href":"https:\/\/www.biokari.sk\/hu\/wp-json\/wp\/v2\/product_cat?post=11284"},{"taxonomy":"product_tag","embeddable":true,"href":"https:\/\/www.biokari.sk\/hu\/wp-json\/wp\/v2\/product_tag?post=11284"}],"curies":[{"name":"wp","href":"https:\/\/api.w.org\/{rel}","templated":true}]}}