{"id":11287,"date":"2026-04-02T23:28:17","date_gmt":"2026-04-02T21:28:17","guid":{"rendered":"https:\/\/www.biokari.sk\/produkt\/eleskamra-struhanka-500g\/"},"modified":"2026-04-02T23:34:00","modified_gmt":"2026-04-02T21:34:00","slug":"eleskamra-struhanka-500g","status":"publish","type":"product","link":"https:\/\/www.biokari.sk\/hu\/termek\/eleskamra-struhanka-500g\/","title":{"rendered":"\u00c9l\u00e9skamra  Str\u00fahanka 500g"},"content":{"rendered":"<p><strong>Bezlepkov\u00e1 veg\u00e1nska str\u00fahankov\u00e1 zmes na oba\u013eovanie<\/strong>&nbsp;je ide\u00e1lnym rie\u0161en\u00edm pre v\u0161etk\u00fdch milovn\u00edkov vypr\u00e1\u017ean\u00fdch jed\u00e1l. \u010ci u\u017e pripravujete m\u00e4so, zeleninu alebo syr, s touto zmesou vytvor\u00edte chutn\u00e9 a chrumkav\u00e9 pokrmy, ktor\u00e9 si ob\u013e\u00fabi cel\u00e1 rodina. Je tak\u00e1 lahodn\u00e1, \u017ee u\u017e nemus\u00edte pripravova\u0165 zvl\u00e1\u0161\u0165 bezlepkov\u00e9 a klasick\u00e9 verzie \u2013&nbsp;<strong>ka\u017ed\u00fd si ju zamiluje<\/strong>.<\/p>\n\n\n\n<p><strong>Produkt neobsahuje \u017eiadne povinne ozna\u010dovan\u00e9 alerg\u00e9ny<\/strong>&nbsp;a je mo\u017en\u00e9 ho jednoducho pripravi\u0165 aj&nbsp;<strong>bez vajec \u2013 vo veg\u00e1nskej verzii<\/strong>. V\u010faka tomu je vhodn\u00fd aj po\u010das obdobia zav\u00e1dzania pr\u00edkrmov u det\u00ed. Predstavuje v\u00fdborn\u00fa alternat\u00edvu ku klasickej str\u00fahanke z p\u0161eni\u010dn\u00e9ho chleba.<\/p>\n\n\n\n<p><strong>\u00d6sszet\u00e9tel:<\/strong>&nbsp;cassava krupica (z manioku), bezlepkov\u00e9 m\u00faky (celozrnn\u00e1 ry\u017eov\u00e1 m\u00faka, cirokov\u00e1 m\u00faka, prosov\u00e1 m\u00faka), psyllium (\u0161upky skorocelu).<\/p>\n\n\n\n<p><strong>Produkt je 100 % pr\u00edrodn\u00fd, bez lepku, bez cukru, bez s\u00f3je, bez kukurice a bez zemiakov<\/strong>, neobsahuje ani m\u00faky z olejnat\u00fdch semien. Pou\u017eit\u00e9 s\u00fa kvalitn\u00e9 pseudocere\u00e1lie, vl\u00e1knina a tapiokov\u00fd \u0161krob, ktor\u00e9 zabezpe\u010duj\u00fa v\u00fdborn\u00fa \u0161trukt\u00faru a nutri\u010dn\u00fa hodnotu.<\/p>\n\n\n\n<p><strong>Cassava krupica<\/strong>&nbsp;je prirodzene bezlepkov\u00e1 surovina s vysokou v\u00fd\u017eivovou hodnotou, bohat\u00e1 na miner\u00e1ly a vl\u00e1kninu. Obsahuje&nbsp;<strong>rezistentn\u00fd \u0161krob<\/strong>, ktor\u00fd m\u00e1 prebiotick\u00e9 \u00fa\u010dinky, podporuje \u010drevn\u00fa mikrofl\u00f3ru a neprispieva k zv\u00fd\u0161eniu hladiny cukru v krvi.<\/p>\n\n\n\n<p><strong>Alkalmaz\u00e1s:<\/strong>&nbsp;zmes m\u00f4\u017eete pou\u017ei\u0165 na klasick\u00e9 trojobalov\u00e9 oba\u013eovanie alebo na jemnej\u0161ie \u201epar\u00ed\u017eske\u201c cest\u00ed\u010dko. Vo veg\u00e1nskej verzii jednoducho nahrad\u00edte vajce rastlinnou smotanou. Jedno balenie vysta\u010d\u00ed pribli\u017ene na oba\u013eovanie&nbsp;<strong>20\u201330 ru\u017ei\u010diek karfiolu, 3 v\u00e4\u010d\u0161\u00edch cukiet alebo cca 20 pl\u00e1tkov m\u00e4sa<\/strong>.<\/p>\n\n\n\n<p><strong>V\u00fd\u017eivov\u00e9 hodnoty v 100 g:<\/strong>&nbsp;energia&nbsp;<strong>977,7 kJ \/ 231,5 kcal<\/strong>, tuky&nbsp;<strong>0,6 g<\/strong>, z toho nas\u00fdten\u00e9 mastn\u00e9 kyseliny&nbsp;<strong>0 g<\/strong>, sacharidy&nbsp;<strong>54,1 g<\/strong>, z toho cukry&nbsp;<strong>3,8 g<\/strong>, bielkoviny&nbsp;<strong>3,9 g<\/strong>, vl\u00e1knina&nbsp;<strong>5,9 g<\/strong>, so\u013e&nbsp;<strong>0 g<\/strong>.<\/p>\n\n\n\n<p><strong>T\u00e1rol\u00e1s:<\/strong>&nbsp;uchov\u00e1vajte na&nbsp;<strong>suchom a chladnom mieste<\/strong>.<\/p>\n\n\n\n<p><strong>V\u00fdroba:<\/strong>&nbsp;balen\u00e9 v&nbsp;<strong>100 % bezlepkovej prev\u00e1dzke<\/strong>, s d\u00f4razom na minimaliz\u00e1ciu kr\u00ed\u017eovej kontamin\u00e1cie. Vyroben\u00e9 v z\u00e1vode, kde sa sprac\u00favaj\u00fa aj sezam a orechy.<\/p>\n\n\n\n<p><strong>Pre deti:<\/strong>&nbsp;zmes bola vyvinut\u00e1 tak, aby obsahovala len minim\u00e1lne mno\u017estvo pridanej vl\u00e1kniny. Pou\u017eit\u00e1 bambusov\u00e1 vl\u00e1knina nevia\u017ee vodu, a preto&nbsp;<strong>nesp\u00f4sobuje dehydrat\u00e1ciu<\/strong>, \u010do je d\u00f4le\u017eit\u00e9 najm\u00e4 u mal\u00fdch det\u00ed. Pou\u017eit\u00e9 obilniny s\u00fa \u013eahko str\u00e1vite\u013en\u00e9 a vhodn\u00e9 u\u017e od za\u010diatku prikrmovania.<\/p>\n\n\n\n<p><strong>Glut\u00e9nmentes kvalita pre cel\u00fa rodinu.<\/strong><\/p>\n\n\n\n<p><strong>Csomagol\u00e1s:<\/strong>&nbsp;500 g.<\/p>","protected":false},"excerpt":{"rendered":"<p>Bezlepkov\u00e1 veg\u00e1nska str\u00fahankov\u00e1 zmes na oba\u013eovanie je ide\u00e1lnym rie\u0161en\u00edm pre v\u0161etk\u00fdch milovn\u00edkov vypr\u00e1\u017ean\u00fdch jed\u00e1l. \u010ci u\u017e pripravujete m\u00e4so, &#8230; <a href=\"#tab-description\" class=\"more-link\">B\u0151vebben<\/a><\/p>","protected":false},"featured_media":11289,"comment_status":"open","ping_status":"closed","template":"","meta":{"inline_featured_image":false},"product_brand":[],"product_cat":[316,71,166],"product_tag":[280,312,281],"class_list":{"0":"post-11287","1":"product","2":"type-product","3":"status-publish","4":"has-post-thumbnail","6":"product_cat-bezlepkove-vyrobky","7":"product_cat-potraviny","8":"product_cat-muky","9":"product_tag-bezglutenove","10":"product_tag-top-potraviny","11":"product_tag-veganske","13":"first","14":"onbackorder","15":"taxable","16":"shipping-taxable","17":"purchasable","18":"product-type-simple"},"aioseo_notices":[],"_links":{"self":[{"href":"https:\/\/www.biokari.sk\/hu\/wp-json\/wp\/v2\/product\/11287","targetHints":{"allow":["GET"]}}],"collection":[{"href":"https:\/\/www.biokari.sk\/hu\/wp-json\/wp\/v2\/product"}],"about":[{"href":"https:\/\/www.biokari.sk\/hu\/wp-json\/wp\/v2\/types\/product"}],"replies":[{"embeddable":true,"href":"https:\/\/www.biokari.sk\/hu\/wp-json\/wp\/v2\/comments?post=11287"}],"wp:featuredmedia":[{"embeddable":true,"href":"https:\/\/www.biokari.sk\/hu\/wp-json\/wp\/v2\/media\/11289"}],"wp:attachment":[{"href":"https:\/\/www.biokari.sk\/hu\/wp-json\/wp\/v2\/media?parent=11287"}],"wp:term":[{"taxonomy":"product_brand","embeddable":true,"href":"https:\/\/www.biokari.sk\/hu\/wp-json\/wp\/v2\/product_brand?post=11287"},{"taxonomy":"product_cat","embeddable":true,"href":"https:\/\/www.biokari.sk\/hu\/wp-json\/wp\/v2\/product_cat?post=11287"},{"taxonomy":"product_tag","embeddable":true,"href":"https:\/\/www.biokari.sk\/hu\/wp-json\/wp\/v2\/product_tag?post=11287"}],"curies":[{"name":"wp","href":"https:\/\/api.w.org\/{rel}","templated":true}]}}