{"id":11294,"date":"2026-04-03T19:47:33","date_gmt":"2026-04-03T17:47:33","guid":{"rendered":"https:\/\/www.biokari.sk\/produkt\/naturmind-bezlepkova-struhanka-200g\/"},"modified":"2026-04-03T20:06:54","modified_gmt":"2026-04-03T18:06:54","slug":"naturmind-bezlepkova-struhanka-200g","status":"publish","type":"product","link":"https:\/\/www.biokari.sk\/hu\/termek\/naturmind-bezlepkova-struhanka-200g\/","title":{"rendered":"Naturmind Bezlepkov\u00e1 str\u00fahanka 200g"},"content":{"rendered":"<p><strong>Bezlepkov\u00e1 oba\u013eovacia zmes na chrumkav\u00fd obal<\/strong>&nbsp;je ide\u00e1lna na pr\u00edpravu dokonale chrumkav\u00fdch jed\u00e1l. V\u010faka \u0161peci\u00e1lnej v\u00fdrobnej technol\u00f3gii zost\u00e1va v\u00fdsledn\u00fd obal&nbsp;<strong>extra chrumkav\u00fd aj po tepelnej \u00faprave<\/strong>, \u010do z nej rob\u00ed skvel\u00fa alternat\u00edvu ku klasickej str\u00fahanke.<\/p>\n\n\n\n<p><strong>Alkalmaz\u00e1s:<\/strong>&nbsp;vhodn\u00e1 na oba\u013eovanie m\u00e4sa, zeleniny aj syrov.<\/p>\n\n\n\n<p><strong>\u00d6sszet\u00e9tel:<\/strong>&nbsp;ry\u017eov\u00e1 ka\u0161a, kukuri\u010dn\u00e1 ka\u0161a.<\/p>\n\n\n\n<p><strong>V\u00fd\u017eivov\u00e9 hodnoty v 100 g:<\/strong>&nbsp;energia&nbsp;<strong>1472 kJ \/ 338 kcal<\/strong>, tuky&nbsp;<strong>1,2 g<\/strong>, z toho nas\u00fdten\u00e9 mastn\u00e9 kyseliny&nbsp;<strong>0,3 g<\/strong>, sacharidy&nbsp;<strong>74 g<\/strong>, z toho cukry&nbsp;<strong>0,6 g<\/strong>, vl\u00e1knina&nbsp;<strong>2,8 g<\/strong>, bielkoviny&nbsp;<strong>6,3 g<\/strong>, so\u013e&nbsp;<strong>0,1 g<\/strong>.<\/p>\n\n\n\n<p><strong>V\u00fd\u017eivov\u00e9 hodnoty na 1 porciu (10 g):<\/strong>&nbsp;energia&nbsp;<strong>147 kJ \/ 34 kcal<\/strong>, tuky&nbsp;<strong>0,12 g<\/strong>, z toho nas\u00fdten\u00e9 mastn\u00e9 kyseliny&nbsp;<strong>0,03 g<\/strong>, sacharidy&nbsp;<strong>7,4 g<\/strong>, z toho cukry&nbsp;<strong>0,06 g<\/strong>, vl\u00e1knina&nbsp;<strong>0,28 g<\/strong>, bielkoviny&nbsp;<strong>0,63 g<\/strong>, so\u013e&nbsp;<strong>0,01 g<\/strong>.<\/p>\n\n\n\n<p>Uveden\u00e9 hodnoty s\u00fa&nbsp;<strong>orienta\u010dn\u00e9<\/strong>.<\/p>\n\n\n\n<p><strong>T\u00e1rol\u00e1s:<\/strong>&nbsp;uchov\u00e1vajte na&nbsp;<strong>suchom a chladnom mieste<\/strong>.<\/p>\n\n\n\n<p><strong>Krajina p\u00f4vodu:<\/strong>&nbsp;Ma\u010farsko.<\/p>\n\n\n\n<p><strong>Csomagol\u00e1s:<\/strong>\u00a0200 g<\/p>","protected":false},"excerpt":{"rendered":"<p>&#8230; <a href=\"#tab-description\" class=\"more-link\">B\u0151vebben<\/a><\/p>","protected":false},"featured_media":11296,"comment_status":"open","ping_status":"closed","template":"","meta":{"inline_featured_image":false},"product_brand":[283],"product_cat":[316,71],"product_tag":[280,281],"class_list":{"0":"post-11294","1":"product","2":"type-product","3":"status-publish","4":"has-post-thumbnail","6":"product_brand-biorganik-naturmind","7":"product_cat-bezlepkove-vyrobky","8":"product_cat-potraviny","9":"product_tag-bezglutenove","10":"product_tag-veganske","12":"first","13":"instock","14":"taxable","15":"shipping-taxable","16":"purchasable","17":"product-type-simple"},"aioseo_notices":[],"_links":{"self":[{"href":"https:\/\/www.biokari.sk\/hu\/wp-json\/wp\/v2\/product\/11294","targetHints":{"allow":["GET"]}}],"collection":[{"href":"https:\/\/www.biokari.sk\/hu\/wp-json\/wp\/v2\/product"}],"about":[{"href":"https:\/\/www.biokari.sk\/hu\/wp-json\/wp\/v2\/types\/product"}],"replies":[{"embeddable":true,"href":"https:\/\/www.biokari.sk\/hu\/wp-json\/wp\/v2\/comments?post=11294"}],"wp:featuredmedia":[{"embeddable":true,"href":"https:\/\/www.biokari.sk\/hu\/wp-json\/wp\/v2\/media\/11296"}],"wp:attachment":[{"href":"https:\/\/www.biokari.sk\/hu\/wp-json\/wp\/v2\/media?parent=11294"}],"wp:term":[{"taxonomy":"product_brand","embeddable":true,"href":"https:\/\/www.biokari.sk\/hu\/wp-json\/wp\/v2\/product_brand?post=11294"},{"taxonomy":"product_cat","embeddable":true,"href":"https:\/\/www.biokari.sk\/hu\/wp-json\/wp\/v2\/product_cat?post=11294"},{"taxonomy":"product_tag","embeddable":true,"href":"https:\/\/www.biokari.sk\/hu\/wp-json\/wp\/v2\/product_tag?post=11294"}],"curies":[{"name":"wp","href":"https:\/\/api.w.org\/{rel}","templated":true}]}}