{"id":11297,"date":"2026-04-03T20:07:23","date_gmt":"2026-04-03T18:07:23","guid":{"rendered":"https:\/\/www.biokari.sk\/produkt\/naturmind-bezlepkove-ovsene-vlocky-500g\/"},"modified":"2026-04-15T19:02:42","modified_gmt":"2026-04-15T17:02:42","slug":"naturmind-bezlepkove-ovsene-vlocky-500g","status":"publish","type":"product","link":"https:\/\/www.biokari.sk\/hu\/termek\/naturmind-bezlepkove-ovsene-vlocky-500g\/","title":{"rendered":"Naturmind Bezlepkov\u00e9 ovsen\u00e9 vlo\u010dky 500g"},"content":{"rendered":"<p data-start=\"117\" data-end=\"348\"><strong data-start=\"117\" data-end=\"155\">Bezlepkov\u00e9 ovsen\u00e9 vlo\u010dky Naturmind<\/strong> predstavuj\u00fa ide\u00e1lny z\u00e1klad zdravej a vyv\u00e1\u017eenej stravy. S\u00fa v\u00fdbornou vo\u013ebou pre v\u0161etk\u00fdch, ktor\u00ed chc\u00fa do svojho jed\u00e1lni\u010dka zaradi\u0165 v\u00fd\u017eivn\u00fa, prirodzen\u00fa a v\u0161estrann\u00fa surovinu s mno\u017estvom benefitov.<\/p>\n<p data-start=\"350\" data-end=\"378\"><strong data-start=\"350\" data-end=\"363\">\u00d6sszet\u00e9tel:<\/strong> ovsen\u00e9 vlo\u010dky.<\/p>\n<p data-start=\"380\" data-end=\"452\"><strong data-start=\"380\" data-end=\"393\">Alkalmaz\u00e1s:<\/strong> vhodn\u00e9 do ka\u0161\u00ed, m\u00fcsli a r\u00f4znych druhov pe\u010diva \u010di dezertov.<\/p>\n<p data-start=\"454\" data-end=\"654\"><strong data-start=\"454\" data-end=\"483\">V\u00fd\u017eivov\u00e9 hodnoty v 100 g:<\/strong> energia <strong data-start=\"492\" data-end=\"514\">1639 kJ \/ 388 kcal<\/strong>, tuky <strong data-start=\"521\" data-end=\"528\">7 g<\/strong>, z toho nas\u00fdten\u00e9 mastn\u00e9 kyseliny <strong data-start=\"562\" data-end=\"571\">1,1 g<\/strong>, sacharidy <strong data-start=\"583\" data-end=\"591\">69 g<\/strong>, z toho cukry <strong data-start=\"606\" data-end=\"615\">0,5 g<\/strong>, bielkoviny <strong data-start=\"628\" data-end=\"636\">10 g<\/strong>, so\u013e <strong data-start=\"642\" data-end=\"653\">0,003 g<\/strong>.<\/p>\n<p data-start=\"656\" data-end=\"1020\">Ovsen\u00e9 vlo\u010dky s\u00fa prirodzene <strong data-start=\"684\" data-end=\"706\">bohat\u00e9 na vl\u00e1kninu<\/strong>, ktor\u00e1 podporuje spr\u00e1vne tr\u00e1venie a prispieva k optim\u00e1lnemu fungovaniu metabolizmu. V\u010faka <strong data-start=\"797\" data-end=\"849\">vysok\u00e9mu obsahu bielkov\u00edn a n\u00edzkemu obsahu cukru<\/strong> s\u00fa vhodn\u00e9 aj pre r\u00f4zne di\u00e9ty. Obsahuj\u00fa tie\u017e cenn\u00e9 vitam\u00edny a miner\u00e1ly, najm\u00e4 <strong data-start=\"927\" data-end=\"958\">vitam\u00edny skupiny B a \u017eelezo<\/strong>, ktor\u00e9 zohr\u00e1vaj\u00fa d\u00f4le\u017eit\u00fa \u00falohu pri energetickom metabolizme.<\/p>\n<p data-start=\"1022\" data-end=\"1232\"><strong data-start=\"1022\" data-end=\"1048\">Bezlepkov\u00e9 spracovanie<\/strong> zabezpe\u010duje, \u017ee si ich m\u00f4\u017eu vychutna\u0165 aj osoby s celiakiou alebo citlivos\u0165ou na lepok. Produkt je balen\u00fd v <strong data-start=\"1156\" data-end=\"1196\">bezlepkovej a alerg\u00e9n-free prev\u00e1dzke<\/strong>, \u010do garantuje maxim\u00e1lnu bezpe\u010dnos\u0165.<\/p>\n<p data-start=\"1234\" data-end=\"1438\">Ovsen\u00e9 vlo\u010dky s\u00fa mimoriadne <strong data-start=\"1262\" data-end=\"1287\">univerz\u00e1lne v kuchyni<\/strong>. M\u00f4\u017eete ich prid\u00e1va\u0165 do jogurtov, rastlinn\u00fdch n\u00e1pojov, smoothie, ale aj do sladk\u00fdch a slan\u00fdch receptov, ako s\u00fa su\u0161ienky, chlieb \u010di r\u00f4zne dom\u00e1ce jedl\u00e1.<\/p>\n<p data-start=\"1440\" data-end=\"1625\"><strong data-start=\"1440\" data-end=\"1453\">El\u0151k\u00e9sz\u00edt\u00e9s:<\/strong> jednoducho zalejte hor\u00facou vodou alebo mliekom a dochu\u0165te pod\u013ea vlastnej chuti ovoc\u00edm, orechmi \u010di medom. R\u00fdchla a v\u00fd\u017eivn\u00e1 pr\u00edprava z nich rob\u00ed ide\u00e1lnu vo\u013ebu na ka\u017ed\u00e9 r\u00e1no.<\/p>\n<p data-start=\"1627\" data-end=\"1739\">V\u010faka obsahu komplexn\u00fdch sacharidov poskytuj\u00fa <strong data-start=\"1673\" data-end=\"1693\">dlhodob\u00fa energiu<\/strong> a pom\u00e1haj\u00fa udr\u017eiava\u0165 pocit s\u00fdtosti po\u010das d\u0148a.<\/p>\n<p data-start=\"1741\" data-end=\"1843\">Produkt je z\u00e1rove\u0148 <strong data-start=\"1760\" data-end=\"1793\">ekologicky zodpovednou vo\u013ebou<\/strong>, ke\u010f\u017ee ovos poch\u00e1dza z udr\u017eate\u013en\u00e9ho hospod\u00e1rstva.<\/p>\n<p data-start=\"1845\" data-end=\"1902\"><strong data-start=\"1845\" data-end=\"1861\">T\u00e1rol\u00e1s:<\/strong> uchov\u00e1vajte na suchom a chladnom mieste.<\/p>\n<p data-start=\"1904\" data-end=\"1923\" data-is-last-node=\"\" data-is-only-node=\"\"><strong data-start=\"1904\" data-end=\"1916\">Csomagol\u00e1s:<\/strong> 500 g.<\/p>\n\n\n<p><\/p>","protected":false},"excerpt":{"rendered":"<p>Bezlepkov\u00e9 ovsen\u00e9 vlo\u010dky Naturmind predstavuj\u00fa ide\u00e1lny z\u00e1klad zdravej a vyv\u00e1\u017eenej stravy. S\u00fa v\u00fdbornou vo\u013ebou pre v\u0161etk\u00fdch, ktor\u00ed chc\u00fa do svojho jed\u00e1lni\u010dka zaradi\u0165 v\u00fd\u017eivn\u00fa, prirodzen\u00fa a v\u0161estrann\u00fa surovinu s mno\u017estvom benefitov&#8230;<a href=\"#tab-description\" class=\"more-link\">B\u0151vebben<\/a><\/p>","protected":false},"featured_media":11300,"comment_status":"open","ping_status":"closed","template":"","meta":{"inline_featured_image":false},"product_brand":[283],"product_cat":[316,71,172],"product_tag":[280,281],"class_list":{"0":"post-11297","1":"product","2":"type-product","3":"status-publish","4":"has-post-thumbnail","6":"product_brand-biorganik-naturmind","7":"product_cat-bezlepkove-vyrobky","8":"product_cat-potraviny","9":"product_cat-musli-vlocky","10":"product_tag-bezglutenove","11":"product_tag-veganske","13":"first","14":"instock","15":"taxable","16":"shipping-taxable","17":"purchasable","18":"product-type-simple"},"aioseo_notices":[],"_links":{"self":[{"href":"https:\/\/www.biokari.sk\/hu\/wp-json\/wp\/v2\/product\/11297","targetHints":{"allow":["GET"]}}],"collection":[{"href":"https:\/\/www.biokari.sk\/hu\/wp-json\/wp\/v2\/product"}],"about":[{"href":"https:\/\/www.biokari.sk\/hu\/wp-json\/wp\/v2\/types\/product"}],"replies":[{"embeddable":true,"href":"https:\/\/www.biokari.sk\/hu\/wp-json\/wp\/v2\/comments?post=11297"}],"wp:featuredmedia":[{"embeddable":true,"href":"https:\/\/www.biokari.sk\/hu\/wp-json\/wp\/v2\/media\/11300"}],"wp:attachment":[{"href":"https:\/\/www.biokari.sk\/hu\/wp-json\/wp\/v2\/media?parent=11297"}],"wp:term":[{"taxonomy":"product_brand","embeddable":true,"href":"https:\/\/www.biokari.sk\/hu\/wp-json\/wp\/v2\/product_brand?post=11297"},{"taxonomy":"product_cat","embeddable":true,"href":"https:\/\/www.biokari.sk\/hu\/wp-json\/wp\/v2\/product_cat?post=11297"},{"taxonomy":"product_tag","embeddable":true,"href":"https:\/\/www.biokari.sk\/hu\/wp-json\/wp\/v2\/product_tag?post=11297"}],"curies":[{"name":"wp","href":"https:\/\/api.w.org\/{rel}","templated":true}]}}