{"id":11301,"date":"2026-04-03T20:41:00","date_gmt":"2026-04-03T18:41:00","guid":{"rendered":"https:\/\/www.biokari.sk\/produkt\/naturmind-bezlepkove-pivovarske-kvasnice-100g\/"},"modified":"2026-04-16T19:03:43","modified_gmt":"2026-04-16T17:03:43","slug":"naturmind-bezlepkove-pivovarske-kvasnice-100g","status":"publish","type":"product","link":"https:\/\/www.biokari.sk\/hu\/termek\/naturmind-bezlepkove-pivovarske-kvasnice-100g\/","title":{"rendered":"Naturmind Bezlepkov\u00e9 p\u00edvovarsk\u00e9 kvasnice 100g"},"content":{"rendered":"<p><strong>Neakt\u00edvne su\u0161en\u00e9 dro\u017edie<\/strong>&nbsp;je v\u00fd\u017eivn\u00e1 a v\u0161estrann\u00e1 surovina vhodn\u00e1 na ka\u017edodenn\u00e9 pou\u017eitie v kuchyni. V\u010faka svojmu prirodzene bohat\u00e9mu nutri\u010dn\u00e9mu profilu predstavuje ide\u00e1lny doplnok stravy pre v\u0161etk\u00fdch, ktor\u00ed h\u013eadaj\u00fa&nbsp;<strong>rastlinn\u00fd zdroj bielkov\u00edn, vl\u00e1kniny a vitam\u00ednov skupiny B<\/strong>.<\/p>\n\n\n\n<p><strong>\u00d6sszet\u00e9tel:<\/strong>&nbsp;neakt\u00edvne su\u0161en\u00e9 dro\u017edie.<\/p>\n\n\n\n<p>Produkt je balen\u00fd v&nbsp;<strong>bezlepkovej a alerg\u00e9n-free prev\u00e1dzke<\/strong>, \u010do zaru\u010duje jeho bezpe\u010dnos\u0165 aj pre osoby s potravinov\u00fdmi intoleranciami.<\/p>\n\n\n\n<p>Neakt\u00edvne dro\u017edie je vhodn\u00e9 na&nbsp;<strong>dochucovanie polievok, om\u00e1\u010dok, cestov\u00edn, ry\u017eov\u00fdch jed\u00e1l, n\u00e1tierok, zeleninov\u00fdch jed\u00e1l \u010di m\u00fcsli<\/strong>. V kombin\u00e1cii s lisovan\u00fdm olejom a koreninami z neho jednoducho priprav\u00edte chutn\u00fa a v\u00fd\u017eivn\u00fa n\u00e1tierku na pe\u010divo, ktor\u00e1 je z\u00e1rove\u0148 zdravou alternat\u00edvou klasick\u00fdch n\u00e1tierok.<\/p>\n\n\n\n<p><strong>V\u00fd\u017eivov\u00e9 hodnoty v 100 g:<\/strong>&nbsp;energia&nbsp;<strong>1370 kJ \/ 327 kcal<\/strong>, tuky&nbsp;<strong>5 g<\/strong>, z toho nas\u00fdten\u00e9 mastn\u00e9 kyseliny&nbsp;<strong>1,7 g<\/strong>, sacharidy&nbsp;<strong>9 g<\/strong>, z toho cukry&nbsp;<strong>8 g<\/strong>, vl\u00e1knina&nbsp;<strong>27 g<\/strong>, bielkoviny&nbsp;<strong>49 g<\/strong>, so\u013e&nbsp;<strong>0,5 g<\/strong>.<\/p>\n\n\n\n<p>Produkt je mimoriadne bohat\u00fd na&nbsp;<strong>vitam\u00edny skupiny B<\/strong>, najm\u00e4 vitam\u00edn B1, B2, B3, B5, B6 a kyselinu listov\u00fa, ktor\u00e9 podporuj\u00fa energetick\u00fd metabolizmus a spr\u00e1vne fungovanie nervov\u00e9ho syst\u00e9mu. Obsahuje aj d\u00f4le\u017eit\u00e9 miner\u00e1ly ako&nbsp;<strong>drasl\u00edk, fosfor, hor\u010d\u00edk, v\u00e1pnik, zinok a \u017eelezo<\/strong>, ktor\u00e9 prispievaj\u00fa k celkovej vitalite organizmu.<\/p>\n\n\n\n<p><strong>T\u00e1rol\u00e1s:<\/strong>&nbsp;uchov\u00e1vajte na&nbsp;<strong>suchom a chladnom mieste<\/strong>.<\/p>\n\n\n\n<p><strong>Minim\u00e1lna trvanlivos\u0165:<\/strong>&nbsp;uveden\u00e1 na obale produktu.<\/p>\n\n\n\n<p><strong>Figyelmeztet\u00e9s:<\/strong>&nbsp;ide o doplnok stravy, ktor\u00fd nenahr\u00e1dza pestr\u00fa a vyv\u00e1\u017een\u00fa stravu ani zdrav\u00fd \u017eivotn\u00fd \u0161t\u00fdl. Odpor\u00fa\u010dan\u00e1 denn\u00e1 d\u00e1vka sa nesmie prekra\u010dova\u0165. Nevhodn\u00e9 pre osoby alergick\u00e9 na niektor\u00fa zo zlo\u017eiek. Uchov\u00e1vajte mimo dosahu det\u00ed. V pr\u00edpade zdravotn\u00fdch probl\u00e9mov alebo lie\u010dby sa pred u\u017e\u00edvan\u00edm pora\u010fte s lek\u00e1rom.<\/p>\n\n\n\n<p><strong>Csomagol\u00e1s:<\/strong>\u00a0100 g<\/p>","protected":false},"excerpt":{"rendered":"<p>Neakt\u00edvne su\u0161en\u00e9 dro\u017edie\u00a0je v\u00fd\u017eivn\u00e1 a v\u0161estrann\u00e1 surovina vhodn\u00e1 na ka\u017edodenn\u00e9 pou\u017eitie v kuchyni. V\u010faka svojmu prirodzene bohat\u00e9mu&#8230; <a href=\"#tab-description\" class=\"more-link\">B\u0151vebben<\/a><\/p>","protected":false},"featured_media":11303,"comment_status":"open","ping_status":"closed","template":"","meta":{"inline_featured_image":false},"product_brand":[283],"product_cat":[316,71,172],"product_tag":[280,281],"class_list":{"0":"post-11301","1":"product","2":"type-product","3":"status-publish","4":"has-post-thumbnail","6":"product_brand-biorganik-naturmind","7":"product_cat-bezlepkove-vyrobky","8":"product_cat-potraviny","9":"product_cat-musli-vlocky","10":"product_tag-bezglutenove","11":"product_tag-veganske","13":"first","14":"instock","15":"taxable","16":"shipping-taxable","17":"purchasable","18":"product-type-simple"},"aioseo_notices":[],"_links":{"self":[{"href":"https:\/\/www.biokari.sk\/hu\/wp-json\/wp\/v2\/product\/11301","targetHints":{"allow":["GET"]}}],"collection":[{"href":"https:\/\/www.biokari.sk\/hu\/wp-json\/wp\/v2\/product"}],"about":[{"href":"https:\/\/www.biokari.sk\/hu\/wp-json\/wp\/v2\/types\/product"}],"replies":[{"embeddable":true,"href":"https:\/\/www.biokari.sk\/hu\/wp-json\/wp\/v2\/comments?post=11301"}],"wp:featuredmedia":[{"embeddable":true,"href":"https:\/\/www.biokari.sk\/hu\/wp-json\/wp\/v2\/media\/11303"}],"wp:attachment":[{"href":"https:\/\/www.biokari.sk\/hu\/wp-json\/wp\/v2\/media?parent=11301"}],"wp:term":[{"taxonomy":"product_brand","embeddable":true,"href":"https:\/\/www.biokari.sk\/hu\/wp-json\/wp\/v2\/product_brand?post=11301"},{"taxonomy":"product_cat","embeddable":true,"href":"https:\/\/www.biokari.sk\/hu\/wp-json\/wp\/v2\/product_cat?post=11301"},{"taxonomy":"product_tag","embeddable":true,"href":"https:\/\/www.biokari.sk\/hu\/wp-json\/wp\/v2\/product_tag?post=11301"}],"curies":[{"name":"wp","href":"https:\/\/api.w.org\/{rel}","templated":true}]}}