{"id":11316,"date":"2026-04-03T21:38:04","date_gmt":"2026-04-03T19:38:04","guid":{"rendered":"https:\/\/www.biokari.sk\/produkt\/naturmind-bezlepkovo-ryzova-kasa-s-bobulovym-ovocim-44g\/"},"modified":"2026-04-30T19:01:25","modified_gmt":"2026-04-30T17:01:25","slug":"naturmind-bezlepkovo-ryzova-kasa-s-bobulovym-ovocim-44g","status":"publish","type":"product","link":"https:\/\/www.biokari.sk\/hu\/termek\/naturmind-bezlepkovo-ryzova-kasa-s-bobulovym-ovocim-44g\/","title":{"rendered":"Naturmind Bezlepkovo-ry\u017eov\u00e1 ka\u0161a s bobu\u013eov\u00fdm ovoc\u00edm 44g"},"content":{"rendered":"<p data-start=\"102\" data-end=\"387\"><strong data-start=\"102\" data-end=\"187\">\u010cu\u010doriedkov\u00e1 instantn\u00e1 ry\u017eov\u00e1 ka\u0161a s rastlinn\u00fdmi bielkovinami, vitam\u00ednmi a zinkom<\/strong> predstavuje chutn\u00e9 a v\u00fd\u017eivn\u00e9 rie\u0161enie pre r\u00fdchle jedlo po\u010das d\u0148a. Vynik\u00e1 jemnou <strong data-start=\"268\" data-end=\"297\">ovocnou chu\u0165ou \u010du\u010doriedok<\/strong>, vyv\u00e1\u017een\u00fdm zlo\u017een\u00edm a jednoduchou pr\u00edpravou, v\u010faka \u010domu je ide\u00e1lna na ra\u0148ajky aj desiatu.<\/p>\n<p data-start=\"389\" data-end=\"957\"><strong data-start=\"389\" data-end=\"402\">\u00d6sszet\u00e9tel:<\/strong> extrudovan\u00e1 ry\u017eov\u00e1 m\u00faka (90 %), hrachov\u00fd prote\u00edn (5,2 %), su\u0161en\u00e9 \u010du\u010doriedky (2 %), ry\u017eov\u00fd prote\u00edn (1,1 %), pr\u00edrodn\u00e1 \u010du\u010doriedkov\u00e1 ar\u00f3ma, kyselina citr\u00f3nov\u00e1, farbiaca potravina (cviklov\u00fd pr\u00e1\u0161ok), sladidl\u00e1 (sukral\u00f3za, steviol-glykozidy), extrakt z aceroly (0,1 %; acerola pr\u00e1\u0161ok, vitam\u00edn C, maltodextr\u00edn), extrakt z acai (0,1 %; maltodextr\u00edn), extrakt zo \u0161\u00edpok (0,05 %), glukon\u00e1t zino\u010dnat\u00fd, niac\u00edn, kyselina pantot\u00e9nov\u00e1 (D-pantoten\u00e1t v\u00e1penat\u00fd), vitam\u00edn B6 (pyridox\u00edn hydrochlorid), tiam\u00edn (tiam\u00edn mononitr\u00e1t), vitam\u00edn B12 (mannitol, metylkobalam\u00edn), biot\u00edn.<\/p>\n<p data-start=\"959\" data-end=\"1104\">Produkt obsahuje <strong data-start=\"976\" data-end=\"1028\">rastlinn\u00e9 bielkoviny, vitam\u00edny skupiny B a zinok<\/strong>, ktor\u00e9 podporuj\u00fa energiu, vitalitu a spr\u00e1vne fungovanie imunitn\u00e9ho syst\u00e9mu.<\/p>\n<p data-start=\"1106\" data-end=\"1279\"><strong data-start=\"1106\" data-end=\"1119\">El\u0151k\u00e9sz\u00edt\u00e9s:<\/strong> obsah vrecka (<strong data-start=\"1134\" data-end=\"1142\">44 g<\/strong>) vysypte do misky, zalejte pribli\u017ene <strong data-start=\"1180\" data-end=\"1228\">200 ml hor\u00facej vody alebo rastlinn\u00e9ho n\u00e1poja<\/strong> a mie\u0161ajte, k\u00fdm nevznikne hladk\u00e1 ka\u0161a bez hrudiek.<\/p>\n<p data-start=\"1281\" data-end=\"1503\"><strong data-start=\"1281\" data-end=\"1310\">V\u00fd\u017eivov\u00e9 hodnoty v 100 g:<\/strong> energia <strong data-start=\"1319\" data-end=\"1341\">1446 kJ \/ 341 kcal<\/strong>, tuky <strong data-start=\"1348\" data-end=\"1357\">1,1 g<\/strong>, z toho nas\u00fdten\u00e9 mastn\u00e9 kyseliny <strong data-start=\"1391\" data-end=\"1400\">0,2 g<\/strong>, sacharidy <strong data-start=\"1412\" data-end=\"1422\">70,7 g<\/strong>, z toho cukry <strong data-start=\"1437\" data-end=\"1446\">1,2 g<\/strong>, bielkoviny <strong data-start=\"1459\" data-end=\"1469\">11,5 g<\/strong>, vl\u00e1knina <strong data-start=\"1480\" data-end=\"1487\">1 g<\/strong>, so\u013e <strong data-start=\"1493\" data-end=\"1502\" data-is-only-node=\"\">0,2 g<\/strong>.<\/p>\n<p data-start=\"1505\" data-end=\"1566\"><strong data-start=\"1505\" data-end=\"1521\">T\u00e1rol\u00e1s:<\/strong> uchov\u00e1vajte na <strong data-start=\"1537\" data-end=\"1565\">suchom a chladnom mieste<\/strong>.<\/p>\n<p data-start=\"1568\" data-end=\"1586\" data-is-last-node=\"\" data-is-only-node=\"\"><strong data-start=\"1568\" data-end=\"1580\">Csomagol\u00e1s:<\/strong> 44 g<\/p>","protected":false},"excerpt":{"rendered":"<p>Popis produktu: Instantn\u00e1 ry\u017eov\u00e1 ka\u0161a s jemnou pr\u00edchu\u0165ou \u010du\u010doriedok a \u010fal\u0161\u00edch bob\u00fa\u013e, obohaten\u00e1 o rastlinn\u00e9 bielkoviny a vitam\u00edny. Vhodn\u00e1 ako r\u00fdchla a v\u00fd\u017eivn\u00e1 ra\u0148ajka alebo desiata pre deti aj dospel\u00fdch.<\/p>\n<p>Zlo\u017eenie: Extrudovan\u00e1 ry\u017eov\u00e1 m\u00faka (90\u00a0%), hrachov\u00fd prote\u00edn (5,2\u00a0%), su\u0161en\u00e9 \u010du\u010doriedky (2\u00a0%), ry\u017e&#8230; <a href=\"#tab-description\" class=\"more-link\">B\u0151vebben<\/a><\/p>","protected":false},"featured_media":11319,"comment_status":"open","ping_status":"closed","template":"","meta":{"inline_featured_image":false},"product_brand":[283],"product_cat":[316,71,174,178,172],"product_tag":[280,309,313,312,281],"class_list":{"0":"post-11316","1":"product","2":"type-product","3":"status-publish","4":"has-post-thumbnail","6":"product_brand-biorganik-naturmind","7":"product_cat-bezlepkove-vyrobky","8":"product_cat-potraviny","9":"product_cat-maskrty","10":"product_cat-sladke-maskrty","11":"product_cat-musli-vlocky","12":"product_tag-bezglutenove","13":"product_tag-novinky","14":"product_tag-top-ostatne","15":"product_tag-top-potraviny","16":"product_tag-veganske","18":"first","19":"instock","20":"taxable","21":"shipping-taxable","22":"purchasable","23":"product-type-simple"},"aioseo_notices":[],"_links":{"self":[{"href":"https:\/\/www.biokari.sk\/hu\/wp-json\/wp\/v2\/product\/11316","targetHints":{"allow":["GET"]}}],"collection":[{"href":"https:\/\/www.biokari.sk\/hu\/wp-json\/wp\/v2\/product"}],"about":[{"href":"https:\/\/www.biokari.sk\/hu\/wp-json\/wp\/v2\/types\/product"}],"replies":[{"embeddable":true,"href":"https:\/\/www.biokari.sk\/hu\/wp-json\/wp\/v2\/comments?post=11316"}],"wp:featuredmedia":[{"embeddable":true,"href":"https:\/\/www.biokari.sk\/hu\/wp-json\/wp\/v2\/media\/11319"}],"wp:attachment":[{"href":"https:\/\/www.biokari.sk\/hu\/wp-json\/wp\/v2\/media?parent=11316"}],"wp:term":[{"taxonomy":"product_brand","embeddable":true,"href":"https:\/\/www.biokari.sk\/hu\/wp-json\/wp\/v2\/product_brand?post=11316"},{"taxonomy":"product_cat","embeddable":true,"href":"https:\/\/www.biokari.sk\/hu\/wp-json\/wp\/v2\/product_cat?post=11316"},{"taxonomy":"product_tag","embeddable":true,"href":"https:\/\/www.biokari.sk\/hu\/wp-json\/wp\/v2\/product_tag?post=11316"}],"curies":[{"name":"wp","href":"https:\/\/api.w.org\/{rel}","templated":true}]}}