{"id":11320,"date":"2026-04-03T22:04:02","date_gmt":"2026-04-03T20:04:02","guid":{"rendered":"https:\/\/www.biokari.sk\/produkt\/naturmind-bio-bezlepkova-pohankova-muka-500g\/"},"modified":"2026-04-27T19:02:05","modified_gmt":"2026-04-27T17:02:05","slug":"naturmind-bio-bezlepkova-pohankova-muka-500g","status":"publish","type":"product","link":"https:\/\/www.biokari.sk\/hu\/termek\/naturmind-bio-bezlepkova-pohankova-muka-500g\/","title":{"rendered":"Biorganik Bio Bezlepkov\u00e1 pohankov\u00e1 m\u00faka 500g"},"content":{"rendered":"<p><strong>Bio poh\u00e1nkov\u00e1 m\u00faka bez lepku<\/strong>&nbsp;je v\u00fd\u017eivn\u00e1 a prirodzen\u00e1 surovina vhodn\u00e1 pre zdrav\u00e9 varenie aj pe\u010denie. V\u010faka svojim vlastnostiam je ide\u00e1lna najm\u00e4 na&nbsp;<strong>bezlepkov\u00e9 oba\u013eovanie<\/strong>, ale v\u00fdborne sa hod\u00ed aj na pr\u00edpravu placiek, zahus\u0165ovanie jed\u00e1l \u010di r\u00f4zne dom\u00e1ce recepty.<\/p>\n\n\n\n<p><strong>\u00d6sszet\u00e9tel:<\/strong>&nbsp;poh\u00e1nkov\u00e1 m\u00faka* (*z kontrolovan\u00e9ho ekologick\u00e9ho po\u013enohospod\u00e1rstva, HU-\u00d6KO-01, kontrolovan\u00e9 organiz\u00e1ciou Biokontroll Hung\u00e1ria Nonprofit Kft.).<\/p>\n\n\n\n<p>Produkt je&nbsp;<strong>100 % bio a prirodzene bezlepkov\u00fd<\/strong>, vhodn\u00fd pre osoby s intoleranciou lepku aj pre v\u0161etk\u00fdch, ktor\u00ed uprednost\u0148uj\u00fa kvalitn\u00e9 ekologick\u00e9 potraviny.<\/p>\n\n\n\n<p><strong>V\u00fd\u017eivov\u00e9 hodnoty v 100 g:<\/strong>&nbsp;energia&nbsp;<strong>1426 kJ \/ 337 kcal<\/strong>, tuky&nbsp;<strong>2,9 g<\/strong>, z toho nas\u00fdten\u00e9 mastn\u00e9 kyseliny&nbsp;<strong>0,6 g<\/strong>, sacharidy&nbsp;<strong>61,7 g<\/strong>, z toho cukry&nbsp;<strong>1,1 g<\/strong>, vl\u00e1knina&nbsp;<strong>6,5 g<\/strong>, bielkoviny&nbsp;<strong>12,7 g<\/strong>, so\u013e&nbsp;<strong>0,06 g<\/strong>.<\/p>\n\n\n\n<p>Poh\u00e1nkov\u00e1 m\u00faka je prirodzene bohat\u00e1 na&nbsp;<strong>vl\u00e1kninu a rastlinn\u00e9 bielkoviny<\/strong>, \u010d\u00edm prispieva k vyv\u00e1\u017eenej strave a dlh\u0161iemu pocitu s\u00fdtosti.<\/p>\n\n\n\n<p><strong>Alkalmaz\u00e1s:<\/strong>&nbsp;vhodn\u00e1 na bezlepkov\u00e9 oba\u013eovanie, pr\u00edpravu placiek, zahus\u0165ovanie jed\u00e1l a \u010fal\u0161ie kulin\u00e1rske vyu\u017eitie.<\/p>\n\n\n\n<p><strong>T\u00e1rol\u00e1s:<\/strong>&nbsp;uchov\u00e1vajte na&nbsp;<strong>suchom a chladnom mieste<\/strong>.<\/p>\n\n\n\n<p><strong>Krajina p\u00f4vodu:<\/strong>&nbsp;uveden\u00e1 na obale produktu.<\/p>\n\n\n\n<p><strong>Figyelmeztet\u00e9s:<\/strong>&nbsp;napriek maxim\u00e1lnej snahe o presnos\u0165 inform\u00e1ci\u00ed sa zlo\u017eenie a nutri\u010dn\u00e9 hodnoty m\u00f4\u017eu meni\u0165. V\u017edy si pre\u010d\u00edtajte \u00fadaje uveden\u00e9 priamo na obale produktu.<\/p>\n\n\n\n<p><strong>Csomagol\u00e1s:<\/strong>\u00a0500 g<\/p>","protected":false},"excerpt":{"rendered":"<p>Bio poh\u00e1nkov\u00e1 m\u00faka bez lepku\u00a0je v\u00fd\u017eivn\u00e1 a prirodzen\u00e1 surovina vhodn\u00e1 pre zdrav\u00e9 varenie aj pe\u010denie. V\u010faka svojim vlastnostiam je&#8230; <a href=\"#tab-description\" class=\"more-link\">B\u0151vebben<\/a><\/p>","protected":false},"featured_media":11322,"comment_status":"open","ping_status":"closed","template":"","meta":{"inline_featured_image":false},"product_brand":[283],"product_cat":[316,71,166],"product_tag":[],"class_list":{"0":"post-11320","1":"product","2":"type-product","3":"status-publish","4":"has-post-thumbnail","6":"product_brand-biorganik-naturmind","7":"product_cat-bezlepkove-vyrobky","8":"product_cat-potraviny","9":"product_cat-muky","11":"first","12":"instock","13":"taxable","14":"shipping-taxable","15":"purchasable","16":"product-type-simple"},"aioseo_notices":[],"_links":{"self":[{"href":"https:\/\/www.biokari.sk\/hu\/wp-json\/wp\/v2\/product\/11320","targetHints":{"allow":["GET"]}}],"collection":[{"href":"https:\/\/www.biokari.sk\/hu\/wp-json\/wp\/v2\/product"}],"about":[{"href":"https:\/\/www.biokari.sk\/hu\/wp-json\/wp\/v2\/types\/product"}],"replies":[{"embeddable":true,"href":"https:\/\/www.biokari.sk\/hu\/wp-json\/wp\/v2\/comments?post=11320"}],"wp:featuredmedia":[{"embeddable":true,"href":"https:\/\/www.biokari.sk\/hu\/wp-json\/wp\/v2\/media\/11322"}],"wp:attachment":[{"href":"https:\/\/www.biokari.sk\/hu\/wp-json\/wp\/v2\/media?parent=11320"}],"wp:term":[{"taxonomy":"product_brand","embeddable":true,"href":"https:\/\/www.biokari.sk\/hu\/wp-json\/wp\/v2\/product_brand?post=11320"},{"taxonomy":"product_cat","embeddable":true,"href":"https:\/\/www.biokari.sk\/hu\/wp-json\/wp\/v2\/product_cat?post=11320"},{"taxonomy":"product_tag","embeddable":true,"href":"https:\/\/www.biokari.sk\/hu\/wp-json\/wp\/v2\/product_tag?post=11320"}],"curies":[{"name":"wp","href":"https:\/\/api.w.org\/{rel}","templated":true}]}}