{"id":11330,"date":"2026-04-03T22:37:20","date_gmt":"2026-04-03T20:37:20","guid":{"rendered":"https:\/\/www.biokari.sk\/produkt\/naturmind-himalajska-ruzova-sol-hruba-1000g\/"},"modified":"2026-04-27T19:02:03","modified_gmt":"2026-04-27T17:02:03","slug":"naturmind-himalajska-ruzova-sol-hruba-1000g","status":"publish","type":"product","link":"https:\/\/www.biokari.sk\/hu\/termek\/naturmind-himalajska-ruzova-sol-hruba-1000g\/","title":{"rendered":"Naturmind Himal\u00e1jska ru\u017eov\u00e1 so\u013e hrub\u00e1 1000g"},"content":{"rendered":"<p><strong>Hrubozrnn\u00e1 himal\u00e1jska kamenn\u00e1 so\u013e<\/strong>&nbsp;je \u010dist\u00e1, pr\u00edrodn\u00e1 so\u013e bez pridan\u00fdch l\u00e1tok, ktor\u00e1 predstavuje kvalitn\u00fa alternat\u00edvu ku klasickej kuchynskej soli. Vyzna\u010duje sa prirodzen\u00fdm p\u00f4vodom a minim\u00e1lnym spracovan\u00edm, v\u010faka \u010domu si zachov\u00e1va svoj autentick\u00fd charakter.<\/p>\n\n\n\n<p>T\u00e1to so\u013e poch\u00e1dza z oblasti&nbsp;<strong>Punjab v Pakistane<\/strong>, kde sa dodnes vo ve\u013ekej miere&nbsp;<strong>\u0165a\u017e\u00ed ru\u010dne<\/strong>. Neobsahuje \u017eiadne pr\u00eddavn\u00e9 l\u00e1tky ani umel\u00e9 farbiv\u00e1, pri\u010dom jej typick\u00e1 farba je v\u00fdsledkom prirodzene sa vyskytuj\u00facich miner\u00e1lov.<\/p>\n\n\n\n<p><strong>\u00d6sszet\u00e9tel:<\/strong>&nbsp;so\u013e.<\/p>\n\n\n\n<p><strong>V\u00fd\u017eivov\u00e9 hodnoty v 100 g:<\/strong>&nbsp;energia&nbsp;<strong>0 kJ \/ 0 kcal<\/strong>, tuky&nbsp;<strong>0 g<\/strong>, z toho nas\u00fdten\u00e9 mastn\u00e9 kyseliny&nbsp;<strong>0 g<\/strong>, sacharidy&nbsp;<strong>0 g<\/strong>, z toho cukry&nbsp;<strong>0 g<\/strong>, bielkoviny&nbsp;<strong>0 g<\/strong>, so\u013e&nbsp;<strong>99,5 g<\/strong>.<\/p>\n\n\n\n<p>Himal\u00e1jska so\u013e obsahuje pribli\u017ene&nbsp;<strong>98 % chloridu sodn\u00e9ho<\/strong>, pri\u010dom zvy\u0161ok tvoria stopov\u00e9 miner\u00e1ly. Hoci to m\u00f4\u017ee p\u00f4sobi\u0165 atrakt\u00edvne, ich mno\u017estvo je pri be\u017enej konzum\u00e1cii ve\u013emi n\u00edzke. Preto je d\u00f4le\u017eit\u00e9 pristupova\u0165 k jej pou\u017e\u00edvaniu rovnako ako pri klasickej soli a&nbsp;<strong>neprekra\u010dova\u0165 odpor\u00fa\u010dan\u00fd denn\u00fd pr\u00edjem<\/strong>. Na rozdiel od jodizovanej soli&nbsp;<strong>neobsahuje j\u00f3d<\/strong>, preto je vhodn\u00e9 zabezpe\u010di\u0165 jeho pr\u00edjem z in\u00fdch zdrojov, ak je to potrebn\u00e9.<\/p>\n\n\n\n<p>Pou\u017eitie je rovnak\u00e9 ako pri be\u017enej soli \u2013&nbsp;<strong>\u013eahko sa rozp\u00fa\u0161\u0165a, nem\u00e1 ved\u013eaj\u0161iu pr\u00edchu\u0165<\/strong>&nbsp;a je vhodn\u00e1 na ka\u017edodenn\u00e9 varenie. Okrem kulin\u00e1rskeho vyu\u017eitia sa pou\u017e\u00edva aj napr\u00edklad do&nbsp;<strong>k\u00fape\u013eov\u00fdch zmes\u00ed<\/strong>.<\/p>\n\n\n\n<p><strong>T\u00e1rol\u00e1s:<\/strong>&nbsp;uchov\u00e1vajte na&nbsp;<strong>suchom a chladnom mieste<\/strong>.<\/p>\n\n\n\n<p><strong>Krajina p\u00f4vodu:<\/strong>&nbsp;uveden\u00e1 na obale produktu.<\/p>\n\n\n\n<p><strong>Figyelmeztet\u00e9s:<\/strong>&nbsp;napriek maxim\u00e1lnej snahe o presnos\u0165 inform\u00e1ci\u00ed sa zlo\u017eenie a nutri\u010dn\u00e9 hodnoty m\u00f4\u017eu meni\u0165. V\u017edy si pre\u010d\u00edtajte \u00fadaje uveden\u00e9 priamo na obale produktu.<\/p>\n\n\n\n<p><strong>Csomagol\u00e1s:<\/strong>&nbsp;1000 g.<\/p>\n\n\n\n<p><\/p>","protected":false},"excerpt":{"rendered":"<p>Hrubozrnn\u00e1 himal\u00e1jska kamenn\u00e1 so\u013e je \u010dist\u00e1, pr\u00edrodn\u00e1 so\u013e bez pridan\u00fdch l\u00e1tok, ktor\u00e1 predstavuje kvalitn\u00fa alternat\u00edvu ku klasickej kuchynskej soli&#8230; <a href=\"#tab-description\" class=\"more-link\">B\u0151vebben<\/a><\/p>","protected":false},"featured_media":11332,"comment_status":"open","ping_status":"closed","template":"","meta":{"inline_featured_image":false},"product_brand":[283],"product_cat":[71,169],"product_tag":[281],"class_list":{"0":"post-11330","1":"product","2":"type-product","3":"status-publish","4":"has-post-thumbnail","6":"product_brand-biorganik-naturmind","7":"product_cat-potraviny","8":"product_cat-sol","9":"product_tag-veganske","11":"first","12":"instock","13":"taxable","14":"shipping-taxable","15":"purchasable","16":"product-type-simple"},"aioseo_notices":[],"_links":{"self":[{"href":"https:\/\/www.biokari.sk\/hu\/wp-json\/wp\/v2\/product\/11330","targetHints":{"allow":["GET"]}}],"collection":[{"href":"https:\/\/www.biokari.sk\/hu\/wp-json\/wp\/v2\/product"}],"about":[{"href":"https:\/\/www.biokari.sk\/hu\/wp-json\/wp\/v2\/types\/product"}],"replies":[{"embeddable":true,"href":"https:\/\/www.biokari.sk\/hu\/wp-json\/wp\/v2\/comments?post=11330"}],"wp:featuredmedia":[{"embeddable":true,"href":"https:\/\/www.biokari.sk\/hu\/wp-json\/wp\/v2\/media\/11332"}],"wp:attachment":[{"href":"https:\/\/www.biokari.sk\/hu\/wp-json\/wp\/v2\/media?parent=11330"}],"wp:term":[{"taxonomy":"product_brand","embeddable":true,"href":"https:\/\/www.biokari.sk\/hu\/wp-json\/wp\/v2\/product_brand?post=11330"},{"taxonomy":"product_cat","embeddable":true,"href":"https:\/\/www.biokari.sk\/hu\/wp-json\/wp\/v2\/product_cat?post=11330"},{"taxonomy":"product_tag","embeddable":true,"href":"https:\/\/www.biokari.sk\/hu\/wp-json\/wp\/v2\/product_tag?post=11330"}],"curies":[{"name":"wp","href":"https:\/\/api.w.org\/{rel}","templated":true}]}}