{"id":11342,"date":"2026-04-03T22:51:19","date_gmt":"2026-04-03T20:51:19","guid":{"rendered":"https:\/\/www.biokari.sk\/produkt\/naturmind-inulin-prasok-250g\/"},"modified":"2026-04-30T19:01:22","modified_gmt":"2026-04-30T17:01:22","slug":"naturmind-inulin-prasok-250g","status":"publish","type":"product","link":"https:\/\/www.biokari.sk\/hu\/termek\/naturmind-inulin-prasok-250g\/","title":{"rendered":"Naturmind Inul\u00edn pr\u00e1\u0161ok 250g"},"content":{"rendered":"<p><strong>Inul\u00edn z \u010dakanky \u2013 rastlinn\u00e1 vl\u00e1knina<\/strong>&nbsp;je prirodzen\u00fd zdroj vl\u00e1kniny, ktor\u00fd predstavuje ide\u00e1lnu podporu pre zdrav\u00e9 tr\u00e1venie. Ide o&nbsp;<strong>prebiotick\u00fa vl\u00e1kninu<\/strong>, ktor\u00e1 sl\u00fa\u017ei ako potrava pre prospe\u0161n\u00e9 \u010drevn\u00e9 bakt\u00e9rie a prispieva k rovnov\u00e1he \u010drevnej mikrofl\u00f3ry.<\/p>\n\n\n\n<p><strong>\u00d6sszet\u00e9tel:<\/strong>&nbsp;inul\u00edn z \u010dakanky.<\/p>\n\n\n\n<p>Inul\u00edn je typ vl\u00e1kniny, ktor\u00fd sa v organizme&nbsp;<strong>nestr\u00e1vi ani nevstreb\u00e1va<\/strong>, ale dost\u00e1va sa a\u017e do \u010driev, kde podporuje rast prospe\u0161n\u00fdch bakt\u00e9ri\u00ed. Pravideln\u00e9 u\u017e\u00edvanie m\u00f4\u017ee prispie\u0165 k lep\u0161iemu tr\u00e1veniu a celkov\u00e9mu komfortu tr\u00e1viaceho syst\u00e9mu.<\/p>\n\n\n\n<p>M\u00e1 prirodzene&nbsp;<strong>jemne sladk\u00fa chu\u0165<\/strong>, v\u010faka \u010domu je vhodn\u00fd aj ako doplnok do r\u00f4znych jed\u00e1l a n\u00e1pojov.<\/p>\n\n\n\n<p><strong>Aj\u00e1nlott adagol\u00e1s:<\/strong>&nbsp;pribli\u017ene&nbsp;<strong>5\u201310 g denne<\/strong>&nbsp;(1\u20132 zarovnan\u00e9 \u010dajov\u00e9 ly\u017ei\u010dky). M\u00f4\u017ee sa prid\u00e1va\u0165 do n\u00e1pojov, smoothie, jogurtov, ka\u0161\u00ed, ale aj do pe\u010diva \u010di dezertov.<\/p>\n\n\n\n<p><strong>V\u00fd\u017eivov\u00e9 hodnoty v 100 g:<\/strong>&nbsp;energia&nbsp;<strong>875 kJ \/ 216 kcal<\/strong>, tuky&nbsp;<strong>0 g<\/strong>, z toho nas\u00fdten\u00e9 mastn\u00e9 kyseliny&nbsp;<strong>0 g<\/strong>, sacharidy&nbsp;<strong>11 g<\/strong>, z toho cukry&nbsp;<strong>11 g<\/strong>, vl\u00e1knina&nbsp;<strong>86 g<\/strong>, bielkoviny&nbsp;<strong>0 g<\/strong>, so\u013e&nbsp;<strong>0 g<\/strong>.<\/p>\n\n\n\n<p>Produkt je&nbsp;<strong>bezlepkov\u00fd<\/strong>&nbsp;a vhodn\u00fd pre r\u00f4zne typy stravovania.<\/p>\n\n\n\n<p><strong>T\u00e1rol\u00e1s:<\/strong>&nbsp;uchov\u00e1vajte na&nbsp;<strong>suchom a chladnom mieste<\/strong>.<\/p>\n\n\n\n<p><strong>Krajina p\u00f4vodu:<\/strong>&nbsp;uveden\u00e1 na obale produktu.<\/p>\n\n\n\n<p><strong>Figyelmeztet\u00e9s:<\/strong>&nbsp;napriek maxim\u00e1lnej snahe o presnos\u0165 inform\u00e1ci\u00ed sa zlo\u017eenie a nutri\u010dn\u00e9 hodnoty m\u00f4\u017eu meni\u0165. V\u017edy si pre\u010d\u00edtajte \u00fadaje uveden\u00e9 priamo na obale produktu.<\/p>\n\n\n\n<p><strong>Csomagol\u00e1s:<\/strong>\u00a0250 g<\/p>","protected":false},"excerpt":{"rendered":"<p>Inul\u00edn z \u010dakanky \u2013 rastlinn\u00e1 vl\u00e1knina\u00a0je prirodzen\u00fd zdroj vl\u00e1kniny, ktor\u00fd predstavuje ide\u00e1lnu podporu pre zdrav\u00e9 tr\u00e1venie. Ide o\u00a0prebiotick\u00fa vl\u00e1kninu&#8230; <a href=\"#tab-description\" class=\"more-link\">B\u0151vebben<\/a><\/p>","protected":false},"featured_media":11345,"comment_status":"open","ping_status":"closed","template":"","meta":{"inline_featured_image":false},"product_brand":[283],"product_cat":[69,143,71],"product_tag":[280,281],"class_list":{"0":"post-11342","1":"product","2":"type-product","3":"status-publish","4":"has-post-thumbnail","6":"product_brand-biorganik-naturmind","7":"product_cat-vyzivove-doplnky","8":"product_cat-zaludok-a-crevna-cinnost","9":"product_cat-potraviny","10":"product_tag-bezglutenove","11":"product_tag-veganske","13":"first","14":"instock","15":"taxable","16":"shipping-taxable","17":"purchasable","18":"product-type-simple"},"aioseo_notices":[],"_links":{"self":[{"href":"https:\/\/www.biokari.sk\/hu\/wp-json\/wp\/v2\/product\/11342","targetHints":{"allow":["GET"]}}],"collection":[{"href":"https:\/\/www.biokari.sk\/hu\/wp-json\/wp\/v2\/product"}],"about":[{"href":"https:\/\/www.biokari.sk\/hu\/wp-json\/wp\/v2\/types\/product"}],"replies":[{"embeddable":true,"href":"https:\/\/www.biokari.sk\/hu\/wp-json\/wp\/v2\/comments?post=11342"}],"wp:featuredmedia":[{"embeddable":true,"href":"https:\/\/www.biokari.sk\/hu\/wp-json\/wp\/v2\/media\/11345"}],"wp:attachment":[{"href":"https:\/\/www.biokari.sk\/hu\/wp-json\/wp\/v2\/media?parent=11342"}],"wp:term":[{"taxonomy":"product_brand","embeddable":true,"href":"https:\/\/www.biokari.sk\/hu\/wp-json\/wp\/v2\/product_brand?post=11342"},{"taxonomy":"product_cat","embeddable":true,"href":"https:\/\/www.biokari.sk\/hu\/wp-json\/wp\/v2\/product_cat?post=11342"},{"taxonomy":"product_tag","embeddable":true,"href":"https:\/\/www.biokari.sk\/hu\/wp-json\/wp\/v2\/product_tag?post=11342"}],"curies":[{"name":"wp","href":"https:\/\/api.w.org\/{rel}","templated":true}]}}