{"id":11358,"date":"2026-04-03T23:27:55","date_gmt":"2026-04-03T21:27:55","guid":{"rendered":"https:\/\/www.biokari.sk\/produkt\/naturmind-kokosovy-kvetovy-cukor-500g\/"},"modified":"2026-04-27T19:02:04","modified_gmt":"2026-04-27T17:02:04","slug":"naturmind-kokosovy-kvetovy-cukor-500g","status":"publish","type":"product","link":"https:\/\/www.biokari.sk\/hu\/termek\/naturmind-kokosovy-kvetovy-cukor-500g\/","title":{"rendered":"Naturmind Kokosov\u00fd kvetov\u00fd cukor 500g"},"content":{"rendered":"<p><strong>Kokosov\u00fd cukor z kokosov\u00fdch kvetov<\/strong>&nbsp;sa vyzna\u010duje&nbsp;<strong>jedine\u010dnou, jemne karamelovou chu\u0165ou<\/strong>, ktor\u00e1 p\u00f4sob\u00ed pr\u00edjemne hrejivo a prirodzene sladko. V\u010faka n\u00edzkemu bodu topenia sa&nbsp;<strong>\u013eahko rozp\u00fa\u0161\u0165a a jednoducho pou\u017e\u00edva<\/strong>&nbsp;pri varen\u00ed aj pe\u010den\u00ed.<\/p>\n\n\n\n<p>Tento cukor sa z\u00edskava z nekt\u00e1ru kokosov\u00fdch kvetov a&nbsp;<strong>nemal by sa zamie\u0148a\u0165 s palmov\u00fdm cukrom<\/strong>, ktor\u00fd sa vyr\u00e1ba z miazgy stromu, nie z kvetov.<\/p>\n\n\n\n<p><strong>\u00d6sszet\u00e9tel:<\/strong>&nbsp;kokosov\u00fd cukor z kvetov kokosovej palmy.<\/p>\n\n\n\n<p>Produkt je balen\u00fd v&nbsp;<strong>bezlepkovej a alerg\u00e9n-free prev\u00e1dzke<\/strong>, \u010do zaru\u010duje jeho bezpe\u010dnos\u0165 aj pre citliv\u00fdch spotrebite\u013eov.<\/p>\n\n\n\n<p><strong>V\u00fd\u017eivov\u00e9 hodnoty v 100 g:<\/strong>&nbsp;energia&nbsp;<strong>1643 kJ \/ 387 kcal<\/strong>, tuky&nbsp;<strong>0,17 g<\/strong>, z toho nas\u00fdten\u00e9 mastn\u00e9 kyseliny&nbsp;<strong>0,17 g<\/strong>, sacharidy&nbsp;<strong>95,3 g<\/strong>, z toho cukry&nbsp;<strong>95,3 g<\/strong>, vl\u00e1knina&nbsp;<strong>0 g<\/strong>, bielkoviny&nbsp;<strong>1 g<\/strong>, so\u013e&nbsp;<strong>0,45 g<\/strong>.<\/p>\n\n\n\n<p>Kokosov\u00fd cukor je vhodn\u00fd ako&nbsp;<strong>pr\u00edrodn\u00e1 alternat\u00edva klasick\u00e9ho cukru<\/strong>, ide\u00e1lny do n\u00e1pojov, dezertov, pe\u010denia aj ka\u017edodenn\u00e9ho sladenia.<\/p>\n\n\n\n<p><strong>T\u00e1rol\u00e1s:<\/strong>&nbsp;uchov\u00e1vajte na&nbsp;<strong>suchom a chladnom mieste<\/strong>.<\/p>\n\n\n\n<p><strong>Krajina p\u00f4vodu:<\/strong>&nbsp;Indon\u00e9zia.<\/p>\n\n\n\n<p><strong>Csomagol\u00e1s:<\/strong> 500g<\/p>","protected":false},"excerpt":{"rendered":"<p>&#8230; <a href=\"#tab-description\" class=\"more-link\">B\u0151vebben<\/a><\/p>","protected":false},"featured_media":11362,"comment_status":"open","ping_status":"closed","template":"","meta":{"inline_featured_image":false},"product_brand":[283],"product_cat":[337,71],"product_tag":[281],"class_list":{"0":"post-11358","1":"product","2":"type-product","3":"status-publish","4":"has-post-thumbnail","6":"product_brand-biorganik-naturmind","7":"product_cat-cukor","8":"product_cat-potraviny","9":"product_tag-veganske","11":"first","12":"instock","13":"taxable","14":"shipping-taxable","15":"purchasable","16":"product-type-simple"},"aioseo_notices":[],"_links":{"self":[{"href":"https:\/\/www.biokari.sk\/hu\/wp-json\/wp\/v2\/product\/11358","targetHints":{"allow":["GET"]}}],"collection":[{"href":"https:\/\/www.biokari.sk\/hu\/wp-json\/wp\/v2\/product"}],"about":[{"href":"https:\/\/www.biokari.sk\/hu\/wp-json\/wp\/v2\/types\/product"}],"replies":[{"embeddable":true,"href":"https:\/\/www.biokari.sk\/hu\/wp-json\/wp\/v2\/comments?post=11358"}],"wp:featuredmedia":[{"embeddable":true,"href":"https:\/\/www.biokari.sk\/hu\/wp-json\/wp\/v2\/media\/11362"}],"wp:attachment":[{"href":"https:\/\/www.biokari.sk\/hu\/wp-json\/wp\/v2\/media?parent=11358"}],"wp:term":[{"taxonomy":"product_brand","embeddable":true,"href":"https:\/\/www.biokari.sk\/hu\/wp-json\/wp\/v2\/product_brand?post=11358"},{"taxonomy":"product_cat","embeddable":true,"href":"https:\/\/www.biokari.sk\/hu\/wp-json\/wp\/v2\/product_cat?post=11358"},{"taxonomy":"product_tag","embeddable":true,"href":"https:\/\/www.biokari.sk\/hu\/wp-json\/wp\/v2\/product_tag?post=11358"}],"curies":[{"name":"wp","href":"https:\/\/api.w.org\/{rel}","templated":true}]}}