{"id":11384,"date":"2026-04-05T09:38:38","date_gmt":"2026-04-05T07:38:38","guid":{"rendered":"https:\/\/www.biokari.sk\/produkt\/naturmind-mleta-biela-himalajska-sol-1000g\/"},"modified":"2026-04-18T19:02:52","modified_gmt":"2026-04-18T17:02:52","slug":"naturmind-mleta-biela-himalajska-sol-1000g","status":"publish","type":"product","link":"https:\/\/www.biokari.sk\/hu\/termek\/naturmind-mleta-biela-himalajska-sol-1000g\/","title":{"rendered":"Naturmind Mlet\u00e1 biela himal\u00e1jska so\u013e 1000g"},"content":{"rendered":"<p>J<strong>emn\u00e1 himal\u00e1jska mlet\u00e1 so\u013e (halit)<\/strong>\u00a0je\u00a0<strong>\u010dist\u00e1, pr\u00edrodn\u00e1 so\u013e bez pridan\u00fdch l\u00e1tok<\/strong>, ktor\u00e1 je ide\u00e1lna na ka\u017edodenn\u00e9 pou\u017eitie v kuchyni. V\u010faka jemnej \u0161trukt\u00fare sa\u00a0<strong>\u013eahko rozp\u00fa\u0161\u0165a a rovnomerne dochucuje jedl\u00e1<\/strong>.<\/p>\n\n\n\n<p><strong>\u00d6sszet\u00e9tel:<\/strong>&nbsp;halit (himal\u00e1jska so\u013e).<\/p>\n\n\n\n<p>Poch\u00e1dza z oblasti&nbsp;<strong>Punjab v Pakistane<\/strong>, kde sa dodnes preva\u017ene&nbsp;<strong>\u0165a\u017e\u00ed ru\u010dne a spracov\u00e1va minim\u00e1lne<\/strong>, bez chemick\u00fdch z\u00e1sahov. Jej prirodzen\u00e9 sfarbenie je v\u00fdsledkom&nbsp;<strong>obsahu miner\u00e1lov<\/strong>, nie umel\u00fdch farb\u00edv.<\/p>\n\n\n\n<p><strong>V\u00fd\u017eivov\u00e9 hodnoty v 100 g:<\/strong>&nbsp;energia&nbsp;<strong>0 kJ \/ 0 kcal<\/strong>, tuky&nbsp;<strong>0 g<\/strong>, z toho nas\u00fdten\u00e9 mastn\u00e9 kyseliny&nbsp;<strong>0 g<\/strong>, sacharidy&nbsp;<strong>0 g<\/strong>, z toho cukry&nbsp;<strong>0 g<\/strong>, bielkoviny&nbsp;<strong>0 g<\/strong>, so\u013e&nbsp;<strong>99,5 g<\/strong>.<\/p>\n\n\n\n<p>Podobne ako klasick\u00e1 kuchynsk\u00e1 so\u013e obsahuje pribli\u017ene&nbsp;<strong>98 % chloridu sodn\u00e9ho<\/strong>, pri\u010dom zvy\u0161ok tvoria stopov\u00e9 miner\u00e1ly. Aj ke\u010f m\u00f4\u017ee p\u00f4sobi\u0165 ako v\u00fd\u017eivnej\u0161ia alternat\u00edva, ich mno\u017estvo je pri be\u017enom pou\u017e\u00edvan\u00ed zanedbate\u013en\u00e9. Pri zdravotn\u00fdch obmedzeniach je potrebn\u00e9 sledova\u0165 pr\u00edjem soli aj v tomto pr\u00edpade. Z\u00e1rove\u0148&nbsp;<strong>neobsahuje j\u00f3d<\/strong>, preto je vhodn\u00e9 jeho pr\u00edjem zabezpe\u010di\u0165 z in\u00fdch zdrojov, ak je to potrebn\u00e9.<\/p>\n\n\n\n<p>Pou\u017eitie je rovnak\u00e9 ako pri be\u017enej soli \u2013 vhodn\u00e1 na&nbsp;<strong>varenie, pe\u010denie aj dochucovanie jed\u00e1l<\/strong>, bez ved\u013eaj\u0161ej chuti. Okrem kuchyne sa vyu\u017e\u00edva aj napr\u00edklad do&nbsp;<strong>k\u00fape\u013eov\u00fdch zmes\u00ed<\/strong>.<\/p>\n\n\n\n<p><strong>T\u00e1rol\u00e1s:<\/strong>&nbsp;uchov\u00e1vajte na&nbsp;<strong>suchom a chladnom mieste<\/strong>.<\/p>\n\n\n\n<p><strong>Krajina p\u00f4vodu:<\/strong>&nbsp;uveden\u00e1 na obale produktu.<\/p>\n\n\n\n<p><strong>Figyelmeztet\u00e9s:<\/strong>&nbsp;napriek maxim\u00e1lnej snahe o presnos\u0165 inform\u00e1ci\u00ed sa zlo\u017eenie a nutri\u010dn\u00e9 hodnoty m\u00f4\u017eu meni\u0165. V\u017edy si pre\u010d\u00edtajte \u00fadaje uveden\u00e9 priamo na obale produktu.<\/p>\n\n\n\n<p><strong>Csomagol\u00e1s:<\/strong>\u00a01000 g<\/p>","protected":false},"excerpt":{"rendered":"<p>Jemn\u00e1 himal\u00e1jska mlet\u00e1 so\u013e (halit)\u00a0je\u00a0\u010dist\u00e1, pr\u00edrodn\u00e1 so\u013e bez pridan\u00fdch l\u00e1tok, ktor\u00e1 je ide\u00e1lna na ka\u017edodenn\u00e9 pou\u017eitie v kuchyni&#8230; <a href=\"#tab-description\" class=\"more-link\">B\u0151vebben<\/a><\/p>","protected":false},"featured_media":11388,"comment_status":"open","ping_status":"closed","template":"","meta":{"inline_featured_image":false},"product_brand":[283],"product_cat":[71,169],"product_tag":[280,312,281],"class_list":{"0":"post-11384","1":"product","2":"type-product","3":"status-publish","4":"has-post-thumbnail","6":"product_brand-biorganik-naturmind","7":"product_cat-potraviny","8":"product_cat-sol","9":"product_tag-bezglutenove","10":"product_tag-top-potraviny","11":"product_tag-veganske","13":"first","14":"instock","15":"taxable","16":"shipping-taxable","17":"purchasable","18":"product-type-simple"},"aioseo_notices":[],"_links":{"self":[{"href":"https:\/\/www.biokari.sk\/hu\/wp-json\/wp\/v2\/product\/11384","targetHints":{"allow":["GET"]}}],"collection":[{"href":"https:\/\/www.biokari.sk\/hu\/wp-json\/wp\/v2\/product"}],"about":[{"href":"https:\/\/www.biokari.sk\/hu\/wp-json\/wp\/v2\/types\/product"}],"replies":[{"embeddable":true,"href":"https:\/\/www.biokari.sk\/hu\/wp-json\/wp\/v2\/comments?post=11384"}],"wp:featuredmedia":[{"embeddable":true,"href":"https:\/\/www.biokari.sk\/hu\/wp-json\/wp\/v2\/media\/11388"}],"wp:attachment":[{"href":"https:\/\/www.biokari.sk\/hu\/wp-json\/wp\/v2\/media?parent=11384"}],"wp:term":[{"taxonomy":"product_brand","embeddable":true,"href":"https:\/\/www.biokari.sk\/hu\/wp-json\/wp\/v2\/product_brand?post=11384"},{"taxonomy":"product_cat","embeddable":true,"href":"https:\/\/www.biokari.sk\/hu\/wp-json\/wp\/v2\/product_cat?post=11384"},{"taxonomy":"product_tag","embeddable":true,"href":"https:\/\/www.biokari.sk\/hu\/wp-json\/wp\/v2\/product_tag?post=11384"}],"curies":[{"name":"wp","href":"https:\/\/api.w.org\/{rel}","templated":true}]}}