{"id":11389,"date":"2026-04-05T09:45:57","date_gmt":"2026-04-05T07:45:57","guid":{"rendered":"https:\/\/www.biokari.sk\/produkt\/naturmind-muka-z-tvrdej-psenice-1000g\/"},"modified":"2026-04-27T19:02:04","modified_gmt":"2026-04-27T17:02:04","slug":"naturmind-muka-z-tvrdej-psenice-1000g","status":"publish","type":"product","link":"https:\/\/www.biokari.sk\/hu\/termek\/naturmind-muka-z-tvrdej-psenice-1000g\/","title":{"rendered":"Naturmind M\u00faka z tvrdej p\u0161enice 1000g"},"content":{"rendered":"<p><strong>Tvrdej p\u0161eni\u010dn\u00e1 m\u00faka<\/strong>\u00a0je\u00a0<strong>jemne mlet\u00e1, prirodzene \u017eltkast\u00e1 m\u00faka<\/strong>, ktor\u00e1 je ide\u00e1lna na pr\u00edpravu kvalitn\u00fdch dom\u00e1cich cestov\u00edn. V\u010faka svojim vlastnostiam umo\u017e\u0148uje pripravi\u0165\u00a0<strong>pevn\u00e9, elastick\u00e9 cesto aj bez pou\u017eitia vajec<\/strong>.<\/p>\n\n\n\n<p><strong>\u00d6sszet\u00e9tel:<\/strong>\u00a0Tvrdej p\u0161eni\u010dn\u00e1 m\u00faka.<\/p>\n\n\n\n<p>P\u0161enica patr\u00ed medzi najstar\u0161ie a najd\u00f4le\u017eitej\u0161ie obilniny na svete. Durum p\u0161enica sa od be\u017enej l\u00ed\u0161i svoj\u00edm zlo\u017een\u00edm \u2013 obsahuje&nbsp;<strong>viac bielkov\u00edn a \u0161pecifick\u00fd typ \u0161krobu<\/strong>, ktor\u00fd sa v tele rozklad\u00e1 pomal\u0161ie, \u010d\u00edm m\u00e1 priaznivej\u0161\u00ed vplyv na hladinu cukru v krvi. V\u010faka vy\u0161\u0161iemu obsahu bielkov\u00edn je cesto z tejto m\u00faky&nbsp;<strong>pru\u017enej\u0161ie a kvalitnej\u0161ie<\/strong>.<\/p>\n\n\n\n<p><strong>V\u00fd\u017eivov\u00e9 hodnoty v 100 g:<\/strong>&nbsp;energia&nbsp;<strong>1351 kJ \/ 319 kcal<\/strong>, tuky&nbsp;<strong>1,98 g<\/strong>, z toho nas\u00fdten\u00e9 mastn\u00e9 kyseliny&nbsp;<strong>0,4 g<\/strong>, sacharidy&nbsp;<strong>61,88 g<\/strong>, z toho cukry&nbsp;<strong>3,12 g<\/strong>, bielkoviny&nbsp;<strong>13,31 g<\/strong>, so\u013e&nbsp;<strong>0,03 g<\/strong>.<\/p>\n\n\n\n<p>M\u00faka obsahuje&nbsp;<strong>lepok<\/strong>, preto nie je vhodn\u00e1 pre osoby s celiakiou alebo intoleranciou na lepok. Jej typick\u00e9&nbsp;<strong>\u017eltkast\u00e9 sfarbenie<\/strong>&nbsp;je sp\u00f4soben\u00e9 obsahom prirodzen\u00e9ho beta-karot\u00e9nu.<\/p>\n\n\n\n<p><strong>Alkalmaz\u00e1s:<\/strong>&nbsp;ide\u00e1lna na v\u00fdrobu cestov\u00edn, ale aj na \u010fal\u0161ie jedl\u00e1, kde je potrebn\u00e9 pevn\u00e9 a elastick\u00e9 cesto.<\/p>\n\n\n\n<p>Produkt je balen\u00fd v z\u00e1vode, kde sa sprac\u00fava aj&nbsp;<strong>s\u00f3ja, lepok, zeler, hor\u010dica a sezam<\/strong>.<\/p>\n\n\n\n<p><strong>T\u00e1rol\u00e1s:<\/strong>&nbsp;uchov\u00e1vajte na&nbsp;<strong>suchom a chladnom mieste<\/strong>.<\/p>\n\n\n\n<p><strong>Krajina p\u00f4vodu:<\/strong>&nbsp;uveden\u00e1 na obale produktu.<\/p>\n\n\n\n<p><strong>Figyelmeztet\u00e9s:<\/strong>&nbsp;napriek maxim\u00e1lnej snahe o presnos\u0165 inform\u00e1ci\u00ed sa zlo\u017eenie a nutri\u010dn\u00e9 hodnoty m\u00f4\u017eu meni\u0165. V\u017edy si pre\u010d\u00edtajte \u00fadaje uveden\u00e9 priamo na obale produktu.<\/p>\n\n\n\n<p><strong>Csomagol\u00e1s:<\/strong>\u00a01000 g<\/p>","protected":false},"excerpt":{"rendered":"<p>Tvrdej p\u0161eni\u010dn\u00e1 m\u00faka je jemne mlet\u00e1, prirodzene \u017eltkast\u00e1 m\u00faka, ktor\u00e1 je ide\u00e1lna na pr\u00edpravu kvalitn\u00fdch dom\u00e1cich cestov\u00edn&#8230; <a href=\"#tab-description\" class=\"more-link\">B\u0151vebben<\/a><\/p>","protected":false},"featured_media":11392,"comment_status":"open","ping_status":"closed","template":"","meta":{"inline_featured_image":false},"product_brand":[283],"product_cat":[332,71,166],"product_tag":[312,281],"class_list":{"0":"post-11389","1":"product","2":"type-product","3":"status-publish","4":"has-post-thumbnail","6":"product_brand-biorganik-naturmind","7":"product_cat-muky-a-melivo","8":"product_cat-potraviny","9":"product_cat-muky","10":"product_tag-top-potraviny","11":"product_tag-veganske","13":"first","14":"onbackorder","15":"taxable","16":"shipping-taxable","17":"purchasable","18":"product-type-simple"},"aioseo_notices":[],"_links":{"self":[{"href":"https:\/\/www.biokari.sk\/hu\/wp-json\/wp\/v2\/product\/11389","targetHints":{"allow":["GET"]}}],"collection":[{"href":"https:\/\/www.biokari.sk\/hu\/wp-json\/wp\/v2\/product"}],"about":[{"href":"https:\/\/www.biokari.sk\/hu\/wp-json\/wp\/v2\/types\/product"}],"replies":[{"embeddable":true,"href":"https:\/\/www.biokari.sk\/hu\/wp-json\/wp\/v2\/comments?post=11389"}],"wp:featuredmedia":[{"embeddable":true,"href":"https:\/\/www.biokari.sk\/hu\/wp-json\/wp\/v2\/media\/11392"}],"wp:attachment":[{"href":"https:\/\/www.biokari.sk\/hu\/wp-json\/wp\/v2\/media?parent=11389"}],"wp:term":[{"taxonomy":"product_brand","embeddable":true,"href":"https:\/\/www.biokari.sk\/hu\/wp-json\/wp\/v2\/product_brand?post=11389"},{"taxonomy":"product_cat","embeddable":true,"href":"https:\/\/www.biokari.sk\/hu\/wp-json\/wp\/v2\/product_cat?post=11389"},{"taxonomy":"product_tag","embeddable":true,"href":"https:\/\/www.biokari.sk\/hu\/wp-json\/wp\/v2\/product_tag?post=11389"}],"curies":[{"name":"wp","href":"https:\/\/api.w.org\/{rel}","templated":true}]}}