{"id":11400,"date":"2026-04-05T10:46:51","date_gmt":"2026-04-05T08:46:51","guid":{"rendered":"https:\/\/www.biokari.sk\/produkt\/naturmind-muka-zo-zemnych-mandli-250g\/"},"modified":"2026-04-26T19:01:51","modified_gmt":"2026-04-26T17:01:51","slug":"naturmind-muka-zo-zemnych-mandli-250g","status":"publish","type":"product","link":"https:\/\/www.biokari.sk\/hu\/termek\/naturmind-muka-zo-zemnych-mandli-250g\/","title":{"rendered":"Naturmind M\u00faka zo zemn\u00fdch mandl\u00ed 250g"},"content":{"rendered":"<p><strong>M\u00faka z tigrieho orecha (chufa)<\/strong>&nbsp;je prirodzene&nbsp;<strong>bezlepkov\u00e1 surovina s vysok\u00fdm obsahom vl\u00e1kniny<\/strong>, ktor\u00e1 je vhodn\u00e1 pre ka\u017ed\u00e9ho, kto h\u013ead\u00e1 alternat\u00edvu k tradi\u010dn\u00fdm m\u00fakam. Napriek svojmu n\u00e1zvu nejde o orech, ale o&nbsp;<strong>h\u013euzu rastliny p\u00f4vodom zo severnej Afriky a oblasti Stredomoria<\/strong>, ktor\u00e1 sa konzumuje u\u017e st\u00e1ro\u010dia.<\/p>\n\n\n\n<p><strong>\u00d6sszet\u00e9tel:<\/strong>&nbsp;tigr\u00ed orech (zemn\u00e1 mand\u013ea).<\/p>\n\n\n\n<p>Produkt je balen\u00fd v&nbsp;<strong>bezlepkovej a alerg\u00e9n-free prev\u00e1dzke<\/strong>, \u010do zaru\u010duje jeho bezpe\u010dnos\u0165 aj pre citliv\u00fdch spotrebite\u013eov.<\/p>\n\n\n\n<p>M\u00faka z tigrieho orecha sa vyzna\u010duje&nbsp;<strong>vy\u0161\u0161\u00edm obsahom tukov s priazniv\u00fdm zlo\u017een\u00edm mastn\u00fdch kysel\u00edn<\/strong>&nbsp;a z\u00e1rove\u0148 je bohat\u00e1 na&nbsp;<strong>vl\u00e1kninu, najm\u00e4 rezistentn\u00fd \u0161krob<\/strong>, ktor\u00fd podporuje tr\u00e1venie. Je&nbsp;<strong>\u013eah\u0161ie str\u00e1vite\u013en\u00e1<\/strong>&nbsp;ne\u017e niektor\u00e9 in\u00e9 bezlepkov\u00e9 m\u00faky, preto je vhodn\u00e1 aj pre osoby s citlivej\u0161\u00edm tr\u00e1ven\u00edm.<\/p>\n\n\n\n<p>M\u00e1&nbsp;<strong>jemne sladkast\u00fa, orie\u0161kov\u00fa chu\u0165<\/strong>, v\u010faka \u010domu umo\u017e\u0148uje zn\u00ed\u017ei\u0165 mno\u017estvo pridan\u00e9ho cukru v receptoch. V\u00fdborne sa hod\u00ed nielen do sladk\u00fdch jed\u00e1l, ale aj napr\u00edklad do&nbsp;<strong>veg\u00e1nskych burgerov \u010di na oba\u013eovanie<\/strong>.<\/p>\n\n\n\n<p><strong>V\u00fd\u017eivov\u00e9 hodnoty v 100 g:<\/strong>&nbsp;energia&nbsp;<strong>2080 kJ \/ 497 kcal<\/strong>, tuky&nbsp;<strong>24,9 g<\/strong>, z toho nas\u00fdten\u00e9 mastn\u00e9 kyseliny&nbsp;<strong>5,0 g<\/strong>, sacharidy&nbsp;<strong>63,6 g<\/strong>, z toho cukry&nbsp;<strong>21,8 g<\/strong>, bielkoviny&nbsp;<strong>4,6 g<\/strong>, so\u013e&nbsp;<strong>0,05 g<\/strong>.<\/p>\n\n\n\n<p><strong>Alkalmaz\u00e1s:<\/strong>&nbsp;mo\u017eno ju pou\u017ei\u0165 samostatne alebo v kombin\u00e1cii s in\u00fdmi bezlepkov\u00fdmi m\u00fakami na pe\u010denie, varenie \u010di oba\u013eovanie.<\/p>\n\n\n\n<p><strong>T\u00e1rol\u00e1s:<\/strong>&nbsp;uchov\u00e1vajte na&nbsp;<strong>suchom a chladnom mieste<\/strong>.<\/p>\n\n\n\n<p><strong>Krajina p\u00f4vodu:<\/strong>&nbsp;\u0160panielsko.<\/p>\n\n\n\n<p><strong>Distrib\u00fator:<\/strong>&nbsp;BiOrganik Online Kft.<\/p>\n\n\n\n<p><strong>Figyelmeztet\u00e9s:<\/strong>&nbsp;napriek maxim\u00e1lnej snahe o presnos\u0165 inform\u00e1ci\u00ed sa \u00fadaje na e-shope m\u00f4\u017eu mierne l\u00ed\u0161i\u0165. V\u017edy si overte aktu\u00e1lne inform\u00e1cie priamo na obale produktu.<\/p>\n\n\n\n<p><strong>Csomagol\u00e1s:<\/strong>&nbsp;250 g<\/p>","protected":false},"excerpt":{"rendered":"<p>M\u00faka z tigrieho orecha (chufa)\u00a0je prirodzene\u00a0bezlepkov\u00e1 surovina s vysok\u00fdm obsahom vl\u00e1kniny, ktor\u00e1 je vhodn\u00e1 pre ka\u017ed\u00e9ho&#8230; <a href=\"#tab-description\" class=\"more-link\">B\u0151vebben<\/a><\/p>","protected":false},"featured_media":11403,"comment_status":"open","ping_status":"closed","template":"","meta":{"inline_featured_image":false},"product_brand":[283],"product_cat":[316,71,166],"product_tag":[280,281],"class_list":{"0":"post-11400","1":"product","2":"type-product","3":"status-publish","4":"has-post-thumbnail","6":"product_brand-biorganik-naturmind","7":"product_cat-bezlepkove-vyrobky","8":"product_cat-potraviny","9":"product_cat-muky","10":"product_tag-bezglutenove","11":"product_tag-veganske","13":"first","14":"onbackorder","15":"taxable","16":"shipping-taxable","17":"purchasable","18":"product-type-simple"},"aioseo_notices":[],"_links":{"self":[{"href":"https:\/\/www.biokari.sk\/hu\/wp-json\/wp\/v2\/product\/11400","targetHints":{"allow":["GET"]}}],"collection":[{"href":"https:\/\/www.biokari.sk\/hu\/wp-json\/wp\/v2\/product"}],"about":[{"href":"https:\/\/www.biokari.sk\/hu\/wp-json\/wp\/v2\/types\/product"}],"replies":[{"embeddable":true,"href":"https:\/\/www.biokari.sk\/hu\/wp-json\/wp\/v2\/comments?post=11400"}],"wp:featuredmedia":[{"embeddable":true,"href":"https:\/\/www.biokari.sk\/hu\/wp-json\/wp\/v2\/media\/11403"}],"wp:attachment":[{"href":"https:\/\/www.biokari.sk\/hu\/wp-json\/wp\/v2\/media?parent=11400"}],"wp:term":[{"taxonomy":"product_brand","embeddable":true,"href":"https:\/\/www.biokari.sk\/hu\/wp-json\/wp\/v2\/product_brand?post=11400"},{"taxonomy":"product_cat","embeddable":true,"href":"https:\/\/www.biokari.sk\/hu\/wp-json\/wp\/v2\/product_cat?post=11400"},{"taxonomy":"product_tag","embeddable":true,"href":"https:\/\/www.biokari.sk\/hu\/wp-json\/wp\/v2\/product_tag?post=11400"}],"curies":[{"name":"wp","href":"https:\/\/api.w.org\/{rel}","templated":true}]}}