{"id":11404,"date":"2026-04-05T10:54:41","date_gmt":"2026-04-05T08:54:41","guid":{"rendered":"https:\/\/www.biokari.sk\/produkt\/naturmind-olej-z-hroznovych-jadierok-1000ml\/"},"modified":"2026-04-29T19:03:11","modified_gmt":"2026-04-29T17:03:11","slug":"naturmind-olej-z-hroznovych-jadierok-1000ml","status":"publish","type":"product","link":"https:\/\/www.biokari.sk\/hu\/termek\/naturmind-olej-z-hroznovych-jadierok-1000ml\/","title":{"rendered":"Naturmind Olej z hroznov\u00fdch jadierok 1000ml"},"content":{"rendered":"<p data-start=\"102\" data-end=\"360\"><strong data-start=\"102\" data-end=\"119\">Hroznov\u00fd olej<\/strong> je kvalitn\u00fd rastlinn\u00fd olej lisovan\u00fd zo semien hrozna, ktor\u00fd sa vyzna\u010duje <strong data-start=\"193\" data-end=\"229\">jemnou, takmer neutr\u00e1lnou chu\u0165ou<\/strong> a \u0161irok\u00fdm vyu\u017eit\u00edm v kuchyni aj v starostlivosti o telo. V\u010faka svojmu zlo\u017eeniu patr\u00ed medzi ob\u013e\u00faben\u00e9 oleje pre ka\u017edodenn\u00e9 pou\u017eitie.<\/p>\n<p data-start=\"362\" data-end=\"408\"><strong data-start=\"362\" data-end=\"375\">\u00d6sszet\u00e9tel:<\/strong> za tepla lisovan\u00fd hroznov\u00fd olej.<\/p>\n<p data-start=\"410\" data-end=\"677\">Hroznov\u00fd olej obsahuje vysok\u00e9 mno\u017estvo <strong data-start=\"449\" data-end=\"482\">esenci\u00e1lnych mastn\u00fdch kysel\u00edn<\/strong> a je prirodzene bohat\u00fd na <strong data-start=\"509\" data-end=\"522\">vitam\u00edn E<\/strong>, ktor\u00fd p\u00f4sob\u00ed ako siln\u00fd antioxidant. Pravideln\u00e1 konzum\u00e1cia m\u00f4\u017ee prispie\u0165 k <strong data-start=\"598\" data-end=\"639\">ochrane buniek pred oxida\u010dn\u00fdm stresom<\/strong> a podpori\u0165 celkov\u00e9 zdravie organizmu.<\/p>\n<p data-start=\"679\" data-end=\"892\"><strong data-start=\"679\" data-end=\"708\">V\u00fd\u017eivov\u00e9 hodnoty v 100 g:<\/strong> energia <strong data-start=\"717\" data-end=\"739\">3389 kJ \/ 824 kcal<\/strong>, tuky <strong data-start=\"746\" data-end=\"756\">91,6 g<\/strong>, z toho nas\u00fdten\u00e9 mastn\u00e9 kyseliny <strong data-start=\"790\" data-end=\"799\">9,6 g<\/strong>, sacharidy <strong data-start=\"811\" data-end=\"818\">0 g<\/strong>, z toho cukry <strong data-start=\"833\" data-end=\"840\">0 g<\/strong>, vl\u00e1knina <strong data-start=\"851\" data-end=\"858\">0 g<\/strong>, bielkoviny <strong data-start=\"871\" data-end=\"878\">0 g<\/strong>, so\u013e <strong data-start=\"884\" data-end=\"891\">0 g<\/strong>.<\/p>\n<p data-start=\"894\" data-end=\"1145\">V\u010faka svojmu zlo\u017eeniu je vhodn\u00fd na <strong data-start=\"929\" data-end=\"968\">varenie, pe\u010denie aj studen\u00fa kuchy\u0148u<\/strong>, pri\u010dom si zachov\u00e1va stabilitu aj pri tepelnej \u00faprave. Okrem kulin\u00e1rskeho vyu\u017eitia je ob\u013e\u00faben\u00fd aj v kozmetike, kde sa pou\u017e\u00edva na <strong data-start=\"1098\" data-end=\"1144\">hydrat\u00e1ciu poko\u017eky a starostlivos\u0165 o vlasy<\/strong>.<\/p>\n<p data-start=\"1147\" data-end=\"1397\">Hroznov\u00fd olej m\u00f4\u017ee podpori\u0165 <strong data-start=\"1175\" data-end=\"1218\">zdravie ciev a srdcovo-cievneho syst\u00e9mu<\/strong>, prispie\u0165 k udr\u017eaniu norm\u00e1lnej hladiny cholesterolu a p\u00f4sobi\u0165 <strong data-start=\"1281\" data-end=\"1298\">protiz\u00e1palovo<\/strong>. V\u010faka svojim antioxida\u010dn\u00fdm vlastnostiam m\u00f4\u017ee tie\u017e pom\u00e1ha\u0165 <strong data-start=\"1358\" data-end=\"1396\">spoma\u013eova\u0165 proces starnutia buniek<\/strong>.<\/p>\n<p data-start=\"1399\" data-end=\"1460\"><strong data-start=\"1399\" data-end=\"1415\">T\u00e1rol\u00e1s:<\/strong> uchov\u00e1vajte na <strong data-start=\"1431\" data-end=\"1459\">suchom a chladnom mieste<\/strong>.<\/p>\n<p data-start=\"1462\" data-end=\"1518\"><strong data-start=\"1462\" data-end=\"1488\">Minim\u00e1lna trvanlivos\u0165:<\/strong> do d\u00e1tumu uveden\u00e9ho na obale.<\/p>\n<p data-start=\"1520\" data-end=\"1550\"><strong data-start=\"1520\" data-end=\"1539\">Krajina p\u00f4vodu:<\/strong> Taliansko.<\/p>\n<p data-start=\"1592\" data-end=\"1800\"><strong data-start=\"1592\" data-end=\"1608\">Figyelmeztet\u00e9s:<\/strong> produkt nenahr\u00e1dza pestr\u00fa a vyv\u00e1\u017een\u00fa stravu ani zdrav\u00fd \u017eivotn\u00fd \u0161t\u00fdl. Neprekra\u010dujte odpor\u00fa\u010dan\u00fa denn\u00fa d\u00e1vku a v pr\u00edpade zdravotn\u00fdch probl\u00e9mov sa pora\u010fte s lek\u00e1rom. Uchov\u00e1vajte mimo dosahu det\u00ed.<\/p>\n<p data-start=\"1802\" data-end=\"1823\" data-is-last-node=\"\" data-is-only-node=\"\"><strong data-start=\"1802\" data-end=\"1814\">Csomagol\u00e1s:<\/strong> 1 liter<\/p>","protected":false},"excerpt":{"rendered":"<p>Hroznov\u00fd olej je kvalitn\u00fd rastlinn\u00fd olej lisovan\u00fd zo semien hrozna, ktor\u00fd sa vyzna\u010duje jemnou, takmer neutr\u00e1lnou chu\u0165ou a \u0161irok\u00fdm&#8230; <a href=\"#tab-description\" class=\"more-link\">B\u0151vebben<\/a><\/p>","protected":false},"featured_media":11407,"comment_status":"open","ping_status":"closed","template":"","meta":{"inline_featured_image":false},"product_brand":[283],"product_cat":[71,165],"product_tag":[281],"class_list":{"0":"post-11404","1":"product","2":"type-product","3":"status-publish","4":"has-post-thumbnail","6":"product_brand-biorganik-naturmind","7":"product_cat-potraviny","8":"product_cat-oleje","9":"product_tag-veganske","11":"first","12":"instock","13":"taxable","14":"shipping-taxable","15":"purchasable","16":"product-type-simple"},"aioseo_notices":[],"_links":{"self":[{"href":"https:\/\/www.biokari.sk\/hu\/wp-json\/wp\/v2\/product\/11404","targetHints":{"allow":["GET"]}}],"collection":[{"href":"https:\/\/www.biokari.sk\/hu\/wp-json\/wp\/v2\/product"}],"about":[{"href":"https:\/\/www.biokari.sk\/hu\/wp-json\/wp\/v2\/types\/product"}],"replies":[{"embeddable":true,"href":"https:\/\/www.biokari.sk\/hu\/wp-json\/wp\/v2\/comments?post=11404"}],"wp:featuredmedia":[{"embeddable":true,"href":"https:\/\/www.biokari.sk\/hu\/wp-json\/wp\/v2\/media\/11407"}],"wp:attachment":[{"href":"https:\/\/www.biokari.sk\/hu\/wp-json\/wp\/v2\/media?parent=11404"}],"wp:term":[{"taxonomy":"product_brand","embeddable":true,"href":"https:\/\/www.biokari.sk\/hu\/wp-json\/wp\/v2\/product_brand?post=11404"},{"taxonomy":"product_cat","embeddable":true,"href":"https:\/\/www.biokari.sk\/hu\/wp-json\/wp\/v2\/product_cat?post=11404"},{"taxonomy":"product_tag","embeddable":true,"href":"https:\/\/www.biokari.sk\/hu\/wp-json\/wp\/v2\/product_tag?post=11404"}],"curies":[{"name":"wp","href":"https:\/\/api.w.org\/{rel}","templated":true}]}}