{"id":11408,"date":"2026-04-05T23:46:06","date_gmt":"2026-04-05T21:46:06","guid":{"rendered":"https:\/\/www.biokari.sk\/produkt\/naturmind-ovsene-vlocky-500g\/"},"modified":"2026-04-11T19:02:34","modified_gmt":"2026-04-11T17:02:34","slug":"naturmind-ovsene-vlocky-500g","status":"publish","type":"product","link":"https:\/\/www.biokari.sk\/hu\/termek\/naturmind-ovsene-vlocky-500g\/","title":{"rendered":"Naturmind Ovsen\u00e9 vlo\u010dky 500g"},"content":{"rendered":"<p><strong>Ovsen\u00e9 vlo\u010dky<\/strong>&nbsp;predstavuj\u00fa&nbsp;<strong>z\u00e1klad zdrav\u00fdch ra\u0148ajok<\/strong>&nbsp;a s\u00fa hodnotnou celozrnnou obilninou s&nbsp;<strong>vysok\u00fdm obsahom vl\u00e1kniny a bielkov\u00edn<\/strong>. Vyr\u00e1baj\u00fa sa z kvalitn\u00fdch cel\u00fdch ovsen\u00fdch z\u0155n, ktor\u00e9 si aj po spracovan\u00ed zachov\u00e1vaj\u00fa svoje v\u00fd\u017eivov\u00e9 vlastnosti.<\/p>\n\n\n\n<p><strong>\u00d6sszet\u00e9tel:<\/strong>&nbsp;ovsen\u00e9 vlo\u010dky.<\/p>\n\n\n\n<p>V\u010faka \u0161etrn\u00e9mu spracovaniu (naparovanie a lisovanie) si zachov\u00e1vaj\u00fa v\u0161etky d\u00f4le\u017eit\u00e9 \u017eiviny a na rozdiel od mnoh\u00fdch in\u00fdch obiln\u00edn&nbsp;<strong>nesp\u00f4sobuj\u00fa r\u00fdchle v\u00fdkyvy hladiny cukru v krvi<\/strong>. Obsahuj\u00fa komplexn\u00e9 sacharidy, ktor\u00e9 sa uvo\u013e\u0148uj\u00fa postupne, \u010d\u00edm zabezpe\u010duj\u00fa&nbsp;<strong>dlhodob\u00fd pocit s\u00fdtosti a stabiln\u00fa energiu<\/strong>.<\/p>\n\n\n\n<p><strong>V\u00fd\u017eivov\u00e9 hodnoty v 100 g:<\/strong>&nbsp;energia&nbsp;<strong>1567 kJ \/ 370 kcal<\/strong>, tuky&nbsp;<strong>8,4 g<\/strong>, z toho nas\u00fdten\u00e9 mastn\u00e9 kyseliny&nbsp;<strong>1,3 g<\/strong>, sacharidy&nbsp;<strong>56,1 g<\/strong>, z toho cukry&nbsp;<strong>1,0 g<\/strong>, bielkoviny&nbsp;<strong>12,1 g<\/strong>, so\u013e&nbsp;<strong>0,03 g<\/strong>.<\/p>\n\n\n\n<p>Ovsen\u00e9 vlo\u010dky s\u00fa bohat\u00e9 na&nbsp;<strong>vl\u00e1kninu, najm\u00e4 beta-gluk\u00e1ny<\/strong>, ktor\u00e9 prispievaj\u00fa k zn\u00ed\u017eeniu hladiny cholesterolu a podporuj\u00fa spr\u00e1vne tr\u00e1venie. Pom\u00e1haj\u00fa tie\u017e predch\u00e1dza\u0165 z\u00e1pche a podporuj\u00fa zdravie \u010driev. V\u010faka svojmu zlo\u017eeniu s\u00fa vhodn\u00e9 aj pri kontrole telesnej hmotnosti a m\u00f4\u017eu by\u0165 s\u00fa\u010das\u0165ou jed\u00e1lni\u010dka pri probl\u00e9moch s hladinou cukru v krvi.<\/p>\n\n\n\n<p>Obsahuj\u00fa aj antioxidanty, ktor\u00e9 m\u00f4\u017eu prispieva\u0165 k&nbsp;<strong>zn\u00ed\u017eeniu z\u00e1palov a podpore zdravia poko\u017eky<\/strong>.<\/p>\n\n\n\n<p><strong>Figyelmeztet\u00e9s:<\/strong>&nbsp;prirodzene neobsahuj\u00fa lepok, ale m\u00f4\u017eu by\u0165 kontaminovan\u00e9 po\u010das spracovania, preto&nbsp;<strong>nie s\u00fa vhodn\u00e9 pre celiatikov<\/strong>, pokia\u013e nie s\u00fa ozna\u010den\u00e9 ako bezlepkov\u00e9.<\/p>\n\n\n\n<p><strong>Alkalmaz\u00e1s:<\/strong>&nbsp;naj\u010dastej\u0161ie sa pripravuj\u00fa ako ka\u0161a (varen\u00edm alebo nam\u00e1\u010dan\u00edm cez noc), ale s\u00fa vhodn\u00e9 aj do&nbsp;<strong>m\u00fcsli, smoothie, kol\u00e1\u010dov, su\u0161ienok, fa\u0161\u00edrok \u010di na oba\u013eovanie<\/strong>. M\u00f4\u017eu sa pripravova\u0165 na sladko aj na slano pod\u013ea chuti.<\/p>\n\n\n\n<p><strong>T\u00e1rol\u00e1s:<\/strong>&nbsp;uchov\u00e1vajte na&nbsp;<strong>suchom a chladnom mieste<\/strong>.<\/p>\n\n\n\n<p>Produkt je balen\u00fd v z\u00e1vode, kde sa sprac\u00fava aj&nbsp;<strong>s\u00f3ja, lepok, zeler a orechy<\/strong>.<\/p>\n\n\n\n<p><strong>Krajina p\u00f4vodu:<\/strong>&nbsp;uveden\u00e1 na obale produktu.<\/p>\n\n\n\n<p><strong>Figyelmeztet\u00e9s:<\/strong>&nbsp;napriek maxim\u00e1lnej snahe o presnos\u0165 inform\u00e1ci\u00ed sa \u00fadaje na e-shope m\u00f4\u017eu mierne l\u00ed\u0161i\u0165. V\u017edy si overte aktu\u00e1lne inform\u00e1cie priamo na obale produktu.<\/p>\n\n\n\n<p><strong>Csomagol\u00e1s:<\/strong>&nbsp;500 g<\/p>","protected":false},"excerpt":{"rendered":"<p>Ovsen\u00e9 vlo\u010dky predstavuj\u00fa z\u00e1klad zdrav\u00fdch ra\u0148ajok a s\u00fa hodnotnou celozrnnou obilninou s vysok\u00fdm obsahom vl\u00e1kniny a bielkov\u00edn&#8230; <a href=\"#tab-description\" class=\"more-link\">B\u0151vebben<\/a><\/p>","protected":false},"featured_media":11411,"comment_status":"open","ping_status":"closed","template":"","meta":{"inline_featured_image":false},"product_brand":[283],"product_cat":[329,71,172],"product_tag":[281],"class_list":{"0":"post-11408","1":"product","2":"type-product","3":"status-publish","4":"has-post-thumbnail","6":"product_brand-biorganik-naturmind","7":"product_cat-semienka-vlocky-sus-ovocie","8":"product_cat-potraviny","9":"product_cat-musli-vlocky","10":"product_tag-veganske","12":"first","13":"instock","14":"taxable","15":"shipping-taxable","16":"purchasable","17":"product-type-simple"},"aioseo_notices":[],"_links":{"self":[{"href":"https:\/\/www.biokari.sk\/hu\/wp-json\/wp\/v2\/product\/11408","targetHints":{"allow":["GET"]}}],"collection":[{"href":"https:\/\/www.biokari.sk\/hu\/wp-json\/wp\/v2\/product"}],"about":[{"href":"https:\/\/www.biokari.sk\/hu\/wp-json\/wp\/v2\/types\/product"}],"replies":[{"embeddable":true,"href":"https:\/\/www.biokari.sk\/hu\/wp-json\/wp\/v2\/comments?post=11408"}],"wp:featuredmedia":[{"embeddable":true,"href":"https:\/\/www.biokari.sk\/hu\/wp-json\/wp\/v2\/media\/11411"}],"wp:attachment":[{"href":"https:\/\/www.biokari.sk\/hu\/wp-json\/wp\/v2\/media?parent=11408"}],"wp:term":[{"taxonomy":"product_brand","embeddable":true,"href":"https:\/\/www.biokari.sk\/hu\/wp-json\/wp\/v2\/product_brand?post=11408"},{"taxonomy":"product_cat","embeddable":true,"href":"https:\/\/www.biokari.sk\/hu\/wp-json\/wp\/v2\/product_cat?post=11408"},{"taxonomy":"product_tag","embeddable":true,"href":"https:\/\/www.biokari.sk\/hu\/wp-json\/wp\/v2\/product_tag?post=11408"}],"curies":[{"name":"wp","href":"https:\/\/api.w.org\/{rel}","templated":true}]}}