{"id":11427,"date":"2026-04-06T22:03:17","date_gmt":"2026-04-06T20:03:17","guid":{"rendered":"https:\/\/www.biokari.sk\/produkt\/naturmind-pohankova-kasa-300g\/"},"modified":"2026-04-27T19:02:04","modified_gmt":"2026-04-27T17:02:04","slug":"naturmind-pohankova-kasa-300g","status":"publish","type":"product","link":"https:\/\/www.biokari.sk\/hu\/termek\/naturmind-pohankova-kasa-300g\/","title":{"rendered":"Naturmind Pohankov\u00e1 Ka\u0161a 300g"},"content":{"rendered":"<p><strong>Instantn\u00e1 poh\u00e1nkov\u00e1 ka\u0161a (nesladen\u00e1)<\/strong>&nbsp;je&nbsp;<strong>prirodzene bezlepkov\u00fd a bezpr\u00eddavkov\u00fd produkt<\/strong>, ktor\u00fd predstavuje v\u00fd\u017eivn\u00fa a r\u00fdchlu vo\u013ebu na ka\u017edodenn\u00e9 stravovanie. V\u010faka jednoduch\u00e9mu zlo\u017eeniu si zachov\u00e1va v\u0161etky prirodzen\u00e9 hodnoty poh\u00e1nky.<\/p>\n\n\n\n<p><strong>\u00d6sszet\u00e9tel:<\/strong>&nbsp;extrudovan\u00e1 poh\u00e1nka.<\/p>\n\n\n\n<p>Poh\u00e1nka s\u00edce nepatr\u00ed medzi klasick\u00e9 obilniny (zaradzuje sa do \u010de\u013eade stavikrvovit\u00fdch), no svojimi vlastnos\u0165ami a vyu\u017eit\u00edm sa im ve\u013emi podob\u00e1. T\u00e1to ka\u0161a neobsahuje&nbsp;<strong>\u017eiadne pridan\u00e9 l\u00e1tky<\/strong>, tak\u017ee v\u0161etky prirodzene sa vyskytuj\u00face&nbsp;<strong>\u017eiviny, vitam\u00edny a miner\u00e1ly<\/strong>&nbsp;zost\u00e1vaj\u00fa zachovan\u00e9.<\/p>\n\n\n\n<p><strong>V\u00fd\u017eivov\u00e9 hodnoty v 100 g:<\/strong>&nbsp;energia&nbsp;<strong>1426 kJ \/ 337 kcal<\/strong>, tuky&nbsp;<strong>2,9 g<\/strong>, z toho nas\u00fdten\u00e9 mastn\u00e9 kyseliny&nbsp;<strong>0,6 g<\/strong>, sacharidy&nbsp;<strong>61,7 g<\/strong>, z toho cukry&nbsp;<strong>1,1 g<\/strong>, bielkoviny&nbsp;<strong>12,7 g<\/strong>, so\u013e&nbsp;<strong>0,06 g<\/strong>.<\/p>\n\n\n\n<p>Ka\u0161a je bohat\u00e1 na&nbsp;<strong>vl\u00e1kninu a rastlinn\u00e9 bielkoviny<\/strong>, v\u010faka \u010domu je vhodn\u00e1 nielen ako pr\u00edloha, ale aj ako&nbsp;<strong>v\u00fd\u017eivn\u00e9 ra\u0148ajky<\/strong>.<\/p>\n\n\n\n<p><strong>El\u0151k\u00e9sz\u00edt\u00e9s:<\/strong>&nbsp;zalejte vodou alebo rastlinn\u00fdm n\u00e1pojom s teplotou pribli\u017ene&nbsp;<strong>80 \u00b0C<\/strong>, nechajte odst\u00e1\u0165&nbsp;<strong>2\u20133 min\u00faty<\/strong>&nbsp;a dochu\u0165te pod\u013ea vlastnej chuti, napr\u00edklad d\u017eemom, hrozienkami alebo ovoc\u00edm.<\/p>\n\n\n\n<p><strong>Alkalmaz\u00e1s:<\/strong>&nbsp;vhodn\u00e1 na sladk\u00e9 aj slan\u00e9 ka\u0161e, so zeleninou alebo ovoc\u00edm, ale aj na&nbsp;<strong>zahus\u0165ovanie polievok a om\u00e1\u010dok<\/strong>.<\/p>\n\n\n\n<p><strong>T\u00e1rol\u00e1s:<\/strong>&nbsp;uchov\u00e1vajte na&nbsp;<strong>suchom a chladnom mieste<\/strong>.<\/p>\n\n\n\n<p><strong>Krajina p\u00f4vodu:<\/strong>&nbsp;uveden\u00e1 na obale produktu, poh\u00e1nka poch\u00e1dza z&nbsp;<strong>E\u00da<\/strong>.<\/p>\n\n\n\n<p><strong>Figyelmeztet\u00e9s:<\/strong>&nbsp;napriek maxim\u00e1lnej snahe o presnos\u0165 inform\u00e1ci\u00ed sa \u00fadaje na e-shope m\u00f4\u017eu mierne l\u00ed\u0161i\u0165. V\u017edy si overte aktu\u00e1lne inform\u00e1cie priamo na obale produktu.<\/p>\n\n\n\n<p><strong>Csomagol\u00e1s:<\/strong>&nbsp;300 g<\/p>","protected":false},"excerpt":{"rendered":"<p>Instantn\u00e1 poh\u00e1nkov\u00e1 ka\u0161a (nesladen\u00e1) je prirodzene bezlepkov\u00fd a bezpr\u00eddavkov\u00fd produkt, ktor\u00fd predstavuje v\u00fd\u017eivn\u00fa a r\u00fdchlu vo\u013ebu&#8230; <a href=\"#tab-description\" class=\"more-link\">B\u0151vebben<\/a><\/p>","protected":false},"featured_media":11428,"comment_status":"open","ping_status":"closed","template":"","meta":{"inline_featured_image":false},"product_brand":[283],"product_cat":[71,172],"product_tag":[280,281],"class_list":{"0":"post-11427","1":"product","2":"type-product","3":"status-publish","4":"has-post-thumbnail","6":"product_brand-biorganik-naturmind","7":"product_cat-potraviny","8":"product_cat-musli-vlocky","9":"product_tag-bezglutenove","10":"product_tag-veganske","12":"first","13":"instock","14":"taxable","15":"shipping-taxable","16":"purchasable","17":"product-type-simple"},"aioseo_notices":[],"_links":{"self":[{"href":"https:\/\/www.biokari.sk\/hu\/wp-json\/wp\/v2\/product\/11427","targetHints":{"allow":["GET"]}}],"collection":[{"href":"https:\/\/www.biokari.sk\/hu\/wp-json\/wp\/v2\/product"}],"about":[{"href":"https:\/\/www.biokari.sk\/hu\/wp-json\/wp\/v2\/types\/product"}],"replies":[{"embeddable":true,"href":"https:\/\/www.biokari.sk\/hu\/wp-json\/wp\/v2\/comments?post=11427"}],"wp:featuredmedia":[{"embeddable":true,"href":"https:\/\/www.biokari.sk\/hu\/wp-json\/wp\/v2\/media\/11428"}],"wp:attachment":[{"href":"https:\/\/www.biokari.sk\/hu\/wp-json\/wp\/v2\/media?parent=11427"}],"wp:term":[{"taxonomy":"product_brand","embeddable":true,"href":"https:\/\/www.biokari.sk\/hu\/wp-json\/wp\/v2\/product_brand?post=11427"},{"taxonomy":"product_cat","embeddable":true,"href":"https:\/\/www.biokari.sk\/hu\/wp-json\/wp\/v2\/product_cat?post=11427"},{"taxonomy":"product_tag","embeddable":true,"href":"https:\/\/www.biokari.sk\/hu\/wp-json\/wp\/v2\/product_tag?post=11427"}],"curies":[{"name":"wp","href":"https:\/\/api.w.org\/{rel}","templated":true}]}}