{"id":11430,"date":"2026-04-06T22:26:50","date_gmt":"2026-04-06T20:26:50","guid":{"rendered":"https:\/\/www.biokari.sk\/produkt\/naturmind-praskovy-cukor-z-trstinoveho-cukru-500g\/"},"modified":"2026-04-26T19:01:51","modified_gmt":"2026-04-26T17:01:51","slug":"naturmind-praskovy-cukor-z-trstinoveho-cukru-500g","status":"publish","type":"product","link":"https:\/\/www.biokari.sk\/hu\/termek\/naturmind-praskovy-cukor-z-trstinoveho-cukru-500g\/","title":{"rendered":"Naturmind Pr\u00e1\u0161kov\u00fd cukor z trstinov\u00e9ho cukru 500g"},"content":{"rendered":"<p><strong>Trstinov\u00fd cukor<\/strong>&nbsp;je pr\u00edrodn\u00e9 sladidlo vhodn\u00e9 na ka\u017edodenn\u00e9 pou\u017eitie v kuchyni. V\u010faka svojej jemnej chuti dod\u00e1va&nbsp;<strong>dezertom, kol\u00e1\u010dom a n\u00e1pojom pr\u00edjemn\u00fa ar\u00f3mu<\/strong>&nbsp;a prirodzen\u00fa sladkos\u0165.<\/p>\n\n\n\n<p>Produkt je&nbsp;<strong>veg\u00e1nsky, bezlepkov\u00fd a bezlakt\u00f3zov\u00fd<\/strong>, \u010do ho rob\u00ed vhodn\u00fdm pre r\u00f4zne typy stravovania.<\/p>\n\n\n\n<p><strong>\u00d6sszet\u00e9tel:<\/strong>&nbsp;trstinov\u00fd cukor.<\/p>\n\n\n\n<p><strong>V\u00fd\u017eivov\u00e9 hodnoty v 100 g:<\/strong>&nbsp;energia&nbsp;<strong>1700 kJ \/ 400 kcal<\/strong>, tuky&nbsp;<strong>0 g<\/strong>, z toho nas\u00fdten\u00e9 mastn\u00e9 kyseliny&nbsp;<strong>0 g<\/strong>, sacharidy&nbsp;<strong>98 g<\/strong>, z toho cukry&nbsp;<strong>98 g<\/strong>, vl\u00e1knina&nbsp;<strong>0 g<\/strong>, bielkoviny&nbsp;<strong>0 g<\/strong>, so\u013e&nbsp;<strong>0 g<\/strong>.<\/p>\n\n\n\n<p><strong>Alkalmaz\u00e1s:<\/strong>&nbsp;ide\u00e1lny na sladenie n\u00e1pojov, pe\u010denie kol\u00e1\u010dov, pr\u00edpravu dezertov a r\u00f4znych sladk\u00fdch jed\u00e1l, ktor\u00fdm dod\u00e1 jemn\u00fd chu\u0165ov\u00fd charakter.<\/p>\n\n\n\n<p>Produkt je balen\u00fd v&nbsp;<strong>bezlepkovej a alerg\u00e9n-free prev\u00e1dzke<\/strong>.<\/p>\n\n\n\n<p><strong>T\u00e1rol\u00e1s:<\/strong>&nbsp;uchov\u00e1vajte na&nbsp;<strong>suchom a chladnom mieste<\/strong>.<\/p>\n\n\n\n<p><strong>Figyelmeztet\u00e9s:<\/strong>&nbsp;produkt nenahr\u00e1dza pestr\u00fa a vyv\u00e1\u017een\u00fa stravu ani zdrav\u00fd \u017eivotn\u00fd \u0161t\u00fdl. Neprekra\u010dujte odpor\u00fa\u010dan\u00fa denn\u00fa d\u00e1vku a v pr\u00edpade zdravotn\u00fdch probl\u00e9mov sa pora\u010fte s lek\u00e1rom. Uchov\u00e1vajte mimo dosahu det\u00ed.<\/p>\n\n\n\n<p><strong>Csomagol\u00e1s:<\/strong>&nbsp;500 g<\/p>","protected":false},"excerpt":{"rendered":"<p>Trstinov\u00fd cukor je pr\u00edrodn\u00e9 sladidlo vhodn\u00e9 na ka\u017edodenn\u00e9 pou\u017eitie v kuchyni. V\u010faka svojej jemnej chuti dod\u00e1va dezertom, kol\u00e1\u010dom&#8230; <a href=\"#tab-description\" class=\"more-link\">B\u0151vebben<\/a><\/p>","protected":false},"featured_media":11432,"comment_status":"open","ping_status":"closed","template":"","meta":{"inline_featured_image":false},"product_brand":[],"product_cat":[361,316,71],"product_tag":[280,281],"class_list":{"0":"post-11430","1":"product","2":"type-product","3":"status-publish","4":"has-post-thumbnail","6":"product_cat-cukor-potraviny","7":"product_cat-bezlepkove-vyrobky","8":"product_cat-potraviny","9":"product_tag-bezglutenove","10":"product_tag-veganske","12":"first","13":"onbackorder","14":"taxable","15":"shipping-taxable","16":"purchasable","17":"product-type-simple"},"aioseo_notices":[],"_links":{"self":[{"href":"https:\/\/www.biokari.sk\/hu\/wp-json\/wp\/v2\/product\/11430","targetHints":{"allow":["GET"]}}],"collection":[{"href":"https:\/\/www.biokari.sk\/hu\/wp-json\/wp\/v2\/product"}],"about":[{"href":"https:\/\/www.biokari.sk\/hu\/wp-json\/wp\/v2\/types\/product"}],"replies":[{"embeddable":true,"href":"https:\/\/www.biokari.sk\/hu\/wp-json\/wp\/v2\/comments?post=11430"}],"wp:featuredmedia":[{"embeddable":true,"href":"https:\/\/www.biokari.sk\/hu\/wp-json\/wp\/v2\/media\/11432"}],"wp:attachment":[{"href":"https:\/\/www.biokari.sk\/hu\/wp-json\/wp\/v2\/media?parent=11430"}],"wp:term":[{"taxonomy":"product_brand","embeddable":true,"href":"https:\/\/www.biokari.sk\/hu\/wp-json\/wp\/v2\/product_brand?post=11430"},{"taxonomy":"product_cat","embeddable":true,"href":"https:\/\/www.biokari.sk\/hu\/wp-json\/wp\/v2\/product_cat?post=11430"},{"taxonomy":"product_tag","embeddable":true,"href":"https:\/\/www.biokari.sk\/hu\/wp-json\/wp\/v2\/product_tag?post=11430"}],"curies":[{"name":"wp","href":"https:\/\/api.w.org\/{rel}","templated":true}]}}