{"id":11452,"date":"2026-04-06T22:55:06","date_gmt":"2026-04-06T20:55:06","guid":{"rendered":"https:\/\/www.biokari.sk\/produkt\/naturmind-psenicny-lepok-500g\/"},"modified":"2026-04-29T19:03:11","modified_gmt":"2026-04-29T17:03:11","slug":"naturmind-psenicny-lepok-500g","status":"publish","type":"product","link":"https:\/\/www.biokari.sk\/hu\/termek\/naturmind-psenicny-lepok-500g\/","title":{"rendered":"Naturmind P\u0161eni\u010dn\u00fd lepok 500g"},"content":{"rendered":"<p><strong>P\u0161eni\u010dn\u00fd lepok (glut\u00e9n)<\/strong>&nbsp;je pr\u00edrodn\u00e1 zlo\u017eka p\u0161enice s v\u00fdnimo\u010dn\u00fdmi vlastnos\u0165ami \u2013 je&nbsp;<strong>elastick\u00fd, via\u017ee vodu a zv\u00e4\u010d\u0161uje objem cesta<\/strong>, v\u010faka \u010domu umo\u017e\u0148uje piec\u0165&nbsp;<strong>nad\u00fdchan\u00fd, vysok\u00fd chlieb<\/strong>.<\/p>\n\n\n\n<p><strong>\u00d6sszet\u00e9tel:<\/strong>&nbsp;p\u0161eni\u010dn\u00fd lepok.<\/p>\n\n\n\n<p>P\u0161eni\u010dn\u00fd lepok je bohat\u00fd na&nbsp;<strong>rastlinn\u00e9 bielkoviny<\/strong>&nbsp;a zohr\u00e1va k\u013e\u00fa\u010dov\u00fa \u00falohu pri tvorbe \u0161trukt\u00fary cesta. Vyu\u017e\u00edva sa najm\u00e4 na&nbsp;<strong>zlep\u0161enie kvality m\u00fak s n\u00edzkym obsahom lepku<\/strong>, \u010d\u00edm zlep\u0161uje pru\u017enos\u0165 a konzistenciu cesta.<\/p>\n\n\n\n<p>Okrem pe\u010denia je ide\u00e1lny aj na pr\u00edpravu&nbsp;<strong>sejtanu (tzv. p\u0161eni\u010dn\u00e9 m\u00e4so)<\/strong>. Po spr\u00e1vnom dochuten\u00ed a tepelnej \u00faprave m\u00e1&nbsp;<strong>text\u00faru a chu\u0165 podobn\u00fa m\u00e4su<\/strong>, preto je ob\u013e\u00faben\u00fd najm\u00e4 v vegetari\u00e1nskej a veg\u00e1nskej kuchyni.<\/p>\n\n\n\n<p><strong>V\u00fd\u017eivov\u00e9 hodnoty v 100 g:<\/strong>&nbsp;energia&nbsp;<strong>1632 kJ \/ 386 kcal<\/strong>, tuky&nbsp;<strong>6 g<\/strong>, z toho nas\u00fdten\u00e9 mastn\u00e9 kyseliny&nbsp;<strong>1 g<\/strong>, sacharidy&nbsp;<strong>9 g<\/strong>, z toho cukry&nbsp;<strong>4 g<\/strong>, bielkoviny&nbsp;<strong>75 g<\/strong>, so\u013e&nbsp;<strong>0,25 g<\/strong>.<\/p>\n\n\n\n<p><strong>Alkalmaz\u00e1s:<\/strong>&nbsp;vhodn\u00fd na&nbsp;<strong>zlep\u0161enie kvality cesta pri pe\u010den\u00ed chleba<\/strong>, ako aj na pr\u00edpravu sejtanu a r\u00f4znych rastlinn\u00fdch alternat\u00edv m\u00e4sa.<\/p>\n\n\n\n<p><strong>Figyelmeztet\u00e9s:<\/strong>&nbsp;obsahuje&nbsp;<strong>lepok<\/strong>. Produkt je balen\u00fd v z\u00e1vode, kde sa sprac\u00fava aj&nbsp;<strong>s\u00f3ja, zeler, hor\u010dica a sezam<\/strong>.<\/p>\n\n\n\n<p><strong>T\u00e1rol\u00e1s:<\/strong>&nbsp;uchov\u00e1vajte na&nbsp;<strong>suchom a chladnom mieste<\/strong>.<\/p>\n\n\n\n<p><strong>Krajina p\u00f4vodu:<\/strong>&nbsp;Po\u013esko.<\/p>\n\n\n\n<p><strong>Figyelmeztet\u00e9s:<\/strong>&nbsp;napriek maxim\u00e1lnej snahe o presnos\u0165 inform\u00e1ci\u00ed sa \u00fadaje na e-shope m\u00f4\u017eu mierne l\u00ed\u0161i\u0165. V\u017edy si overte aktu\u00e1lne inform\u00e1cie priamo na obale produktu.<\/p>\n\n\n\n<p><strong>Csomagol\u00e1s:<\/strong>\u00a0500 g<\/p>","protected":false},"excerpt":{"rendered":"<p>P\u0161eni\u010dn\u00fd lepok (glut\u00e9n)\u00a0je pr\u00edrodn\u00e1 zlo\u017eka p\u0161enice s v\u00fdnimo\u010dn\u00fdmi vlastnos\u0165ami \u2013 je\u00a0elastick\u00fd, via\u017ee vodu a zv\u00e4\u010d\u0161uje objem cesta, v\u010faka \u010domu umo\u017e\u0148uje piec\u0165\u00a0nad\u00fdchan\u00fd&#8230; <a href=\"#tab-description\" class=\"more-link\">B\u0151vebben<\/a><\/p>","protected":false},"featured_media":11454,"comment_status":"open","ping_status":"closed","template":"","meta":{"inline_featured_image":false},"product_brand":[283],"product_cat":[71,166],"product_tag":[],"class_list":{"0":"post-11452","1":"product","2":"type-product","3":"status-publish","4":"has-post-thumbnail","6":"product_brand-biorganik-naturmind","7":"product_cat-potraviny","8":"product_cat-muky","10":"first","11":"instock","12":"taxable","13":"shipping-taxable","14":"purchasable","15":"product-type-simple"},"aioseo_notices":[],"_links":{"self":[{"href":"https:\/\/www.biokari.sk\/hu\/wp-json\/wp\/v2\/product\/11452","targetHints":{"allow":["GET"]}}],"collection":[{"href":"https:\/\/www.biokari.sk\/hu\/wp-json\/wp\/v2\/product"}],"about":[{"href":"https:\/\/www.biokari.sk\/hu\/wp-json\/wp\/v2\/types\/product"}],"replies":[{"embeddable":true,"href":"https:\/\/www.biokari.sk\/hu\/wp-json\/wp\/v2\/comments?post=11452"}],"wp:featuredmedia":[{"embeddable":true,"href":"https:\/\/www.biokari.sk\/hu\/wp-json\/wp\/v2\/media\/11454"}],"wp:attachment":[{"href":"https:\/\/www.biokari.sk\/hu\/wp-json\/wp\/v2\/media?parent=11452"}],"wp:term":[{"taxonomy":"product_brand","embeddable":true,"href":"https:\/\/www.biokari.sk\/hu\/wp-json\/wp\/v2\/product_brand?post=11452"},{"taxonomy":"product_cat","embeddable":true,"href":"https:\/\/www.biokari.sk\/hu\/wp-json\/wp\/v2\/product_cat?post=11452"},{"taxonomy":"product_tag","embeddable":true,"href":"https:\/\/www.biokari.sk\/hu\/wp-json\/wp\/v2\/product_tag?post=11452"}],"curies":[{"name":"wp","href":"https:\/\/api.w.org\/{rel}","templated":true}]}}