{"id":11481,"date":"2026-04-07T22:00:21","date_gmt":"2026-04-07T20:00:21","guid":{"rendered":"https:\/\/www.biokari.sk\/produkt\/apivitalis-bio-materska-kasicka-100g\/"},"modified":"2026-04-23T19:01:22","modified_gmt":"2026-04-23T17:01:22","slug":"apivitalis-bio-materska-kasicka-100g","status":"publish","type":"product","link":"https:\/\/www.biokari.sk\/hu\/termek\/apivitalis-bio-materska-kasicka-100g\/","title":{"rendered":"Apivitalis Bio Materska ka\u0161i\u010dka 100g"},"content":{"rendered":"<p><strong>\u010cerstv\u00e1 \u010dist\u00e1 BIO matersk\u00e1 ka\u0161i\u010dka (Royal Jelly)<\/strong>&nbsp;je v\u00fdnimo\u010dn\u00e1 pr\u00edrodn\u00e1 superpotravina so&nbsp;<strong>\u017eltkastou, visk\u00f3znou konzistenciou<\/strong>, ktor\u00fa produkuj\u00fa v\u010dely robotnice zo svojich hltanov\u00fdch \u017eliaz. Ide o unik\u00e1tnu l\u00e1tku, ktor\u00e1 sl\u00fa\u017ei ako&nbsp;<strong>v\u00fdhradn\u00e1 potrava v\u010delej kr\u00e1\u013eovnej po\u010das cel\u00e9ho jej \u017eivota<\/strong>.<\/p>\n\n\n\n<p><strong>\u00d6sszet\u00e9tel:<\/strong>&nbsp;100 % \u010derstv\u00e1 BIO matersk\u00e1 ka\u0161i\u010dka.<\/p>\n\n\n\n<p>Matersk\u00e1 ka\u0161i\u010dka je prirodzene bohat\u00e1 na&nbsp;<strong>bielkoviny, aminokyseliny, vitam\u00edny, miner\u00e1ly a bioakt\u00edvne l\u00e1tky<\/strong>, ktor\u00e9 prispievaj\u00fa k celkovej vitalite organizmu. Obsahuje pribli\u017ene&nbsp;<strong>60\u201370 % vody<\/strong>,&nbsp;<strong>12\u201315 % bielkov\u00edn<\/strong>,&nbsp;<strong>10\u201316 % sacharidov<\/strong>a&nbsp;<strong>3\u20136 % mastn\u00fdch kysel\u00edn<\/strong>, pri\u010dom najv\u00fdznamnej\u0161ou je&nbsp;<strong>10-HDA (min. 2 %)<\/strong>&nbsp;\u2013 prirodzene sa vyskytuj\u00faca l\u00e1tka typick\u00e1 pre matersk\u00fa ka\u0161i\u010dku.<\/p>\n\n\n\n<p>Je bohat\u00e1 najm\u00e4 na&nbsp;<strong>vitam\u00edny skupiny B (B1, B2, B3, B5, B6, B7, B9)<\/strong>&nbsp;a obsahuje aj stopov\u00e9 mno\u017estv\u00e1 vitam\u00ednov A, C, D a E. Okrem toho poskytuje \u0161irok\u00e9 spektrum&nbsp;<strong>miner\u00e1lnych l\u00e1tok<\/strong>, ako s\u00fa v\u00e1pnik, hor\u010d\u00edk, drasl\u00edk, \u017eelezo, zinok \u010di fosfor.<\/p>\n\n\n\n<p>Matersk\u00e1 ka\u0161i\u010dka je zn\u00e1ma ako doplnok stravy, ktor\u00fd m\u00f4\u017ee podpori\u0165&nbsp;<strong>celkov\u00fa vitalitu, energiu a odolnos\u0165 organizmu<\/strong>, a je ob\u013e\u00faben\u00e1 najm\u00e4 v obdobiach zv\u00fd\u0161enej fyzickej alebo psychickej z\u00e1\u0165a\u017ee.<\/p>\n\n\n\n<p><strong>Aj\u00e1nlott adagol\u00e1s:<\/strong>&nbsp;u\u017e\u00edva sa r\u00e1no nala\u010dno, ide\u00e1lne&nbsp;<strong>20\u201330 min\u00fat pred jedlom<\/strong>, pod jazyk a\u017e do \u00fapln\u00e9ho rozpustenia.<br><strong>Deti:<\/strong>&nbsp;0,5 \u2013 1 g denne<br><strong>Dospel\u00ed:<\/strong>&nbsp;1 \u2013 3 g denne<\/p>\n\n\n\n<p>Pri produkte zmie\u0161anom s medom (2\u20136 %) sa odpor\u00fa\u010da:<br><strong>Deti:<\/strong>&nbsp;1 \u2013 2 \u010dajov\u00e9 ly\u017ei\u010dky denne<br><strong>Dospel\u00ed:<\/strong>&nbsp;2 \u2013 4 \u010dajov\u00e9 ly\u017ei\u010dky denne<\/p>\n\n\n\n<p><strong>Csomagol\u00e1s:<\/strong>&nbsp;hermeticky uzavret\u00fd sklenen\u00fd obal v ochrannom balen\u00ed, s\u00fa\u010das\u0165ou je&nbsp;<strong>1 g d\u00e1vkovacia ly\u017ei\u010dka<\/strong>.<\/p>\n\n\n\n<p><strong>T\u00e1rol\u00e1s:<\/strong>&nbsp;uchov\u00e1vajte v p\u00f4vodnom obale v chladni\u010dke pri teplote&nbsp;<strong>1\u20136 \u00b0C<\/strong>. V pr\u00edpade zmesi s medom je mo\u017en\u00e9 skladovanie pri izbovej teplote a\u017e&nbsp;<strong>12 mesiacov<\/strong>.<\/p>\n\n\n\n<p><strong>Krajina p\u00f4vodu:<\/strong>&nbsp;EU.<\/p>\n\n\n\n<p><strong>Figyelmeztet\u00e9s:<\/strong>&nbsp;nevhodn\u00e9 pre osoby alergick\u00e9 na v\u010delie produkty. Neprekra\u010dujte odpor\u00fa\u010dan\u00fa denn\u00fa d\u00e1vku. Uchov\u00e1vajte mimo dosahu det\u00ed. V\u00fd\u017eivov\u00fd doplnok nenahr\u00e1dza pestr\u00fa a vyv\u00e1\u017een\u00fa stravu a zdrav\u00fd \u017eivotn\u00fd \u0161t\u00fdl.<\/p>\n\n\n\n<p><strong>Hmotnos\u0165<\/strong>: 100g<\/p>","protected":false},"excerpt":{"rendered":"<p>\u010cerstv\u00e1 \u010dist\u00e1 BIO matersk\u00e1 ka\u0161i\u010dka (Royal Jelly) je v\u00fdnimo\u010dn\u00e1 pr\u00edrodn\u00e1 superpotravina so \u017eltkastou, visk\u00f3znou konzistenciou&#8230; <a href=\"#tab-description\" class=\"more-link\">B\u0151vebben<\/a><\/p>","protected":false},"featured_media":11483,"comment_status":"open","ping_status":"closed","template":"","meta":{"inline_featured_image":false},"product_brand":[358],"product_cat":[360,71],"product_tag":[359,313,312],"class_list":{"0":"post-11481","1":"product","2":"type-product","3":"status-publish","4":"has-post-thumbnail","6":"product_brand-apivitalis","7":"product_cat-ostatne-potraviny","8":"product_cat-potraviny","9":"product_tag-bio","10":"product_tag-top-ostatne","11":"product_tag-top-potraviny","13":"first","14":"onbackorder","15":"taxable","16":"shipping-taxable","17":"purchasable","18":"product-type-simple"},"aioseo_notices":[],"_links":{"self":[{"href":"https:\/\/www.biokari.sk\/hu\/wp-json\/wp\/v2\/product\/11481","targetHints":{"allow":["GET"]}}],"collection":[{"href":"https:\/\/www.biokari.sk\/hu\/wp-json\/wp\/v2\/product"}],"about":[{"href":"https:\/\/www.biokari.sk\/hu\/wp-json\/wp\/v2\/types\/product"}],"replies":[{"embeddable":true,"href":"https:\/\/www.biokari.sk\/hu\/wp-json\/wp\/v2\/comments?post=11481"}],"wp:featuredmedia":[{"embeddable":true,"href":"https:\/\/www.biokari.sk\/hu\/wp-json\/wp\/v2\/media\/11483"}],"wp:attachment":[{"href":"https:\/\/www.biokari.sk\/hu\/wp-json\/wp\/v2\/media?parent=11481"}],"wp:term":[{"taxonomy":"product_brand","embeddable":true,"href":"https:\/\/www.biokari.sk\/hu\/wp-json\/wp\/v2\/product_brand?post=11481"},{"taxonomy":"product_cat","embeddable":true,"href":"https:\/\/www.biokari.sk\/hu\/wp-json\/wp\/v2\/product_cat?post=11481"},{"taxonomy":"product_tag","embeddable":true,"href":"https:\/\/www.biokari.sk\/hu\/wp-json\/wp\/v2\/product_tag?post=11481"}],"curies":[{"name":"wp","href":"https:\/\/api.w.org\/{rel}","templated":true}]}}