{"id":11487,"date":"2026-04-07T22:48:32","date_gmt":"2026-04-07T20:48:32","guid":{"rendered":"https:\/\/www.biokari.sk\/produkt\/naturmind-tmavohnedy-makky-trstinovy-cukor-1000g\/"},"modified":"2026-04-07T22:53:51","modified_gmt":"2026-04-07T20:53:51","slug":"naturmind-tmavohnedy-makky-trstinovy-cukor-1000g","status":"publish","type":"product","link":"https:\/\/www.biokari.sk\/hu\/termek\/naturmind-tmavohnedy-makky-trstinovy-cukor-1000g\/","title":{"rendered":"Naturmind Tmavohned\u00fd m\u00e4kk\u00fd trstinov\u00fd cukor 1000g"},"content":{"rendered":"<p data-start=\"97\" data-end=\"419\"><strong data-start=\"97\" data-end=\"116\">Trstinov\u00fd cukor<\/strong> je pr\u00edrodn\u00e9 sladidlo s <strong data-start=\"140\" data-end=\"206\">charakteristickou, jemne karamelovou chu\u0165ou a pr\u00edjemnou ar\u00f3mou<\/strong>, ktor\u00e9 dod\u00e1 jedl\u00e1m jedine\u010dn\u00fd chu\u0165ov\u00fd profil. Vyr\u00e1ba sa z cukrovej trstiny pestovanej v tropick\u00fdch a subtropick\u00fdch oblastiach, pri\u010dom ide o <strong data-start=\"346\" data-end=\"376\">obnovite\u013en\u00fd pr\u00edrodn\u00fd zdroj<\/strong>, ke\u010f\u017ee rastlina po zbere op\u00e4tovne dorast\u00e1.<\/p>\n<p data-start=\"421\" data-end=\"451\"><strong data-start=\"421\" data-end=\"434\">\u00d6sszet\u00e9tel:<\/strong> trstinov\u00fd cukor.<\/p>\n<p data-start=\"453\" data-end=\"861\">Cukor sa z\u00edskava zo \u0161\u0165avy du\u017einat\u00fdch stoniek cukrovej trstiny bez pou\u017eitia pr\u00eddavn\u00fdch l\u00e1tok. Po\u010das spracovania sa oddel\u00ed kry\u0161talick\u00fd cukor a melasa, pri\u010dom \u010das\u0165 pr\u00edrodn\u00fdch farebn\u00fdch a aromatick\u00fdch l\u00e1tok zost\u00e1va zachovan\u00e1. Pr\u00e1ve v\u010faka tomu m\u00e1 trstinov\u00fd cukor svoju <strong data-start=\"717\" data-end=\"750\">typick\u00fa farbu a bohat\u0161iu chu\u0165<\/strong>. V pr\u00edpade tmav\u0161\u00edch variantov obsahuje viac melasy, \u010do mu dod\u00e1va e\u0161te v\u00fdraznej\u0161iu ar\u00f3mu pripom\u00ednaj\u00facu karamel.<\/p>\n<p data-start=\"863\" data-end=\"1125\">Z chemick\u00e9ho h\u013eadiska ide o <strong data-start=\"891\" data-end=\"904\">sachar\u00f3zu<\/strong>, rovnako ako pri klasickom repnom cukre, preto je vhodn\u00e9 sledova\u0165 jeho pr\u00edjem najm\u00e4 pri di\u00e9tnych obmedzeniach. V\u010faka svojmu pr\u00edrodn\u00e9mu p\u00f4vodu bez umel\u00fdch pr\u00edsad v\u0161ak predstavuje <strong data-start=\"1083\" data-end=\"1124\">kvalitnej\u0161iu vo\u013ebu pre be\u017en\u00e9 pou\u017eitie<\/strong>.<\/p>\n<p data-start=\"1127\" data-end=\"1323\"><strong data-start=\"1127\" data-end=\"1140\">Alkalmaz\u00e1s:<\/strong> vhodn\u00fd na sladenie n\u00e1pojov, pe\u010denie, varenie aj pr\u00edpravu dezertov. V\u00fdborne sa hod\u00ed najm\u00e4 do receptov, kde hr\u00e1 chu\u0165 cukru d\u00f4le\u017eit\u00fa \u00falohu, ako s\u00fa kr\u00e9my, karamel, pena \u010di sladk\u00e9 pe\u010divo.<\/p>\n<p data-start=\"1325\" data-end=\"1500\"><strong data-start=\"1325\" data-end=\"1357\">V\u00fd\u017eivov\u00e9 hodnoty (na 100 g):<\/strong> energia 1647 kJ \/ 388 kcal, tuky 0 g (z toho nas\u00fdten\u00e9 mastn\u00e9 kyseliny 0 g), sacharidy 96,1 g (z toho cukry 96,1 g), bielkoviny 0 g, so\u013e 0,2 g.<\/p>\n<p data-start=\"1502\" data-end=\"1559\"><strong data-start=\"1502\" data-end=\"1518\">T\u00e1rol\u00e1s:<\/strong> uchov\u00e1vajte na suchom a chladnom mieste.<\/p>\n<p data-start=\"1561\" data-end=\"1598\"><strong data-start=\"1561\" data-end=\"1580\">Krajina p\u00f4vodu:<\/strong> uveden\u00e1 na obale.<\/p>\n<p data-start=\"1600\" data-end=\"1756\"><strong data-start=\"1600\" data-end=\"1616\">Figyelmeztet\u00e9s:<\/strong> rob\u00edme maximum pre presnos\u0165 inform\u00e1ci\u00ed, av\u0161ak zlo\u017eenie a nutri\u010dn\u00e9 hodnoty sa m\u00f4\u017eu meni\u0165. V\u017edy si pre\u010d\u00edtajte \u00fadaje priamo na obale produktu.<\/p>\n<p data-start=\"1600\" data-end=\"1756\"><strong>S\u00faly:<\/strong> 1000g<\/p>","protected":false},"excerpt":{"rendered":"<p>Trstinov\u00fd cukor je pr\u00edrodn\u00e9 sladidlo s charakteristickou, jemne karamelovou chu\u0165ou a pr\u00edjemnou ar\u00f3mou, ktor\u00e9 dod\u00e1 jedl\u00e1m jedine\u010dn\u00fd chu\u0165ov\u00fd profil&#8230; <a href=\"#tab-description\" class=\"more-link\">B\u0151vebben<\/a><\/p>","protected":false},"featured_media":11489,"comment_status":"open","ping_status":"closed","template":"","meta":{"inline_featured_image":false},"product_brand":[283],"product_cat":[361,71],"product_tag":[312,281],"class_list":{"0":"post-11487","1":"product","2":"type-product","3":"status-publish","4":"has-post-thumbnail","6":"product_brand-biorganik-naturmind","7":"product_cat-cukor-potraviny","8":"product_cat-potraviny","9":"product_tag-top-potraviny","10":"product_tag-veganske","12":"first","13":"instock","14":"taxable","15":"shipping-taxable","16":"purchasable","17":"product-type-simple"},"aioseo_notices":[],"_links":{"self":[{"href":"https:\/\/www.biokari.sk\/hu\/wp-json\/wp\/v2\/product\/11487","targetHints":{"allow":["GET"]}}],"collection":[{"href":"https:\/\/www.biokari.sk\/hu\/wp-json\/wp\/v2\/product"}],"about":[{"href":"https:\/\/www.biokari.sk\/hu\/wp-json\/wp\/v2\/types\/product"}],"replies":[{"embeddable":true,"href":"https:\/\/www.biokari.sk\/hu\/wp-json\/wp\/v2\/comments?post=11487"}],"wp:featuredmedia":[{"embeddable":true,"href":"https:\/\/www.biokari.sk\/hu\/wp-json\/wp\/v2\/media\/11489"}],"wp:attachment":[{"href":"https:\/\/www.biokari.sk\/hu\/wp-json\/wp\/v2\/media?parent=11487"}],"wp:term":[{"taxonomy":"product_brand","embeddable":true,"href":"https:\/\/www.biokari.sk\/hu\/wp-json\/wp\/v2\/product_brand?post=11487"},{"taxonomy":"product_cat","embeddable":true,"href":"https:\/\/www.biokari.sk\/hu\/wp-json\/wp\/v2\/product_cat?post=11487"},{"taxonomy":"product_tag","embeddable":true,"href":"https:\/\/www.biokari.sk\/hu\/wp-json\/wp\/v2\/product_tag?post=11487"}],"curies":[{"name":"wp","href":"https:\/\/api.w.org\/{rel}","templated":true}]}}