{"id":11514,"date":"2026-04-09T22:59:18","date_gmt":"2026-04-09T20:59:18","guid":{"rendered":"https:\/\/www.biokari.sk\/produkt\/naturmind-xylitol-brezovy-cukor-500g\/"},"modified":"2026-04-09T23:08:41","modified_gmt":"2026-04-09T21:08:41","slug":"naturmind-xylitol-brezovy-cukor-500g","status":"publish","type":"product","link":"https:\/\/www.biokari.sk\/hu\/termek\/naturmind-xylitol-brezovy-cukor-500g\/","title":{"rendered":"Naturmind Xylitol Brezov\u00fd cukor 500g"},"content":{"rendered":"<p><strong>Kry\u0161talick\u00fd xylitol (brezov\u00fd cukor)<\/strong>&nbsp;je modern\u00e9 pr\u00edrodn\u00e9 sladidlo s&nbsp;<strong>rovnakou sladivos\u0165ou ako klasick\u00fd cukor<\/strong>, no s&nbsp;<strong>ni\u017e\u0161ou energetickou hodnotou<\/strong>. V\u010faka svojim vlastnostiam predstavuje ide\u00e1lnu alternat\u00edvu pre ka\u017edodenn\u00e9 sladenie.<\/p>\n\n\n\n<p><strong>\u00d6sszet\u00e9tel:<\/strong>&nbsp;xylitol (E967).<\/p>\n\n\n\n<p>Xylitol patr\u00ed medzi tzv. cukrov\u00e9 alkoholy a prirodzene sa nach\u00e1dza v malom mno\u017estve v ovoc\u00ed, zelenine \u010di dreve brezy. V s\u00fa\u010dasnosti sa naj\u010dastej\u0161ie z\u00edskava z rastlinn\u00fdch zdrojov, napr\u00edklad z kukurice. M\u00e1&nbsp;<strong>pr\u00edjemn\u00fa sladk\u00fa chu\u0165 bez nepr\u00edjemnej pachuti<\/strong>&nbsp;a je vhodn\u00fd na \u0161irok\u00e9 pou\u017eitie v kuchyni.<\/p>\n\n\n\n<p><strong>Vlastnosti:<\/strong>&nbsp;m\u00e1 pribli\u017ene&nbsp;<strong>o tretinu ni\u017e\u0161iu energetick\u00fa hodnotu<\/strong>&nbsp;ako be\u017en\u00fd cukor, pri\u010dom jeho sladivos\u0165 zost\u00e1va porovnate\u013en\u00e1. Je vhodn\u00fd na sladenie n\u00e1pojov aj jed\u00e1l a&nbsp;<strong>neprispieva k tvorbe zubn\u00e9ho kazu<\/strong>.<\/p>\n\n\n\n<p><strong>Alkalmaz\u00e1s:<\/strong>&nbsp;vhodn\u00fd na pe\u010denie, varenie aj sladenie n\u00e1pojov. V receptoch m\u00f4\u017ee plnohodnotne nahradi\u0165 klasick\u00fd cukor, vr\u00e1tane pr\u00edpadov, kde je d\u00f4le\u017eit\u00fd aj jeho objem.<\/p>\n\n\n\n<p><strong>Adagol\u00e1s:<\/strong>&nbsp;pou\u017e\u00edva sa v rovnakom mno\u017estve ako klasick\u00fd cukor. Odpor\u00fa\u010da sa neprekra\u010dova\u0165 denn\u00fd pr\u00edjem pribli\u017ene&nbsp;<strong>30\u201350 g<\/strong>, najm\u00e4 pri prvom pou\u017e\u00edvan\u00ed.<\/p>\n\n\n\n<p><strong>Figyelmeztet\u00e9s:<\/strong>&nbsp;nadmern\u00e1 konzum\u00e1cia m\u00f4\u017ee ma\u0165 laxat\u00edvne \u00fa\u010dinky. Nevhodn\u00e9 pre psov \u2013 m\u00f4\u017ee by\u0165 pre ne toxick\u00fd.<\/p>\n\n\n\n<p><strong>V\u00fd\u017eivov\u00e9 hodnoty (na 100 g):<\/strong>&nbsp;energia 1000 kJ \/ 240 kcal, tuky 0 g (z toho nas\u00fdten\u00e9 mastn\u00e9 kyseliny 0 g), sacharidy 99,8 g (z toho cukry 0,2 g), bielkoviny 0 g, so\u013e 0,01 g.<\/p>\n\n\n\n<p><strong>Vlastnosti:<\/strong>&nbsp;bezlepkov\u00fd produkt.<\/p>\n\n\n\n<p><strong>T\u00e1rol\u00e1s:<\/strong>&nbsp;uchov\u00e1vajte na suchom a chladnom mieste.<\/p>\n\n\n\n<p><strong>Krajina p\u00f4vodu:<\/strong>&nbsp;uveden\u00e1 na obale.<\/p>\n\n\n\n<p><strong>Csomagol\u00e1s:<\/strong>&nbsp;<strong>500 g<\/strong><\/p>\n\n\n\n<hr class=\"wp-block-separator has-alpha-channel-opacity\"\/>\n\n\n\n<p><strong>Figyelmeztet\u00e9s:<\/strong>&nbsp;rob\u00edme maximum pre presnos\u0165 inform\u00e1ci\u00ed, av\u0161ak zlo\u017eenie, nutri\u010dn\u00e9 hodnoty a alerg\u00e9ny sa m\u00f4\u017eu meni\u0165. V\u017edy si pre\u010d\u00edtajte \u00fadaje uveden\u00e9 priamo na obale v\u00fdrobku.<\/p>\n\n\n\n<p><\/p>","protected":false},"excerpt":{"rendered":"<p>Kry\u0161talick\u00fd xylitol (brezov\u00fd cukor)\u00a0je modern\u00e9 pr\u00edrodn\u00e9 sladidlo s\u00a0rovnakou sladivos\u0165ou ako klasick\u00fd cukor, no s\u00a0ni\u017e\u0161ou energetickou hodnotou&#8230; <a href=\"#tab-description\" class=\"more-link\">B\u0151vebben<\/a><\/p>","protected":false},"featured_media":11517,"comment_status":"open","ping_status":"closed","template":"","meta":{"inline_featured_image":false},"product_brand":[283],"product_cat":[361,71,168],"product_tag":[280,312,281],"class_list":{"0":"post-11514","1":"product","2":"type-product","3":"status-publish","4":"has-post-thumbnail","6":"product_brand-biorganik-naturmind","7":"product_cat-cukor-potraviny","8":"product_cat-potraviny","9":"product_cat-nahradne-sladidla","10":"product_tag-bezglutenove","11":"product_tag-top-potraviny","12":"product_tag-veganske","14":"first","15":"onbackorder","16":"taxable","17":"shipping-taxable","18":"purchasable","19":"product-type-simple"},"aioseo_notices":[],"_links":{"self":[{"href":"https:\/\/www.biokari.sk\/hu\/wp-json\/wp\/v2\/product\/11514","targetHints":{"allow":["GET"]}}],"collection":[{"href":"https:\/\/www.biokari.sk\/hu\/wp-json\/wp\/v2\/product"}],"about":[{"href":"https:\/\/www.biokari.sk\/hu\/wp-json\/wp\/v2\/types\/product"}],"replies":[{"embeddable":true,"href":"https:\/\/www.biokari.sk\/hu\/wp-json\/wp\/v2\/comments?post=11514"}],"wp:featuredmedia":[{"embeddable":true,"href":"https:\/\/www.biokari.sk\/hu\/wp-json\/wp\/v2\/media\/11517"}],"wp:attachment":[{"href":"https:\/\/www.biokari.sk\/hu\/wp-json\/wp\/v2\/media?parent=11514"}],"wp:term":[{"taxonomy":"product_brand","embeddable":true,"href":"https:\/\/www.biokari.sk\/hu\/wp-json\/wp\/v2\/product_brand?post=11514"},{"taxonomy":"product_cat","embeddable":true,"href":"https:\/\/www.biokari.sk\/hu\/wp-json\/wp\/v2\/product_cat?post=11514"},{"taxonomy":"product_tag","embeddable":true,"href":"https:\/\/www.biokari.sk\/hu\/wp-json\/wp\/v2\/product_tag?post=11514"}],"curies":[{"name":"wp","href":"https:\/\/api.w.org\/{rel}","templated":true}]}}