{"id":11518,"date":"2026-04-09T23:09:09","date_gmt":"2026-04-09T21:09:09","guid":{"rendered":"https:\/\/www.biokari.sk\/produkt\/naturmind-bezlepkova-proteinovo-ryzova-kasa-s-vanilkou-200g\/"},"modified":"2026-04-20T19:02:02","modified_gmt":"2026-04-20T17:02:02","slug":"naturmind-bezlepkova-proteinovo-ryzova-kasa-s-vanilkou-200g","status":"publish","type":"product","link":"https:\/\/www.biokari.sk\/hu\/termek\/naturmind-bezlepkova-proteinovo-ryzova-kasa-s-vanilkou-200g\/","title":{"rendered":"Naturmind Bezlepkov\u00e1 proteinovo-ry\u017eov\u00e1 ka\u0161a s vanilkou 200g"},"content":{"rendered":"<p><strong>Instantn\u00e1 ry\u017eov\u00e1 ka\u0161a s vanilkovou pr\u00edchu\u0165ou<\/strong>&nbsp;so sladidlami, vitam\u00ednmi a rastlinn\u00fdmi bielkovinami predstavuje&nbsp;<strong>r\u00fdchlu, v\u00fd\u017eivn\u00fa a modern\u00fa vo\u013ebu pre ka\u017edodenn\u00e9 ra\u0148ajky alebo snack<\/strong>. V\u010faka svojmu zlo\u017eeniu je ide\u00e1lna pre akt\u00edvny \u017eivotn\u00fd \u0161t\u00fdl aj vyv\u00e1\u017een\u00fa stravu.<\/p>\n\n\n\n<p><strong>\u00d6sszet\u00e9tel:<\/strong>&nbsp;extrudovan\u00e1 ry\u017eov\u00e1 m\u00faka (90 %), hrachov\u00fd prote\u00edn (5 %), pr\u00edrodn\u00e9 ar\u00f3my, ry\u017eov\u00fd prote\u00edn (1 %), ar\u00f3ma (vanil\u00edn), jedl\u00e1 so\u013e, sladidl\u00e1 (sukral\u00f3za, steviol-glykozidy), glukon\u00e1t zino\u010dnat\u00fd, niac\u00edn, kyselina pantot\u00e9nov\u00e1 (v\u00e1penat\u00e1 so\u013e), vitam\u00edn B6 (pyridox\u00edn hydrochlorid), tiam\u00edn (tiam\u00edn mononitr\u00e1t), vitam\u00edn B12, biot\u00edn (D-biot\u00edn), nosn\u00e1 l\u00e1tka: maltodextr\u00edn.<\/p>\n\n\n\n<p>Ka\u0161a je&nbsp;<strong>bezlepkov\u00e1, bezlakt\u00f3zov\u00e1 a bez s\u00f3je<\/strong>&nbsp;a z\u00e1rove\u0148 predstavuje&nbsp;<strong>zdroj rastlinn\u00fdch bielkov\u00edn<\/strong>. M\u00e1 jemn\u00fa konzistenciu a pr\u00edjemn\u00fa vanilkov\u00fa chu\u0165 s n\u00edzkym obsahom cukru.<\/p>\n\n\n\n<p><strong>Pou\u017eitie a pr\u00edprava:<\/strong>&nbsp;nasypte pribli\u017ene&nbsp;<strong>5 polievkov\u00fdch ly\u017e\u00edc (cca 44 g)<\/strong>&nbsp;do misky a zalejte asi&nbsp;<strong>200 ml hor\u00facej vody alebo rastlinn\u00e9ho n\u00e1poja<\/strong>. D\u00f4kladne premie\u0161ajte, k\u00fdm nevznikne hladk\u00e1 ka\u0161a bez hrudiek.<\/p>\n\n\n\n<p><strong>V\u00fd\u017eivov\u00e9 hodnoty (na 100 g):<\/strong>&nbsp;energia 1470 kJ \/ 346 kcal, tuky 1,2 g (z toho nas\u00fdten\u00e9 mastn\u00e9 kyseliny 0,3 g), sacharidy 72,0 g (z toho cukry 0,6 g), vl\u00e1knina 0,5 g, bielkoviny 11,6 g, so\u013e 0,48 g.<\/p>\n\n\n\n<p><strong>Vlastnosti:<\/strong>&nbsp;bezlepkov\u00fd produkt, bez lakt\u00f3zy, bez s\u00f3je, zdroj bielkov\u00edn.<\/p>\n\n\n\n<p><strong>T\u00e1rol\u00e1s:<\/strong>&nbsp;uchov\u00e1vajte na suchom, chladnom mieste chr\u00e1nenom pred svetlom.<\/p>\n\n\n\n<p><strong>Krajina p\u00f4vodu:<\/strong>&nbsp;Ma\u010farsko.<\/p>\n\n\n\n<p><strong>Csomagol\u00e1s:<\/strong>&nbsp;<strong>200 g<\/strong><\/p>\n\n\n\n<hr class=\"wp-block-separator has-alpha-channel-opacity\"\/>\n\n\n\n<p><strong>Figyelmeztet\u00e9s:<\/strong>&nbsp;rob\u00edme maximum pre presnos\u0165 inform\u00e1ci\u00ed, av\u0161ak zlo\u017eenie, nutri\u010dn\u00e9 hodnoty a alerg\u00e9ny sa m\u00f4\u017eu meni\u0165. V\u017edy si pre\u010d\u00edtajte \u00fadaje uveden\u00e9 priamo na obale v\u00fdrobku.<\/p>","protected":false},"excerpt":{"rendered":"<p>Instantn\u00e1 ry\u017eov\u00e1 ka\u0161a s vanilkovou pr\u00edchu\u0165ou so sladidlami, vitam\u00ednmi a rastlinn\u00fdmi bielkovinami predstavuje r\u00fdchlu, v\u00fd\u017eivn\u00fa a modern\u00fa&#8230; <a href=\"#tab-description\" class=\"more-link\">B\u0151vebben<\/a><\/p>","protected":false},"featured_media":11519,"comment_status":"open","ping_status":"closed","template":"","meta":{"inline_featured_image":false},"product_brand":[283],"product_cat":[316,71,172],"product_tag":[280,309,313,281],"class_list":{"0":"post-11518","1":"product","2":"type-product","3":"status-publish","4":"has-post-thumbnail","6":"product_brand-biorganik-naturmind","7":"product_cat-bezlepkove-vyrobky","8":"product_cat-potraviny","9":"product_cat-musli-vlocky","10":"product_tag-bezglutenove","11":"product_tag-novinky","12":"product_tag-top-ostatne","13":"product_tag-veganske","15":"first","16":"instock","17":"taxable","18":"shipping-taxable","19":"purchasable","20":"product-type-simple"},"aioseo_notices":[],"_links":{"self":[{"href":"https:\/\/www.biokari.sk\/hu\/wp-json\/wp\/v2\/product\/11518","targetHints":{"allow":["GET"]}}],"collection":[{"href":"https:\/\/www.biokari.sk\/hu\/wp-json\/wp\/v2\/product"}],"about":[{"href":"https:\/\/www.biokari.sk\/hu\/wp-json\/wp\/v2\/types\/product"}],"replies":[{"embeddable":true,"href":"https:\/\/www.biokari.sk\/hu\/wp-json\/wp\/v2\/comments?post=11518"}],"wp:featuredmedia":[{"embeddable":true,"href":"https:\/\/www.biokari.sk\/hu\/wp-json\/wp\/v2\/media\/11519"}],"wp:attachment":[{"href":"https:\/\/www.biokari.sk\/hu\/wp-json\/wp\/v2\/media?parent=11518"}],"wp:term":[{"taxonomy":"product_brand","embeddable":true,"href":"https:\/\/www.biokari.sk\/hu\/wp-json\/wp\/v2\/product_brand?post=11518"},{"taxonomy":"product_cat","embeddable":true,"href":"https:\/\/www.biokari.sk\/hu\/wp-json\/wp\/v2\/product_cat?post=11518"},{"taxonomy":"product_tag","embeddable":true,"href":"https:\/\/www.biokari.sk\/hu\/wp-json\/wp\/v2\/product_tag?post=11518"}],"curies":[{"name":"wp","href":"https:\/\/api.w.org\/{rel}","templated":true}]}}