{"id":11527,"date":"2026-04-10T21:52:17","date_gmt":"2026-04-10T19:52:17","guid":{"rendered":"https:\/\/www.biokari.sk\/produkt\/rice-up-proteinova-tycinka-s-karamelovou-prichutou-40g\/"},"modified":"2026-04-10T21:58:42","modified_gmt":"2026-04-10T19:58:42","slug":"rice-up-proteinova-tycinka-s-karamelovou-prichutou-40g","status":"publish","type":"product","link":"https:\/\/www.biokari.sk\/hu\/termek\/rice-up-proteinova-tycinka-s-karamelovou-prichutou-40g\/","title":{"rendered":"Rice up Proteinov\u00e1 ty\u010dinka s karamelovou pr\u00edchu\u0165ou 40g"},"content":{"rendered":"<p><strong>Prote\u00ednov\u00e1 ty\u010dinka Toffee Caramel<\/strong>&nbsp;predstavuje&nbsp;<strong>dokonal\u00e9 spojenie chuti a funk\u010dnosti<\/strong>&nbsp;pre v\u0161etk\u00fdch, ktor\u00ed h\u013eadaj\u00fa kvalitn\u00fd snack bez kompromisov. Ka\u017ed\u00e1 ty\u010dinka pon\u00faka&nbsp;<strong>vysok\u00fd obsah bielkov\u00edn (30 %)<\/strong>&nbsp;a je navrhnut\u00e1 tak, aby podporila akt\u00edvny \u017eivotn\u00fd \u0161t\u00fdl a z\u00e1rove\u0148 poskytla v\u00fdnimo\u010dn\u00fd chu\u0165ov\u00fd z\u00e1\u017eitok.<\/p>\n\n\n\n<p>V\u010faka jemnej karamelovej vrstve a \u010dokol\u00e1dovej poleve m\u00e1 ty\u010dinka&nbsp;<strong>bohat\u00fa, dezertn\u00fa chu\u0165<\/strong>, pri\u010dom neobsahuje pridan\u00fd cukor a je vhodn\u00e1 aj pre bezlepkov\u00fa di\u00e9tu.<\/p>\n\n\n\n<p><strong>\u00d6sszet\u00e9tel:<\/strong>&nbsp;mlie\u010dna bielkovina (30 %), \u010dokol\u00e1dov\u00e1 poleva (20 %) [kakaov\u00e1 hmota, kakaov\u00e9 maslo, su\u0161en\u00e9 plnotu\u010dn\u00e9 mlieko, zvlh\u010dovadlo: maltitol, emulg\u00e1tor: slne\u010dnicov\u00fd lecit\u00edn, pr\u00edrodn\u00e1 vanilkov\u00e1 ar\u00f3ma], karamel (12 %) [su\u0161en\u00e9 plnotu\u010dn\u00e9 mlieko, zvlh\u010dovadlo: maltitol, emulg\u00e1tor: slne\u010dnicov\u00fd lecit\u00edn, pr\u00edrodn\u00e1 ar\u00f3ma], hydrolyzovan\u00e9 kolag\u00e9nov\u00e9 peptidy (hov\u00e4dzie), vysokoolejov\u00fd slne\u010dnicov\u00fd olej, kakaov\u00e9 maslo, rastlinn\u00fd glycerol, rozpustn\u00e1 vl\u00e1knina (polydextr\u00f3za), odtu\u010dnen\u00e9 kakao (4 %), pr\u00edrodn\u00e9 ar\u00f3my, sladidlo: steviol-glykozidy (stevia).<\/p>\n\n\n\n<p><strong>Vlastnosti:<\/strong>&nbsp;vysok\u00fd obsah bielkov\u00edn, bez pridan\u00e9ho cukru, bezlepkov\u00fd produkt.<\/p>\n\n\n\n<p><strong>V\u00fd\u017eivov\u00e9 hodnoty (na 1 ty\u010dinku \/ 40 g):<\/strong>&nbsp;energia 687 kJ \/ 163 kcal, tuky 7,7 g (z toho nas\u00fdten\u00e9 mastn\u00e9 kyseliny 3,6 g), sacharidy 13,6 g (z toho cukry 0,4 g), vl\u00e1knina 1,1 g, bielkoviny 12 g, so\u013e 0,1 g.<\/p>\n\n\n\n<p><strong>Alkalmaz\u00e1s:<\/strong>&nbsp;ide\u00e1lna ako r\u00fdchla desiata, po tr\u00e9ningu alebo ako praktick\u00fd zdroj energie po\u010das d\u0148a.<\/p>\n\n\n\n<p><strong>Upozornenie na alerg\u00e9ny:<\/strong>&nbsp;m\u00f4\u017ee obsahova\u0165 stopy&nbsp;<strong>s\u00f3je a v\u00fdrobkov zo s\u00f3je<\/strong>. Obsahuje&nbsp;<strong>mlieko<\/strong>.<\/p>\n\n\n\n<p><strong>T\u00e1rol\u00e1s:<\/strong>&nbsp;uchov\u00e1vajte na suchom a chladnom mieste.<\/p>\n\n\n\n<p><strong>Csomagol\u00e1s:<\/strong>&nbsp;<strong>40 g<\/strong><\/p>\n\n\n\n<hr class=\"wp-block-separator has-alpha-channel-opacity\"\/>\n\n\n\n<p><strong>Figyelmeztet\u00e9s:<\/strong>&nbsp;nadmern\u00e1 konzum\u00e1cia m\u00f4\u017ee ma\u0165 laxat\u00edvne \u00fa\u010dinky (v d\u00f4sledku obsahu sladidiel). Produkt nenahr\u00e1dza pestr\u00fa a vyv\u00e1\u017een\u00fa stravu.<\/p>","protected":false},"excerpt":{"rendered":"<p>Prote\u00ednov\u00e1 ty\u010dinka Toffee Caramel predstavuje dokonal\u00e9&#8230; <a href=\"#tab-description\" class=\"more-link\">B\u0151vebben<\/a><\/p>","protected":false},"featured_media":11529,"comment_status":"open","ping_status":"closed","template":"","meta":{"inline_featured_image":false},"product_brand":[365],"product_cat":[366,71,174,178],"product_tag":[363,280,309,312],"class_list":{"0":"post-11527","1":"product","2":"type-product","3":"status-publish","4":"has-post-thumbnail","6":"product_brand-rice-up","7":"product_cat-proteinove-rezy","8":"product_cat-potraviny","9":"product_cat-maskrty","10":"product_cat-sladke-maskrty","11":"product_tag-bez-cukru","12":"product_tag-bezglutenove","13":"product_tag-novinky","14":"product_tag-top-potraviny","16":"first","17":"instock","18":"taxable","19":"shipping-taxable","20":"purchasable","21":"product-type-simple"},"aioseo_notices":[],"_links":{"self":[{"href":"https:\/\/www.biokari.sk\/hu\/wp-json\/wp\/v2\/product\/11527","targetHints":{"allow":["GET"]}}],"collection":[{"href":"https:\/\/www.biokari.sk\/hu\/wp-json\/wp\/v2\/product"}],"about":[{"href":"https:\/\/www.biokari.sk\/hu\/wp-json\/wp\/v2\/types\/product"}],"replies":[{"embeddable":true,"href":"https:\/\/www.biokari.sk\/hu\/wp-json\/wp\/v2\/comments?post=11527"}],"wp:featuredmedia":[{"embeddable":true,"href":"https:\/\/www.biokari.sk\/hu\/wp-json\/wp\/v2\/media\/11529"}],"wp:attachment":[{"href":"https:\/\/www.biokari.sk\/hu\/wp-json\/wp\/v2\/media?parent=11527"}],"wp:term":[{"taxonomy":"product_brand","embeddable":true,"href":"https:\/\/www.biokari.sk\/hu\/wp-json\/wp\/v2\/product_brand?post=11527"},{"taxonomy":"product_cat","embeddable":true,"href":"https:\/\/www.biokari.sk\/hu\/wp-json\/wp\/v2\/product_cat?post=11527"},{"taxonomy":"product_tag","embeddable":true,"href":"https:\/\/www.biokari.sk\/hu\/wp-json\/wp\/v2\/product_tag?post=11527"}],"curies":[{"name":"wp","href":"https:\/\/api.w.org\/{rel}","templated":true}]}}