{"id":11539,"date":"2026-04-10T22:38:59","date_gmt":"2026-04-10T20:38:59","guid":{"rendered":"https:\/\/www.biokari.sk\/produkt\/fuszeresz-ryzove-korenie-20g\/"},"modified":"2026-04-28T19:01:58","modified_gmt":"2026-04-28T17:01:58","slug":"fuszeresz-ryzove-korenie-20g","status":"publish","type":"product","link":"https:\/\/www.biokari.sk\/hu\/termek\/fuszeresz-ryzove-korenie-20g\/","title":{"rendered":"F\u0171szer\u00e9sz Ry\u017eov\u00e9 korenie 20g"},"content":{"rendered":"<p><strong>Koreninov\u00e1 zmes na ry\u017eu 20 g<\/strong>&nbsp;predstavuje aromatick\u00fa kombin\u00e1ciu starostlivo vybran\u00fdch surov\u00edn, ktor\u00e1 dod\u00e1 ry\u017ei a ry\u017eov\u00fdm jedl\u00e1m pln\u00fa, vyv\u00e1\u017een\u00fa chu\u0165. V\u010faka harmonick\u00e9mu spojeniu zeleniny a koren\u00edn zv\u00fdraz\u0148uje prirodzen\u00fa chu\u0165 jed\u00e1l bez potreby \u010fal\u0161ieho dochucovania.<\/p>\n\n\n\n<p><strong>\u00d6sszet\u00e9tel:<\/strong>&nbsp;mrkva, pa\u0161trn\u00e1k, petr\u017elen, paprika (pritamin), zeler, paradajka, cibu\u013ea, p\u00f3r, morsk\u00e1 so\u013e, kurkuma, koriander, senovka gr\u00e9cka, z\u00e1zvor, hor\u010di\u010dn\u00e9 semienko, r\u00edmska rasca, kajensk\u00e9 korenie.<\/p>\n\n\n\n<p><strong>Alkalmaz\u00e1s:<\/strong>&nbsp;ide\u00e1lna na pr\u00edpravu ry\u017ee, rizota a r\u00f4znych ry\u017eov\u00fdch jed\u00e1l. Sta\u010d\u00ed prida\u0165 po\u010das varenia pre zv\u00fdraznenie chuti.<\/p>\n\n\n\n<p><strong>T\u00e1rol\u00e1s:<\/strong>&nbsp;uchov\u00e1vajte na suchom a chladnom mieste.<\/p>\n\n\n\n<p><strong>Krajina p\u00f4vodu:<\/strong>&nbsp;Ma\u010farsko.<\/p>\n\n\n\n<p><strong>S\u00faly:<\/strong>&nbsp;<strong>20 g<\/strong><\/p>","protected":false},"excerpt":{"rendered":"<p>Koreninov\u00e1 zmes na ry\u017eu 20 g\u00a0predstavuje aromatick\u00fa kombin\u00e1ciu starostlivo vybran\u00fdch surov\u00edn, ktor\u00e1 dod\u00e1 ry\u017ei a ry\u017eov\u00fdm jedl\u00e1m pln\u00fa&#8230; <a href=\"#tab-description\" class=\"more-link\">B\u0151vebben<\/a><\/p>","protected":false},"featured_media":11541,"comment_status":"open","ping_status":"closed","template":"","meta":{"inline_featured_image":false},"product_brand":[],"product_cat":[370,71],"product_tag":[363,280,281],"class_list":{"0":"post-11539","1":"product","2":"type-product","3":"status-publish","4":"has-post-thumbnail","6":"product_cat-koreninove-zmesi","7":"product_cat-potraviny","8":"product_tag-bez-cukru","9":"product_tag-bezglutenove","10":"product_tag-veganske","12":"first","13":"instock","14":"taxable","15":"shipping-taxable","16":"purchasable","17":"product-type-simple"},"aioseo_notices":[],"_links":{"self":[{"href":"https:\/\/www.biokari.sk\/hu\/wp-json\/wp\/v2\/product\/11539","targetHints":{"allow":["GET"]}}],"collection":[{"href":"https:\/\/www.biokari.sk\/hu\/wp-json\/wp\/v2\/product"}],"about":[{"href":"https:\/\/www.biokari.sk\/hu\/wp-json\/wp\/v2\/types\/product"}],"replies":[{"embeddable":true,"href":"https:\/\/www.biokari.sk\/hu\/wp-json\/wp\/v2\/comments?post=11539"}],"wp:featuredmedia":[{"embeddable":true,"href":"https:\/\/www.biokari.sk\/hu\/wp-json\/wp\/v2\/media\/11541"}],"wp:attachment":[{"href":"https:\/\/www.biokari.sk\/hu\/wp-json\/wp\/v2\/media?parent=11539"}],"wp:term":[{"taxonomy":"product_brand","embeddable":true,"href":"https:\/\/www.biokari.sk\/hu\/wp-json\/wp\/v2\/product_brand?post=11539"},{"taxonomy":"product_cat","embeddable":true,"href":"https:\/\/www.biokari.sk\/hu\/wp-json\/wp\/v2\/product_cat?post=11539"},{"taxonomy":"product_tag","embeddable":true,"href":"https:\/\/www.biokari.sk\/hu\/wp-json\/wp\/v2\/product_tag?post=11539"}],"curies":[{"name":"wp","href":"https:\/\/api.w.org\/{rel}","templated":true}]}}