{"id":11560,"date":"2026-04-10T23:17:50","date_gmt":"2026-04-10T21:17:50","guid":{"rendered":"https:\/\/www.biokari.sk\/produkt\/hargita-kincse-parajdsky-sol-mydlo-220g\/"},"modified":"2026-04-10T23:22:07","modified_gmt":"2026-04-10T21:22:07","slug":"hargita-kincse-parajdsky-sol-mydlo-220g","status":"publish","type":"product","link":"https:\/\/www.biokari.sk\/hu\/termek\/hargita-kincse-parajdsky-sol-mydlo-220g\/","title":{"rendered":"Hargita Kincse Parajdsk\u00fd so\u013e mydlo 220g"},"content":{"rendered":"<p><strong>Pr\u00edrodn\u00e9 so\u013en\u00e9 mydlo z Parajdu 220 g<\/strong>&nbsp;predstavuje unik\u00e1tny pr\u00edrodn\u00fd produkt vyroben\u00fd zo so\u013en\u00e9ho bloku poch\u00e1dzaj\u00faceho z oblasti Parajd. V\u010faka svojmu pr\u00edrodn\u00e9mu p\u00f4vodu neobsahuje pridan\u00e9 chemick\u00e9 l\u00e1tky a je vhodn\u00e9 na ka\u017edodenn\u00fa starostlivos\u0165 o poko\u017eku.<\/p>\n\n\n\n<p>So\u013en\u00e9 mydlo je zn\u00e1me svojimi&nbsp;<strong>\u010distiacimi a osvie\u017euj\u00facimi vlastnos\u0165ami<\/strong>, pri\u010dom pom\u00e1ha udr\u017eiava\u0165 poko\u017eku \u010dist\u00fa a svie\u017eu. V\u010faka obsahu pr\u00edrodn\u00fdch miner\u00e1lov prispieva k&nbsp;<strong>rovnov\u00e1he poko\u017eky<\/strong>&nbsp;a je vhodn\u00e9 pre r\u00f4zne typy pleti vr\u00e1tane problematickej.<\/p>\n\n\n\n<p><strong>Alkalmaz\u00e1s:<\/strong>&nbsp;po be\u017enom umyt\u00ed aplikujte na \u010dist\u00fa a vlhk\u00fa poko\u017eku jemn\u00fdm potret\u00edm navlh\u010den\u00fdm mydlom. Nechajte zaschn\u00fa\u0165 a n\u00e1sledne prebyto\u010dn\u00fa so\u013e jemne zotrite such\u00fdm uter\u00e1kom. Nepou\u017e\u00edvajte tren\u00edm, aby nedo\u0161lo k podr\u00e1\u017edeniu poko\u017eky.<\/p>\n\n\n\n<p>Produkt je vhodn\u00fd na starostlivos\u0165 o poko\u017eku tv\u00e1re aj tela a mo\u017eno ho pou\u017ei\u0165 aj po holen\u00ed alebo epil\u00e1cii.<\/p>\n\n\n\n<p><strong>T\u00e1rol\u00e1s:<\/strong>&nbsp;uchov\u00e1vajte na suchom mieste.<\/p>\n\n\n\n<p><strong>Krajina p\u00f4vodu:<\/strong>&nbsp;uveden\u00e1 na obale.<\/p>\n\n\n\n<p><strong>S\u00faly:<\/strong>&nbsp;<strong>220 g<\/strong><\/p>","protected":false},"excerpt":{"rendered":"<p>Pr\u00edrodn\u00e9 so\u013en\u00e9 mydlo z Parajdu 220 g predstavuje unik\u00e1tny pr\u00edrodn\u00fd produkt vyroben\u00fd zo so\u013en\u00e9ho bloku poch\u00e1dzaj\u00faceho z oblasti Parajd&#8230; <a href=\"#tab-description\" class=\"more-link\">B\u0151vebben<\/a><\/p>","protected":false},"featured_media":11562,"comment_status":"open","ping_status":"closed","template":"","meta":{"inline_featured_image":false},"product_brand":[374],"product_cat":[375,249],"product_tag":[313],"class_list":{"0":"post-11560","1":"product","2":"type-product","3":"status-publish","4":"has-post-thumbnail","6":"product_brand-hargita-kincse","7":"product_cat-mydlo","8":"product_cat-kozmeticke-vyrobky","9":"product_tag-top-ostatne","11":"first","12":"onbackorder","13":"taxable","14":"shipping-taxable","15":"purchasable","16":"product-type-simple"},"aioseo_notices":[],"_links":{"self":[{"href":"https:\/\/www.biokari.sk\/hu\/wp-json\/wp\/v2\/product\/11560","targetHints":{"allow":["GET"]}}],"collection":[{"href":"https:\/\/www.biokari.sk\/hu\/wp-json\/wp\/v2\/product"}],"about":[{"href":"https:\/\/www.biokari.sk\/hu\/wp-json\/wp\/v2\/types\/product"}],"replies":[{"embeddable":true,"href":"https:\/\/www.biokari.sk\/hu\/wp-json\/wp\/v2\/comments?post=11560"}],"wp:featuredmedia":[{"embeddable":true,"href":"https:\/\/www.biokari.sk\/hu\/wp-json\/wp\/v2\/media\/11562"}],"wp:attachment":[{"href":"https:\/\/www.biokari.sk\/hu\/wp-json\/wp\/v2\/media?parent=11560"}],"wp:term":[{"taxonomy":"product_brand","embeddable":true,"href":"https:\/\/www.biokari.sk\/hu\/wp-json\/wp\/v2\/product_brand?post=11560"},{"taxonomy":"product_cat","embeddable":true,"href":"https:\/\/www.biokari.sk\/hu\/wp-json\/wp\/v2\/product_cat?post=11560"},{"taxonomy":"product_tag","embeddable":true,"href":"https:\/\/www.biokari.sk\/hu\/wp-json\/wp\/v2\/product_tag?post=11560"}],"curies":[{"name":"wp","href":"https:\/\/api.w.org\/{rel}","templated":true}]}}