{"id":11563,"date":"2026-04-10T23:22:34","date_gmt":"2026-04-10T21:22:34","guid":{"rendered":"https:\/\/www.biokari.sk\/produkt\/balta-propolisovy-krem-40g\/"},"modified":"2026-04-21T19:02:05","modified_gmt":"2026-04-21T17:02:05","slug":"balta-propolisovy-krem-40g","status":"publish","type":"product","link":"https:\/\/www.biokari.sk\/hu\/termek\/balta-propolisovy-krem-40g\/","title":{"rendered":"Balta Propolisov\u00fd kr\u00e9m 40g"},"content":{"rendered":"<p><strong>Propolisov\u00fd kr\u00e9m<\/strong>&nbsp;predstavuje tradi\u010dn\u00fd pr\u00edpravok ur\u010den\u00fd na vonkaj\u0161iu starostlivos\u0165 o poko\u017eku s obsahom propolisu, ktor\u00fd je zn\u00e1my svoj\u00edm prirodzen\u00fdm p\u00f4vodom a \u0161irok\u00fdm vyu\u017eit\u00edm v kozmetike. V\u010faka svojej kr\u00e9movej konzistencii sa \u013eahko nan\u00e1\u0161a a r\u00fdchlo vstreb\u00e1va, \u010d\u00edm poskytuje poko\u017eke komfort a ochranu.<\/p>\n\n\n\n<p>Kr\u00e9m je vhodn\u00fd na ka\u017edodenn\u00e9 pou\u017eitie na r\u00f4zne typy poko\u017eky, najm\u00e4 na such\u00fa, podr\u00e1\u017eden\u00fa alebo nam\u00e1han\u00fa poko\u017eku. Pom\u00e1ha udr\u017eiava\u0165 poko\u017eku hydratovan\u00fa, vl\u00e1\u010dnu a chr\u00e1nen\u00fa pred vonkaj\u0161\u00edmi vplyvmi.<\/p>\n\n\n\n<p><strong>\u00d6sszet\u00e9tel:<\/strong>&nbsp;vazel\u00edna, lanol\u00edn, propolisov\u00fd extrakt, Euxyl PE 910. Bez parab\u00e9nov.<\/p>\n\n\n\n<p><strong>Alkalmaz\u00e1s:<\/strong>&nbsp;naneste tenk\u00fa vrstvu na postihnut\u00e9 miesto a jemne vmas\u00edrujte a\u017e do \u00fapln\u00e9ho vstrebania.<\/p>\n\n\n\n<p><strong>T\u00e1rol\u00e1s:<\/strong>&nbsp;uchov\u00e1vajte pri izbovej teplote, chr\u00e1nen\u00e9 pred svetlom.<\/p>\n\n\n\n<p><strong>Ellenjavallatok:<\/strong>&nbsp;nepou\u017e\u00edvajte v pr\u00edpade precitlivenosti na niektor\u00fa zo zlo\u017eiek produktu.<\/p>\n\n\n\n<p><strong>Csomagol\u00e1s:<\/strong> 40g<\/p>","protected":false},"excerpt":{"rendered":"<p>&#8230; <a href=\"#tab-description\" class=\"more-link\">B\u0151vebben<\/a><\/p>","protected":false},"featured_media":11564,"comment_status":"open","ping_status":"closed","template":"","meta":{"inline_featured_image":false},"product_brand":[],"product_cat":[371,249],"product_tag":[309],"class_list":{"0":"post-11563","1":"product","2":"type-product","3":"status-publish","4":"has-post-thumbnail","6":"product_cat-bilynkovy-krem","7":"product_cat-kozmeticke-vyrobky","8":"product_tag-novinky","10":"first","11":"instock","12":"taxable","13":"shipping-taxable","14":"purchasable","15":"product-type-simple"},"aioseo_notices":[],"_links":{"self":[{"href":"https:\/\/www.biokari.sk\/hu\/wp-json\/wp\/v2\/product\/11563","targetHints":{"allow":["GET"]}}],"collection":[{"href":"https:\/\/www.biokari.sk\/hu\/wp-json\/wp\/v2\/product"}],"about":[{"href":"https:\/\/www.biokari.sk\/hu\/wp-json\/wp\/v2\/types\/product"}],"replies":[{"embeddable":true,"href":"https:\/\/www.biokari.sk\/hu\/wp-json\/wp\/v2\/comments?post=11563"}],"wp:featuredmedia":[{"embeddable":true,"href":"https:\/\/www.biokari.sk\/hu\/wp-json\/wp\/v2\/media\/11564"}],"wp:attachment":[{"href":"https:\/\/www.biokari.sk\/hu\/wp-json\/wp\/v2\/media?parent=11563"}],"wp:term":[{"taxonomy":"product_brand","embeddable":true,"href":"https:\/\/www.biokari.sk\/hu\/wp-json\/wp\/v2\/product_brand?post=11563"},{"taxonomy":"product_cat","embeddable":true,"href":"https:\/\/www.biokari.sk\/hu\/wp-json\/wp\/v2\/product_cat?post=11563"},{"taxonomy":"product_tag","embeddable":true,"href":"https:\/\/www.biokari.sk\/hu\/wp-json\/wp\/v2\/product_tag?post=11563"}],"curies":[{"name":"wp","href":"https:\/\/api.w.org\/{rel}","templated":true}]}}