{"id":11576,"date":"2026-04-11T22:09:40","date_gmt":"2026-04-11T20:09:40","guid":{"rendered":"https:\/\/www.biokari.sk\/produkt\/mehes-mezes-visnovy-sirup-s-cukrom-a-medom-500ml\/"},"modified":"2026-04-15T19:02:44","modified_gmt":"2026-04-15T17:02:44","slug":"mehes-mezes-visnovy-sirup-s-cukrom-a-medom-500ml","status":"publish","type":"product","link":"https:\/\/www.biokari.sk\/hu\/termek\/mehes-mezes-visnovy-sirup-s-cukrom-a-medom-500ml\/","title":{"rendered":"M\u00e9hes m\u00e9zes V\u00ed\u0161\u0148ov\u00fd sirup s cukrom a medom 500ml"},"content":{"rendered":"<p><strong>M\u00e9hes-M\u00e9zes vi\u0161\u0148ov\u00fd sirup s medom 500 ml<\/strong>&nbsp;prin\u00e1\u0161a autentick\u00fa chu\u0165 detstva v podobe poctiv\u00e9ho, tradi\u010dne pripraven\u00e9ho sirupu. Intenz\u00edvna chu\u0165 zrel\u00fdch vi\u0161n\u00ed doplnen\u00e1 jemnou sladkos\u0165ou medu vytv\u00e1ra harmonick\u00fd a osvie\u017euj\u00faci n\u00e1poj, ktor\u00fd pote\u0161\u00ed v ka\u017edom ro\u010dnom obdob\u00ed.<\/p>\n\n\n\n<p>Sirup je vyroben\u00fd&nbsp;<strong>\u0161etrn\u00fdm tradi\u010dn\u00fdm sp\u00f4sobom<\/strong>&nbsp;z kvalitn\u00fdch pr\u00edrodn\u00fdch surov\u00edn, bez zbyto\u010dn\u00fdch pr\u00edsad, \u010d\u00edm si zachov\u00e1va svoju prirodzen\u00fa chu\u0165 a charakter. V\u010faka svojmu zlo\u017eeniu je ide\u00e1lny na pr\u00edpravu osvie\u017euj\u00facich n\u00e1pojov, ale aj ako doplnok do dezertov \u010di \u010dajov.<\/p>\n\n\n\n<p><strong>\u00d6sszet\u00e9tel:<\/strong>&nbsp;cukor, vi\u0161\u0148ov\u00e1 \u0161\u0165ava 33 % (z koncentr\u00e1tu), pitn\u00e1 voda, med 2 %, kyselina citr\u00f3nov\u00e1, pr\u00edrodn\u00e1 ar\u00f3ma.<\/p>\n\n\n\n<p><strong>Odpor\u00fa\u010dan\u00e9 riedenie:<\/strong>&nbsp;1 : 8<\/p>\n\n\n\n<p><strong>V\u00fd\u017eivov\u00e9 \u00fadaje na 100 ml:<\/strong>&nbsp;energia 1497 kJ \/ 352 kcal, tuky 0 g z toho nas\u00fdten\u00e9 mastn\u00e9 kyseliny 0 g, sacharidy 86 g z toho cukry 84 g, bielkoviny 0 g, so\u013e 0 g.<\/p>\n\n\n\n<p><strong>T\u00e1rol\u00e1s:<\/strong>&nbsp;uchov\u00e1vajte na suchom a chladnom mieste. Po otvoren\u00ed odpor\u00fa\u010dame skladova\u0165 v chladni\u010dke.<\/p>\n\n\n\n<p><strong>Krajina p\u00f4vodu:<\/strong>&nbsp;uveden\u00e1 na obale.<\/p>\n\n\n\n<p><strong>K\u00f6tet:<\/strong>&nbsp;<strong>500 ml<\/strong><br><strong>S\u00faly:<\/strong>&nbsp;<strong>668 g<\/strong><\/p>","protected":false},"excerpt":{"rendered":"<p>M\u00e9hes-M\u00e9zes vi\u0161\u0148ov\u00fd sirup s medom 500 ml prin\u00e1\u0161a autentick\u00fa chu\u0165 detstva v podobe poctiv\u00e9ho, tradi\u010dne pripraven\u00e9ho sirupu&#8230; <a href=\"#tab-description\" class=\"more-link\">B\u0151vebben<\/a><\/p>","protected":false},"featured_media":11578,"comment_status":"open","ping_status":"closed","template":"","meta":{"inline_featured_image":false},"product_brand":[],"product_cat":[382,71],"product_tag":[],"class_list":{"0":"post-11576","1":"product","2":"type-product","3":"status-publish","4":"has-post-thumbnail","6":"product_cat-sirupy","7":"product_cat-potraviny","9":"first","10":"instock","11":"taxable","12":"shipping-taxable","13":"purchasable","14":"product-type-simple"},"aioseo_notices":[],"_links":{"self":[{"href":"https:\/\/www.biokari.sk\/hu\/wp-json\/wp\/v2\/product\/11576","targetHints":{"allow":["GET"]}}],"collection":[{"href":"https:\/\/www.biokari.sk\/hu\/wp-json\/wp\/v2\/product"}],"about":[{"href":"https:\/\/www.biokari.sk\/hu\/wp-json\/wp\/v2\/types\/product"}],"replies":[{"embeddable":true,"href":"https:\/\/www.biokari.sk\/hu\/wp-json\/wp\/v2\/comments?post=11576"}],"wp:featuredmedia":[{"embeddable":true,"href":"https:\/\/www.biokari.sk\/hu\/wp-json\/wp\/v2\/media\/11578"}],"wp:attachment":[{"href":"https:\/\/www.biokari.sk\/hu\/wp-json\/wp\/v2\/media?parent=11576"}],"wp:term":[{"taxonomy":"product_brand","embeddable":true,"href":"https:\/\/www.biokari.sk\/hu\/wp-json\/wp\/v2\/product_brand?post=11576"},{"taxonomy":"product_cat","embeddable":true,"href":"https:\/\/www.biokari.sk\/hu\/wp-json\/wp\/v2\/product_cat?post=11576"},{"taxonomy":"product_tag","embeddable":true,"href":"https:\/\/www.biokari.sk\/hu\/wp-json\/wp\/v2\/product_tag?post=11576"}],"curies":[{"name":"wp","href":"https:\/\/api.w.org\/{rel}","templated":true}]}}