{"id":11585,"date":"2026-04-11T22:45:00","date_gmt":"2026-04-11T20:45:00","guid":{"rendered":"https:\/\/www.biokari.sk\/produkt\/organic-force-mano-manna-pre-deti-od-1-rokov\/"},"modified":"2026-04-11T22:49:05","modified_gmt":"2026-04-11T20:49:05","slug":"organic-force-mano-manna-pre-deti-od-1-rokov","status":"publish","type":"product","link":"https:\/\/www.biokari.sk\/hu\/termek\/organic-force-mano-manna-pre-deti-od-1-rokov\/","title":{"rendered":"Organic Force Mano manna pre deti od 1 rokov"},"content":{"rendered":"<p><strong>MINI Man\u00f3 Manna Elix\u00edr \u2013 100 % pr\u00edrodn\u00fd ovocno-zeleninov\u00fd superkoncentr\u00e1t s beta-gluk\u00e1nom<\/strong>&nbsp;predstavuje \u0161peci\u00e1lne vyvinut\u00fd v\u00fd\u017eivov\u00fd doplnok pre deti vo veku&nbsp;<strong>1 \u2013 3 roky<\/strong>, ktor\u00fd prirodzen\u00fdm sp\u00f4sobom podporuje imunitn\u00fd syst\u00e9m v obdob\u00ed jeho najintenz\u00edvnej\u0161ieho v\u00fdvoja. V\u010faka obsahu beta-gluk\u00e1nu v d\u00e1vke prisp\u00f4sobenej pre mal\u00e9 deti poskytuje \u00fa\u010dinn\u00fa a bezpe\u010dn\u00fa podporu obranyschopnosti organizmu.<\/p>\n\n\n\n<p>Tento&nbsp;<strong>superkoncentr\u00e1t<\/strong>&nbsp;je vyroben\u00fd dom\u00e1cim v\u00fdrobcom zo 100 % pr\u00edrodn\u00fdch, \u010diasto\u010dne BIO surov\u00edn a vyzna\u010duje sa vysok\u00fdm obsahom antioxidantov, flavonoidov a polyfenolov. \u0160peci\u00e1lna technol\u00f3gia spracovania pri n\u00edzkej teplote zabezpe\u010duje zachovanie v\u0161etk\u00fdch d\u00f4le\u017eit\u00fdch vitam\u00ednov, miner\u00e1lov a biologicky akt\u00edvnych l\u00e1tok. Produkt neobsahuje pridan\u00fd cukor, konzerva\u010dn\u00e9 l\u00e1tky ani farbiv\u00e1.<\/p>\n\n\n\n<p><strong>\u00d6sszet\u00e9tel:<\/strong>&nbsp;koncentr\u00e1ty z ovocia a zeleniny (baza \u010dierna, topinambur, jablko, \u010derven\u00e9 hrozno, \u010dierne r\u00edbezle, cvikla, ar\u00f3nia, vi\u0161\u0148a, \u010du\u010doriedka). Obsahuje beta-gluk\u00e1n z kvasiniek (Saccharomyces cerevisiae) \u2013 1800 mg v balen\u00ed (857 mg\/100 g).<\/p>\n\n\n\n<p><strong>Obsah \u00fa\u010dinn\u00fdch l\u00e1tok v dennej d\u00e1vke:<\/strong>&nbsp;beta-gluk\u00e1n 60 mg \/ 1 \u010dajov\u00e1 ly\u017ei\u010dka.<\/p>\n\n\n\n<p><strong>V\u00fd\u017eivov\u00e9 \u00fadaje na 100 g:<\/strong>&nbsp;energia 1146 kJ \/ 270 kcal, tuky 0,2 g z toho nas\u00fdten\u00e9 mastn\u00e9 kyseliny 0 g, sacharidy 56,4 g z toho cukry 51,4 g, bielkoviny 2,4 g, vl\u00e1knina 10,5 g, so\u013e 0,1 g.<\/p>\n\n\n\n<p><strong>Aj\u00e1nlott adagol\u00e1s:<\/strong>&nbsp;pre deti vo veku 1 \u2013 3 roky 1 \u010dajov\u00e1 ly\u017ei\u010dka denne (alebo 2 mokka ly\u017ei\u010dky). Pri pr\u00edznakoch ochorenia 2\u20134 \u010dajov\u00e9 ly\u017ei\u010dky denne pod\u013ea potreby, rozdelen\u00e9 po\u010das d\u0148a. Mo\u017eno zamie\u0161a\u0165 do studen\u00fdch n\u00e1pojov alebo jed\u00e1l.<\/p>\n\n\n\n<p><strong>Alkalmaz\u00e1s:<\/strong>&nbsp;vhodn\u00e9 najm\u00e4 v obdob\u00ed zv\u00fd\u0161en\u00e9ho rizika infekci\u00ed, po\u010das jesene a zimy, pri n\u00e1stupe do kolekt\u00edvu alebo po prekonan\u00ed ochorenia.<\/p>\n\n\n\n<p><strong>T\u00e1rol\u00e1s:<\/strong>&nbsp;po otvoren\u00ed uchov\u00e1vajte v chladni\u010dke a spotrebujte do 30 dn\u00ed.<\/p>\n\n\n\n<p><strong>Minim\u00e1lna trvanlivos\u0165:<\/strong>&nbsp;uveden\u00e1 na obale.<\/p>\n\n\n\n<p><strong>Krajina p\u00f4vodu:<\/strong>&nbsp;E\u00da<\/p>\n\n\n\n<p><strong>Csomagol\u00e1s:<\/strong>&nbsp;<strong>210 g (1 mesa\u010dn\u00e1 d\u00e1vka)<\/strong><\/p>","protected":false},"excerpt":{"rendered":"<p>MINI Man\u00f3 Manna Elix\u00edr \u2013 100 % pr\u00edrodn\u00fd ovocno-zeleninov\u00fd superkoncentr\u00e1t s beta-gluk\u00e1nom\u00a0predstavuje \u0161peci\u00e1lne vyvinut\u00fd&#8230; <a href=\"#tab-description\" class=\"more-link\">B\u0151vebben<\/a><\/p>","protected":false},"featured_media":11587,"comment_status":"open","ping_status":"closed","template":"","meta":{"inline_featured_image":false},"product_brand":[],"product_cat":[385,69],"product_tag":[309,313],"class_list":{"0":"post-11585","1":"product","2":"type-product","3":"status-publish","4":"has-post-thumbnail","6":"product_cat-pre-deti","7":"product_cat-vyzivove-doplnky","8":"product_tag-novinky","9":"product_tag-top-ostatne","11":"first","12":"instock","13":"taxable","14":"shipping-taxable","15":"purchasable","16":"product-type-simple"},"aioseo_notices":[],"_links":{"self":[{"href":"https:\/\/www.biokari.sk\/hu\/wp-json\/wp\/v2\/product\/11585","targetHints":{"allow":["GET"]}}],"collection":[{"href":"https:\/\/www.biokari.sk\/hu\/wp-json\/wp\/v2\/product"}],"about":[{"href":"https:\/\/www.biokari.sk\/hu\/wp-json\/wp\/v2\/types\/product"}],"replies":[{"embeddable":true,"href":"https:\/\/www.biokari.sk\/hu\/wp-json\/wp\/v2\/comments?post=11585"}],"wp:featuredmedia":[{"embeddable":true,"href":"https:\/\/www.biokari.sk\/hu\/wp-json\/wp\/v2\/media\/11587"}],"wp:attachment":[{"href":"https:\/\/www.biokari.sk\/hu\/wp-json\/wp\/v2\/media?parent=11585"}],"wp:term":[{"taxonomy":"product_brand","embeddable":true,"href":"https:\/\/www.biokari.sk\/hu\/wp-json\/wp\/v2\/product_brand?post=11585"},{"taxonomy":"product_cat","embeddable":true,"href":"https:\/\/www.biokari.sk\/hu\/wp-json\/wp\/v2\/product_cat?post=11585"},{"taxonomy":"product_tag","embeddable":true,"href":"https:\/\/www.biokari.sk\/hu\/wp-json\/wp\/v2\/product_tag?post=11585"}],"curies":[{"name":"wp","href":"https:\/\/api.w.org\/{rel}","templated":true}]}}