{"id":11609,"date":"2026-04-18T22:12:19","date_gmt":"2026-04-18T20:12:19","guid":{"rendered":"https:\/\/www.biokari.sk\/produkt\/wtn-dao-kapsuly-30ks\/"},"modified":"2026-04-20T19:02:01","modified_gmt":"2026-04-20T17:02:01","slug":"wtn-dao-kapsuly-30ks","status":"publish","type":"product","link":"https:\/\/www.biokari.sk\/hu\/termek\/wtn-dao-kapsuly-30ks\/","title":{"rendered":"WTN DAO+ kapsuly 30ks"},"content":{"rendered":"<p>WTN DAO+ je&nbsp;<strong>v\u00fd\u017eivov\u00fd doplnok<\/strong>&nbsp;ur\u010den\u00fd na doplnenie stravy, ktor\u00fd obsahuje kombin\u00e1ciu enz\u00fdmu DAO, vitam\u00ednov a rastlinn\u00e9ho extraktu. Je vhodn\u00fd ako s\u00fa\u010das\u0165 ka\u017edodennej rutiny najm\u00e4 pri konzum\u00e1cii jed\u00e1l, ktor\u00e9 prirodzene obsahuj\u00fa histam\u00edn.<\/p>\n\n\n\n<p><strong>Charakteristika produktu<\/strong><br>Produkt obsahuje&nbsp;<strong>DAO enz\u00fdm (diaminoxid\u00e1zu) zo \u017eivo\u010d\u00ed\u0161neho zdroja (extrakt z brav\u010dovej obli\u010dky)<\/strong>, ktor\u00fd sa prirodzene podie\u013ea na metabolizme histam\u00ednu prijat\u00e9ho potravou. Recept\u00fara je doplnen\u00e1 o&nbsp;<strong>vitam\u00edn C, vitam\u00edn B1 a vitam\u00edn B3<\/strong>, ako aj o&nbsp;<strong>\u0161tandardizovan\u00fd extrakt z \u010fateliny l\u00fa\u010dnej (Trifolium pratense)<\/strong>.<\/p>\n\n\n\n<p>Kapsuly s\u00fa navrhnut\u00e9 tak, aby sa obsah uvo\u013enil v tr\u00e1viacom trakte.<\/p>\n\n\n\n<p><strong>Hlavn\u00e9 vlastnosti produktu<\/strong><br>Obsahuje DAO enz\u00fdm ako s\u00fa\u010das\u0165 komplexnej recept\u00fary.<br>Vitam\u00edn C prispieva k ochrane buniek pred oxida\u010dn\u00fdm stresom.<br>Vitam\u00edn B1 prispieva k spr\u00e1vnej l\u00e1tkovej premene d\u00f4le\u017eitej pre tvorbu energie a k spr\u00e1vnej \u010dinnosti srdca.<br>Vitam\u00edn B3 prispieva k spr\u00e1vnej \u010dinnosti nervov\u00e9ho syst\u00e9mu.<br>Obsahuje \u0161tandardizovan\u00fd rastlinn\u00fd extrakt z \u010fateliny l\u00fa\u010dnej.<\/p>\n\n\n\n<p><strong>Zlo\u017eenie (1 kapsula):<\/strong><br>Extrakt z \u010fateliny l\u00fa\u010dnej (Trifolium pratense) 300 mg (20 % daidze\u00edn), vitam\u00edn C (askorbyl palmit\u00e1t) 64 mg (80 % RVH), vitam\u00edn B1 (tiam\u00edn-pyrofosf\u00e1t-chlorid) 15 mg (1364 % RVH), vitam\u00edn B3 (inozitol-hexanikotin\u00e1t) 10 mg (63 % RVH), DAO enz\u00fdm (extrakt z brav\u010dovej obli\u010dky) 4,2 mg, \u017eelat\u00edna (kapsula).<\/p>\n\n\n\n<p><em>RVH \u2013 referen\u010dn\u00e1 v\u00fd\u017eivov\u00e1 hodnota pre dospel\u00fdch.<\/em><\/p>\n\n\n\n<p><strong>Odpor\u00fa\u010dan\u00e9 d\u00e1vkovanie<\/strong><br>U\u017e\u00edvajte&nbsp;<strong>1 kapsulu denne pribli\u017ene 15 min\u00fat pred jedlom<\/strong>. V pr\u00edpade potreby je mo\u017en\u00e9 d\u00e1vku zv\u00fd\u0161i\u0165 na maxim\u00e1lne&nbsp;<strong>3 kapsuly denne<\/strong>.<\/p>\n\n\n\n<p><strong>\u00c9rtes\u00edt\u00e9s<\/strong><br>V\u00fd\u017eivov\u00fd doplnok nenahr\u00e1dza pestr\u00fa a vyv\u00e1\u017een\u00fa stravu a zdrav\u00fd \u017eivotn\u00fd \u0161t\u00fdl.<br>Ne l\u00e9pje t\u00fal az aj\u00e1nlott napi adagot.<br>Nevhodn\u00e9 pre deti.<br>Uchov\u00e1vajte mimo dosahu det\u00ed.<br>Ak ste alergick\u00fd alebo precitliven\u00fd na niektor\u00fa zo zlo\u017eiek, v\u00fdrobok nepou\u017e\u00edvajte.<br>V pr\u00edpade u\u017e\u00edvania viacer\u00fdch v\u00fd\u017eivov\u00fdch doplnkov alebo zdravotn\u00fdch \u0165a\u017ekost\u00ed sa pora\u010fte s odborn\u00edkom.<\/p>\n\n\n\n<p><strong>Skladovanie<\/strong><br>Uchov\u00e1vajte na suchom, chladnom a tmavom mieste.<\/p>\n\n\n\n<p><strong>Balenie<\/strong><br>30 kaps\u00fal<\/p>","protected":false},"excerpt":{"rendered":"<p>WTN DAO+ je v\u00fd\u017eivov\u00fd doplnok ur\u010den\u00fd na doplnenie stravy, ktor\u00fd obsahuje kombin\u00e1ciu enz\u00fdmu DAO, vitam\u00ednov a rastlinn\u00e9ho extraktu&#8230; <a href=\"#tab-description\" class=\"more-link\">B\u0151vebben<\/a><\/p>","protected":false},"featured_media":11611,"comment_status":"open","ping_status":"closed","template":"","meta":{"inline_featured_image":false},"product_brand":[289],"product_cat":[387,69,143],"product_tag":[],"class_list":{"0":"post-11609","1":"product","2":"type-product","3":"status-publish","4":"has-post-thumbnail","6":"product_brand-wtn","7":"product_cat-kapsuly","8":"product_cat-vyzivove-doplnky","9":"product_cat-zaludok-a-crevna-cinnost","11":"first","12":"onbackorder","13":"taxable","14":"shipping-taxable","15":"purchasable","16":"product-type-simple"},"aioseo_notices":[],"_links":{"self":[{"href":"https:\/\/www.biokari.sk\/hu\/wp-json\/wp\/v2\/product\/11609","targetHints":{"allow":["GET"]}}],"collection":[{"href":"https:\/\/www.biokari.sk\/hu\/wp-json\/wp\/v2\/product"}],"about":[{"href":"https:\/\/www.biokari.sk\/hu\/wp-json\/wp\/v2\/types\/product"}],"replies":[{"embeddable":true,"href":"https:\/\/www.biokari.sk\/hu\/wp-json\/wp\/v2\/comments?post=11609"}],"wp:featuredmedia":[{"embeddable":true,"href":"https:\/\/www.biokari.sk\/hu\/wp-json\/wp\/v2\/media\/11611"}],"wp:attachment":[{"href":"https:\/\/www.biokari.sk\/hu\/wp-json\/wp\/v2\/media?parent=11609"}],"wp:term":[{"taxonomy":"product_brand","embeddable":true,"href":"https:\/\/www.biokari.sk\/hu\/wp-json\/wp\/v2\/product_brand?post=11609"},{"taxonomy":"product_cat","embeddable":true,"href":"https:\/\/www.biokari.sk\/hu\/wp-json\/wp\/v2\/product_cat?post=11609"},{"taxonomy":"product_tag","embeddable":true,"href":"https:\/\/www.biokari.sk\/hu\/wp-json\/wp\/v2\/product_tag?post=11609"}],"curies":[{"name":"wp","href":"https:\/\/api.w.org\/{rel}","templated":true}]}}