{"id":11616,"date":"2026-04-20T21:59:08","date_gmt":"2026-04-20T19:59:08","guid":{"rendered":"https:\/\/www.biokari.sk\/produkt\/wtn-dozodor-pre-muzi-100ml\/"},"modified":"2026-04-20T22:21:06","modified_gmt":"2026-04-20T20:21:06","slug":"wtn-dozodor-pre-muzi-100ml","status":"publish","type":"product","link":"https:\/\/www.biokari.sk\/hu\/termek\/wtn-dozodor-pre-muzi-100ml\/","title":{"rendered":"WTN Dozodor pre mu\u017ei 100ml"},"content":{"rendered":"<p>WTN dezodor pre mu\u017eov bez obsahu hlin\u00edka je&nbsp;<strong>kozmetick\u00fd pr\u00edpravok ur\u010den\u00fd na ka\u017edodenn\u00fa hygienu a starostlivos\u0165 o poko\u017eku podpazu\u0161ia<\/strong>. Pom\u00e1ha udr\u017eiava\u0165 pocit svie\u017eosti a neutralizova\u0165 nepr\u00edjemn\u00e9 pachy, ktor\u00e9 vznikaj\u00fa pri poten\u00ed.<\/p>\n\n\n\n<p><strong>Charakteristika produktu<\/strong><br>Dezodor je zalo\u017een\u00fd na&nbsp;<strong>pr\u00edrodn\u00fdch zlo\u017ek\u00e1ch, rastlinn\u00fdch extraktoch a \u00e9terick\u00fdch olejoch<\/strong>, ktor\u00e9 prispievaj\u00fa k neutraliz\u00e1cii pachov a starostlivosti o poko\u017eku. Neobsahuje hlin\u00edkov\u00e9 soli a nep\u00f4sob\u00ed ako antiperspirant, teda&nbsp;<strong>neblokuje prirodzen\u00e9 potenie<\/strong>.<\/p>\n\n\n\n<p>Obsiahnut\u00e9 zlo\u017eky ako&nbsp;<strong>aloe vera, harman\u010dek, \u0161alvia a tea tree olej<\/strong>&nbsp;prispievaj\u00fa k pocitu svie\u017eosti a komfortu poko\u017eky.<\/p>\n\n\n\n<p><strong>Hlavn\u00e9 vlastnosti<\/strong><br>Pom\u00e1ha neutralizova\u0165 nepr\u00edjemn\u00fd telesn\u00fd pach.<br>Zanech\u00e1va poko\u017eku svie\u017eu a o\u0161etren\u00fa.<br>Neobsahuje hlin\u00edkov\u00e9 soli.<br>Nezanech\u00e1va vidite\u013en\u00e9 stopy na oble\u010den\u00ed (pri spr\u00e1vnom pou\u017eit\u00ed).<\/p>\n\n\n\n<p><strong>Pou\u017eitie<\/strong><br>Pred pou\u017eit\u00edm pretrepte. Aplikujte&nbsp;<strong>2\u20133 streknutia zo vzdialenosti cca 20 cm na ka\u017ed\u00e9 podpazu\u0161ie<\/strong>. V pr\u00edpade potreby je mo\u017en\u00e9 aplik\u00e1ciu po\u010das d\u0148a zopakova\u0165. Mo\u017eno pou\u017ei\u0165 aj ako telov\u00fd sprej alebo na osvie\u017eenie poko\u017eky.<\/p>\n\n\n\n<p><strong>\u00c9rtes\u00edt\u00e9s<\/strong><br>Len na vonkaj\u0161ie pou\u017eitie.<br>Zabr\u00e1\u0148te kontaktu s o\u010dami a sliznicami.<br>Nepou\u017e\u00edvajte na podr\u00e1\u017eden\u00fa alebo po\u0161koden\u00fa poko\u017eku.<br>V pr\u00edpade podr\u00e1\u017edenia alebo alergickej reakcie presta\u0148te v\u00fdrobok pou\u017e\u00edva\u0165.<br>Uchov\u00e1vajte mimo dosahu det\u00ed.<\/p>\n\n\n\n<p><strong>Skladovanie<\/strong><br>Uchov\u00e1vajte na suchom a chladnom mieste, chr\u00e1\u0148te pred priamym slne\u010dn\u00fdm \u017eiaren\u00edm.<\/p>\n\n\n\n<p><strong>\u00d6sszetev\u0151k (INCI):<\/strong>&nbsp;Aqua, Aloe Barbadensis Leaf Juice, Sodium Bicarbonate, Glycerin, Polyglyceryl-10 Laurate, Chamomilla Recutita Extract, Melaleuca Alternifolia Leaf Oil, Ethylhexylglycerin, Phenoxyethanol, Salvia Officinalis Oil, Eugenia Caryophyllus Bud Oil, Limonene, Eugenol.<\/p>\n\n\n\n<p><strong>K\u00f6tet:<\/strong>&nbsp;100 ml<\/p>","protected":false},"excerpt":{"rendered":"<p>WTN dezodor pre mu\u017eov bez obsahu hlin\u00edka je\u00a0kozmetick\u00fd pr\u00edpravok ur\u010den\u00fd na ka\u017edodenn\u00fa hygienu a starostlivos\u0165 o poko\u017eku podpazu\u0161ia&#8230; <a href=\"#tab-description\" class=\"more-link\">B\u0151vebben<\/a><\/p>","protected":false},"featured_media":11618,"comment_status":"open","ping_status":"closed","template":"","meta":{"inline_featured_image":false},"product_brand":[289],"product_cat":[388,249],"product_tag":[309,313],"class_list":{"0":"post-11616","1":"product","2":"type-product","3":"status-publish","4":"has-post-thumbnail","6":"product_brand-wtn","7":"product_cat-dezodor","8":"product_cat-kozmeticke-vyrobky","9":"product_tag-novinky","10":"product_tag-top-ostatne","12":"first","13":"onbackorder","14":"taxable","15":"shipping-taxable","16":"purchasable","17":"product-type-simple"},"aioseo_notices":[],"_links":{"self":[{"href":"https:\/\/www.biokari.sk\/hu\/wp-json\/wp\/v2\/product\/11616","targetHints":{"allow":["GET"]}}],"collection":[{"href":"https:\/\/www.biokari.sk\/hu\/wp-json\/wp\/v2\/product"}],"about":[{"href":"https:\/\/www.biokari.sk\/hu\/wp-json\/wp\/v2\/types\/product"}],"replies":[{"embeddable":true,"href":"https:\/\/www.biokari.sk\/hu\/wp-json\/wp\/v2\/comments?post=11616"}],"wp:featuredmedia":[{"embeddable":true,"href":"https:\/\/www.biokari.sk\/hu\/wp-json\/wp\/v2\/media\/11618"}],"wp:attachment":[{"href":"https:\/\/www.biokari.sk\/hu\/wp-json\/wp\/v2\/media?parent=11616"}],"wp:term":[{"taxonomy":"product_brand","embeddable":true,"href":"https:\/\/www.biokari.sk\/hu\/wp-json\/wp\/v2\/product_brand?post=11616"},{"taxonomy":"product_cat","embeddable":true,"href":"https:\/\/www.biokari.sk\/hu\/wp-json\/wp\/v2\/product_cat?post=11616"},{"taxonomy":"product_tag","embeddable":true,"href":"https:\/\/www.biokari.sk\/hu\/wp-json\/wp\/v2\/product_tag?post=11616"}],"curies":[{"name":"wp","href":"https:\/\/api.w.org\/{rel}","templated":true}]}}