{"id":11648,"date":"2026-04-22T22:19:44","date_gmt":"2026-04-22T20:19:44","guid":{"rendered":"https:\/\/www.biokari.sk\/produkt\/wtn-kapsuly-na-chudnutie-60ks\/"},"modified":"2026-04-22T22:57:31","modified_gmt":"2026-04-22T20:57:31","slug":"wtn-kapsuly-na-chudnutie-60ks","status":"publish","type":"product","link":"https:\/\/www.biokari.sk\/hu\/termek\/wtn-kapsuly-na-chudnutie-60ks\/","title":{"rendered":"WTN Kapsuly na chudnutie 60ks"},"content":{"rendered":"<p>WTN ZabaNIX\u2122 je&nbsp;<strong>v\u00fd\u017eivov\u00fd doplnok<\/strong>&nbsp;s komplexn\u00fdm zlo\u017een\u00edm, ktor\u00fd bol vyvinut\u00fd na podporu organizmu v situ\u00e1ci\u00e1ch, ke\u010f sa objavuje&nbsp;<strong>zv\u00fd\u0161en\u00e1 chu\u0165 na sladk\u00e9 alebo sacharidy<\/strong>.<\/p>\n\n\n\n<p><strong>Pre\u010do si vybra\u0165 WTN ZabaNIX\u2122?<\/strong><br>\u2714 Komplexn\u00e1 recept\u00fara s aminokyselinami, rastlinn\u00fdmi extraktmi a vitam\u00ednmi<br>\u2714 Vhodn\u00fd pri obdobiach zv\u00fd\u0161enej chuti na sladk\u00e9<br>\u2714 Praktick\u00e1 forma kaps\u00fal<br>\u2714 Mo\u017enos\u0165 flexibiln\u00e9ho d\u00e1vkovania pod\u013ea individu\u00e1lnych potrieb<\/p>\n\n\n\n<p><strong>Charakteristika produktu<\/strong><br>Produkt obsahuje kombin\u00e1ciu l\u00e1tok ako&nbsp;<strong>L-tryptof\u00e1n, L-tyroz\u00edn, myo-inozitol, rastlinn\u00e9 extrakty (napr. rhodiola, gynostemma, zelen\u00fd \u010daj, kurkuma)<\/strong>&nbsp;a vitam\u00edny skupiny B.<\/p>\n\n\n\n<p>Tieto zlo\u017eky s\u00fa s\u00fa\u010das\u0165ou vyv\u00e1\u017eenej recept\u00fary ur\u010denej na doplnenie stravy.<\/p>\n\n\n\n<p><strong>Vitam\u00edny skupiny B \u2013 schv\u00e1len\u00e9 \u00fa\u010dinky (E\u00da)<\/strong><br>Vitam\u00edn B6, B2 a B3 prispievaj\u00fa k:<br>\u2714 spr\u00e1vnej \u010dinnosti nervov\u00e9ho syst\u00e9mu<br>\u2714 spr\u00e1vnej psychickej \u010dinnosti<br>\u2714 zn\u00ed\u017eeniu \u00fanavy a vy\u010derpania<\/p>\n\n\n\n<p><strong>Zlo\u017eenie (1 kapsula):<\/strong><br>Vitam\u00edn B2 (riboflav\u00edn-5\u2019-fosf\u00e1t) 20 mg (1427 % RVH)<br>Vitam\u00edn B3 (inozitol-hexanikotin\u00e1t) 20 mg (126 % RVH)<br>Vitam\u00edn B6 (pyridoxal-5-fosf\u00e1t) 10 mg (714 % RVH)<br>Myo-inozitol, kurkuma extrakt, L-tyroz\u00edn, L-tryptof\u00e1n, guarana, gynostemma extrakt, rhodiola extrakt, avena sativa extrakt, \u010dierne korenie (piper\u00edn)<\/p>\n\n\n\n<p><em>RVH \u2013 referen\u010dn\u00e1 v\u00fd\u017eivov\u00e1 hodnota pre dospel\u00fdch.<\/em><\/p>\n\n\n\n<p><strong>Odpor\u00fa\u010dan\u00e9 d\u00e1vkovanie<\/strong><br>U\u017e\u00edvajte&nbsp;<strong>1 kapsulu denne<\/strong>, ide\u00e1lne medzi jedlami.<br>Pri citlivom tr\u00e1ven\u00ed u\u017e\u00edvajte po\u010das jedla.<br>V pr\u00edpade potreby je mo\u017en\u00e9 d\u00e1vku zv\u00fd\u0161i\u0165 na&nbsp;<strong>2 kapsuly denne<\/strong>.<\/p>\n\n\n\n<p><strong>\u00c9rtes\u00edt\u00e9s<\/strong><br>V\u00fd\u017eivov\u00fd doplnok nenahr\u00e1dza pestr\u00fa a vyv\u00e1\u017een\u00fa stravu a zdrav\u00fd \u017eivotn\u00fd \u0161t\u00fdl.<br>Ne l\u00e9pje t\u00fal az aj\u00e1nlott napi adagot.<br>Uchov\u00e1vajte mimo dosahu det\u00ed.<br>Ak ste alergick\u00fd na niektor\u00fa zo zlo\u017eiek, v\u00fdrobok nepou\u017e\u00edvajte.<\/p>\n\n\n\n<p>Neu\u017e\u00edvajte spolu so syntetick\u00fdmi antidepres\u00edvami (napr. SSRI) ani pri z\u00e1va\u017en\u00fdch psychick\u00fdch ochoreniach.<br>V pr\u00edpade u\u017e\u00edvania liekov alebo zdravotn\u00fdch \u0165a\u017ekost\u00ed sa pora\u010fte s lek\u00e1rom.<\/p>\n\n\n\n<p>Odpor\u00fa\u010da sa u\u017e\u00edva\u0165 s \u010dasov\u00fdm odstupom od k\u00e1vy a mlie\u010dnych v\u00fdrobkov.<br>Pri s\u00fabe\u017enom u\u017e\u00edvan\u00ed viacer\u00fdch doplnkov sa pora\u010fte s odborn\u00edkom.<\/p>\n\n\n\n<p><strong>Skladovanie<\/strong><br>Uchov\u00e1vajte na suchom, chladnom a tmavom mieste.<\/p>\n\n\n\n<p><strong>Csomagol\u00e1s:<\/strong>&nbsp;60 kaps\u00fal<\/p>","protected":false},"excerpt":{"rendered":"<p>WTN ZabaNIX\u2122 je\u00a0v\u00fd\u017eivov\u00fd doplnok\u00a0s komplexn\u00fdm zlo\u017een\u00edm, ktor\u00fd bol vyvinut\u00fd na podporu organizmu v situ\u00e1ci\u00e1ch, ke\u010f sa objavuje\u00a0zv\u00fd\u0161en\u00e1 chu\u0165 na sladk\u00e9 alebo sacharidy&#8230; <a href=\"#tab-description\" class=\"more-link\">B\u0151vebben<\/a><\/p>","protected":false},"featured_media":11650,"comment_status":"open","ping_status":"closed","template":"","meta":{"inline_featured_image":false},"product_brand":[289],"product_cat":[387,393,69,141,143],"product_tag":[],"class_list":{"0":"post-11648","1":"product","2":"type-product","3":"status-publish","4":"has-post-thumbnail","6":"product_brand-wtn","7":"product_cat-kapsuly","8":"product_cat-kapsuly-chudnutie","9":"product_cat-vyzivove-doplnky","10":"product_cat-chudnutie","11":"product_cat-zaludok-a-crevna-cinnost","13":"first","14":"instock","15":"taxable","16":"shipping-taxable","17":"purchasable","18":"product-type-simple"},"aioseo_notices":[],"_links":{"self":[{"href":"https:\/\/www.biokari.sk\/hu\/wp-json\/wp\/v2\/product\/11648","targetHints":{"allow":["GET"]}}],"collection":[{"href":"https:\/\/www.biokari.sk\/hu\/wp-json\/wp\/v2\/product"}],"about":[{"href":"https:\/\/www.biokari.sk\/hu\/wp-json\/wp\/v2\/types\/product"}],"replies":[{"embeddable":true,"href":"https:\/\/www.biokari.sk\/hu\/wp-json\/wp\/v2\/comments?post=11648"}],"wp:featuredmedia":[{"embeddable":true,"href":"https:\/\/www.biokari.sk\/hu\/wp-json\/wp\/v2\/media\/11650"}],"wp:attachment":[{"href":"https:\/\/www.biokari.sk\/hu\/wp-json\/wp\/v2\/media?parent=11648"}],"wp:term":[{"taxonomy":"product_brand","embeddable":true,"href":"https:\/\/www.biokari.sk\/hu\/wp-json\/wp\/v2\/product_brand?post=11648"},{"taxonomy":"product_cat","embeddable":true,"href":"https:\/\/www.biokari.sk\/hu\/wp-json\/wp\/v2\/product_cat?post=11648"},{"taxonomy":"product_tag","embeddable":true,"href":"https:\/\/www.biokari.sk\/hu\/wp-json\/wp\/v2\/product_tag?post=11648"}],"curies":[{"name":"wp","href":"https:\/\/api.w.org\/{rel}","templated":true}]}}