{"id":11660,"date":"2026-04-24T22:07:13","date_gmt":"2026-04-24T20:07:13","guid":{"rendered":"https:\/\/www.biokari.sk\/produkt\/wtn-p0rostriedok-na-osetrenie-ran-spray-100ml\/"},"modified":"2026-04-24T22:14:46","modified_gmt":"2026-04-24T20:14:46","slug":"wtn-p0rostriedok-na-osetrenie-ran-spray-100ml","status":"publish","type":"product","link":"https:\/\/www.biokari.sk\/hu\/termek\/wtn-p0rostriedok-na-osetrenie-ran-spray-100ml\/","title":{"rendered":"WTN Prostriedok na o\u0161etrenie r\u00e1n &#8211; Spray 100ml"},"content":{"rendered":"<p>TN Regenera\u010dn\u00fd sprej je&nbsp;<strong>kozmetick\u00fd pr\u00edpravok ur\u010den\u00fd na starostlivos\u0165 o podr\u00e1\u017eden\u00fa, citliv\u00fa alebo za\u0165a\u017een\u00fa poko\u017eku<\/strong>. Jemn\u00e1 bezdotykov\u00e1 aplik\u00e1cia vo forme spreja prin\u00e1\u0161a pr\u00edjemn\u00e9 osvie\u017eenie a podporuje komfort poko\u017eky.<\/p>\n\n\n\n<p><strong>Charakteristika produktu<\/strong><br>Recept\u00fara obsahuje&nbsp;<strong>pr\u00edrodn\u00e9 zlo\u017eky, rastlinn\u00e9 oleje, kyselinu hyalur\u00f3nov\u00fa a vitam\u00edny<\/strong>, ktor\u00e9 pom\u00e1haj\u00fa udr\u017eiava\u0165 poko\u017eku hydratovan\u00fa, jemn\u00fa a chr\u00e1nen\u00fa pred vysu\u0161ovan\u00edm.<\/p>\n\n\n\n<p>Obsiahnut\u00fd&nbsp;<strong>levandu\u013eov\u00fd olej a citr\u00f3nov\u00fd olej<\/strong>&nbsp;s\u00fa v kozmetike ob\u013e\u00faben\u00e9 pre osvie\u017euj\u00face a o\u0161etruj\u00face vlastnosti.&nbsp;<strong>Sodium Hyaluronate<\/strong>&nbsp;pom\u00e1ha viaza\u0165 vlhkos\u0165 v poko\u017eke a podporuje jej pru\u017enos\u0165. Vitam\u00edn E a vitam\u00edn A s\u00fa zn\u00e1me zlo\u017eky vyu\u017e\u00edvan\u00e9 v kozmetickej starostlivosti.<\/p>\n\n\n\n<p><strong>Pre\u010do si vybra\u0165 WTN Regenera\u010dn\u00fd sprej?<\/strong><br>\u2714 Praktick\u00e1 bezdotykov\u00e1 aplik\u00e1cia<br>\u2714 Vhodn\u00fd na citliv\u00fa a nam\u00e1han\u00fa poko\u017eku<br>\u2714 Pom\u00e1ha hydratova\u0165 a osvie\u017ei\u0165 poko\u017eku<br>\u2714 Jemn\u00e1 recept\u00fara s pr\u00edrodn\u00fdmi zlo\u017ekami<br>\u2714 Vhodn\u00fd na ka\u017edodenn\u00e9 pou\u017eitie<\/p>\n\n\n\n<p><strong>Hlavn\u00e9 vlastnosti produktu<\/strong><br>Pom\u00e1ha upokoji\u0165 poko\u017eku po vonkaj\u0161om za\u0165a\u017een\u00ed.<br>Prispieva k pocitu komfortu a svie\u017eosti.<br>Pom\u00e1ha chr\u00e1ni\u0165 poko\u017eku pred vysu\u0161ovan\u00edm.<br>Zanech\u00e1va poko\u017eku jemn\u00fa a hydratovan\u00fa.<\/p>\n\n\n\n<p><strong>\u00d6sszetev\u0151k (INCI):<\/strong>&nbsp;Aqua, Organic Glycerin, Polyglyceryl-10 Caprylate, Organic Lavandula Angustifolia Flower Oil, Organic Citrus Limon Peel Oil, Sodium Hyaluronate, Mixed Tocopherols, Retinyl Palmitate, Lecithin, Glyceryl Citrate, Glyceryl Lactate, Glyceryl Linoleate, Glyceryl Oleate, Citral*, Citronellol*, Coumarin*, Eugenol*, Geraniol*, Limonene*, Linalool*.<br>*Prirodzen\u00e9 zlo\u017eky rastlinn\u00fdch esenci\u00e1lnych olejov.<\/p>\n\n\n\n<p><strong>Pou\u017eitie<\/strong><br>Pred pou\u017eit\u00edm dobre pretrepte. Nastriekajte&nbsp;<strong>1\u20133 d\u00e1vky zo vzdialenosti pribli\u017ene 10\u201315 cm<\/strong>&nbsp;na po\u017eadovan\u00e9 miesto a nechajte vo\u013ene zaschn\u00fa\u0165. Mo\u017eno pou\u017e\u00edva\u0165 viackr\u00e1t denne pod\u013ea potreby.<\/p>\n\n\n\n<p><strong>\u00c9rtes\u00edt\u00e9s<\/strong><br>Len na vonkaj\u0161ie pou\u017eitie.<br>Nepou\u017e\u00edvajte na otvoren\u00e9 rany ani v\u00e1\u017ene po\u0161koden\u00fa poko\u017eku.<br>Zabr\u00e1\u0148te kontaktu s o\u010dami a sliznicami.<br>V pr\u00edpade podr\u00e1\u017edenia presta\u0148te pou\u017e\u00edva\u0165.<br>Po aplik\u00e1cii na poko\u017eku sa odpor\u00fa\u010da chr\u00e1ni\u0165 miesto pred priamym slnkom.<br>Uchov\u00e1vajte mimo dosahu det\u00ed.<\/p>\n\n\n\n<p><strong>Skladovanie<\/strong><br>Uchov\u00e1vajte na suchom, chladnom mieste mimo priameho slne\u010dn\u00e9ho \u017eiarenia.<\/p>\n\n\n\n<p><strong>K\u00f6tet:<\/strong>&nbsp;100 ml<\/p>","protected":false},"excerpt":{"rendered":"<p>TN Regenera\u010dn\u00fd sprej je kozmetick\u00fd pr\u00edpravok ur\u010den\u00fd na starostlivos\u0165 o podr\u00e1\u017eden\u00fa, citliv\u00fa alebo za\u0165a\u017een\u00fa poko\u017eku. Jemn\u00e1 bezdotykov\u00e1 aplik\u00e1cia&#8230; <a href=\"#tab-description\" class=\"more-link\">B\u0151vebben<\/a><\/p>","protected":false},"featured_media":11662,"comment_status":"open","ping_status":"closed","template":"","meta":{"inline_featured_image":false},"product_brand":[289],"product_cat":[371,249],"product_tag":[],"class_list":{"0":"post-11660","1":"product","2":"type-product","3":"status-publish","4":"has-post-thumbnail","6":"product_brand-wtn","7":"product_cat-bilynkovy-krem","8":"product_cat-kozmeticke-vyrobky","10":"first","11":"onbackorder","12":"taxable","13":"shipping-taxable","14":"purchasable","15":"product-type-simple"},"aioseo_notices":[],"_links":{"self":[{"href":"https:\/\/www.biokari.sk\/hu\/wp-json\/wp\/v2\/product\/11660","targetHints":{"allow":["GET"]}}],"collection":[{"href":"https:\/\/www.biokari.sk\/hu\/wp-json\/wp\/v2\/product"}],"about":[{"href":"https:\/\/www.biokari.sk\/hu\/wp-json\/wp\/v2\/types\/product"}],"replies":[{"embeddable":true,"href":"https:\/\/www.biokari.sk\/hu\/wp-json\/wp\/v2\/comments?post=11660"}],"wp:featuredmedia":[{"embeddable":true,"href":"https:\/\/www.biokari.sk\/hu\/wp-json\/wp\/v2\/media\/11662"}],"wp:attachment":[{"href":"https:\/\/www.biokari.sk\/hu\/wp-json\/wp\/v2\/media?parent=11660"}],"wp:term":[{"taxonomy":"product_brand","embeddable":true,"href":"https:\/\/www.biokari.sk\/hu\/wp-json\/wp\/v2\/product_brand?post=11660"},{"taxonomy":"product_cat","embeddable":true,"href":"https:\/\/www.biokari.sk\/hu\/wp-json\/wp\/v2\/product_cat?post=11660"},{"taxonomy":"product_tag","embeddable":true,"href":"https:\/\/www.biokari.sk\/hu\/wp-json\/wp\/v2\/product_tag?post=11660"}],"curies":[{"name":"wp","href":"https:\/\/api.w.org\/{rel}","templated":true}]}}