{"id":11669,"date":"2026-04-24T22:32:06","date_gmt":"2026-04-24T20:32:06","guid":{"rendered":"https:\/\/www.biokari.sk\/produkt\/wtn-myo-inozitol-prasok-120g\/"},"modified":"2026-04-27T19:02:07","modified_gmt":"2026-04-27T17:02:07","slug":"wtn-myo-inozitol-prasok-120g","status":"publish","type":"product","link":"https:\/\/www.biokari.sk\/hu\/termek\/wtn-myo-inozitol-prasok-120g\/","title":{"rendered":"WTN Myo-inozitol pr\u00e1\u0161ok 120g"},"content":{"rendered":"<p>WTN Myo-inozitol pr\u00e1\u0161ok je \u010dist\u00fd&nbsp;<strong>v\u00fd\u017eivov\u00fd doplnok<\/strong>&nbsp;obsahuj\u00faci iba jednu \u00fa\u010dinn\u00fa l\u00e1tku \u2013&nbsp;<strong>myo-inozitol<\/strong>&nbsp;v pr\u00e1\u0161kovej forme bez zbyto\u010dn\u00fdch pr\u00edsad. V\u010faka jednoduch\u00e9mu zlo\u017eeniu je vhodn\u00fd na ka\u017edodenn\u00e9 u\u017e\u00edvanie a flexibiln\u00e9 d\u00e1vkovanie.<\/p>\n\n\n\n<p><strong>\u010co je myo-inozitol?<\/strong><br>Myo-inozitol je prirodzene sa vyskytuj\u00faca l\u00e1tka podobn\u00e1 vitam\u00ednom, ktor\u00fa si organizmus dok\u00e1\u017ee vytv\u00e1ra\u0165 aj s\u00e1m. Nach\u00e1dza sa aj v niektor\u00fdch potravin\u00e1ch, napr\u00edklad v ovoc\u00ed, strukovin\u00e1ch a obilnin\u00e1ch. Je predmetom z\u00e1ujmu v\u00fd\u017eivovej vedy najm\u00e4 v oblasti metabolizmu a nervov\u00e9ho syst\u00e9mu.<\/p>\n\n\n\n<p><strong>Pre\u010do fermenta\u010dne vyr\u00e1ban\u00e1 forma?<\/strong><br>WTN Myo-inozitol sa vyr\u00e1ba modern\u00fdm biotechnologick\u00fdm procesom ferment\u00e1cie, ktor\u00fd umo\u017e\u0148uje z\u00edska\u0165 vysoko \u010dist\u00fd a stabiln\u00fd produkt bez ne\u017eiaducich ved\u013eaj\u0161\u00edch l\u00e1tok.<\/p>\n\n\n\n<p><strong>\u010cist\u00e9 zlo\u017eenie<\/strong><br>Produkt obsahuje&nbsp;<strong>100 % \u010dist\u00fd myo-inozitol<\/strong>&nbsp;bez \u010fal\u0161\u00edch pr\u00edsad.<\/p>\n\n\n\n<p>\u2714 bez plnidiel<br>\u2714 bez protihrudkuj\u00facich l\u00e1tok<br>\u2714 bez ar\u00f3m<br>\u2714 bez sladidiel<\/p>\n\n\n\n<p>Pr\u00e1\u0161kov\u00e1 forma umo\u017e\u0148uje jednoduch\u00e9 mie\u0161anie s vodou alebo in\u00fdm n\u00e1pojom.<\/p>\n\n\n\n<p><strong>Zlo\u017eenie<\/strong><br>Fermenta\u010dne vyroben\u00fd \u010dist\u00fd myo-inozitol.<\/p>\n\n\n\n<p><strong>Denn\u00e1 d\u00e1vka<\/strong><br>1 zarovnan\u00e1 \u010dajov\u00e1 ly\u017ei\u010dka obsahuje&nbsp;<strong>2 g myo-inozitolu<\/strong>.<\/p>\n\n\n\n<p><strong>Odpor\u00fa\u010dan\u00e9 d\u00e1vkovanie<\/strong><br>Rozmie\u0161ajte&nbsp;<strong>1 zarovnan\u00fa \u010dajov\u00fa ly\u017ei\u010dku (2 g)<\/strong>&nbsp;v poh\u00e1ri vody a vypite.<br>Mo\u017eno u\u017e\u00edva\u0165 kedyko\u013evek po\u010das d\u0148a, nez\u00e1visle od jedla.<br>Odpor\u00fa\u010da sa u\u017e\u00edva\u0165&nbsp;<strong>30 min\u00fat pred ra\u0148ajkami<\/strong>.<\/p>\n\n\n\n<p>Myo-inozitol je prakticky bez chuti.<\/p>\n\n\n\n<p><strong>\u00c9rtes\u00edt\u00e9s<\/strong><br>V\u00fd\u017eivov\u00fd doplnok nenahr\u00e1dza pestr\u00fa a vyv\u00e1\u017een\u00fa stravu a zdrav\u00fd \u017eivotn\u00fd \u0161t\u00fdl.<br>Ne l\u00e9pje t\u00fal az aj\u00e1nlott napi adagot.<br>Uchov\u00e1vajte mimo dosahu det\u00ed.<br>Ak ste precitliven\u00fd na niektor\u00fa zo zlo\u017eiek, v\u00fdrobok nepou\u017e\u00edvajte.<br>Odpor\u00fa\u010da sa \u010dasov\u00fd odstup od k\u00e1vy \u2013 minim\u00e1lne 30 min\u00fat pred alebo 2 hodiny po jej konzum\u00e1cii.<\/p>\n\n\n\n<p>Pri dlhodobom u\u017e\u00edvan\u00ed sa odpor\u00fa\u010da po&nbsp;<strong>3\u20136 mesiacoch<\/strong>&nbsp;zaradi\u0165 pribli\u017ene&nbsp;<strong>1 mesiac prest\u00e1vku<\/strong>.<\/p>\n\n\n\n<p><strong>Skladovanie<\/strong><br>Skladujte na suchom, chladnom a tmavom mieste.<\/p>\n\n\n\n<p><strong>Csomagol\u00e1s:<\/strong>&nbsp;120 g<\/p>","protected":false},"excerpt":{"rendered":"<p>WTN Myo-inozitol pr\u00e1\u0161ok je \u010dist\u00fd\u00a0v\u00fd\u017eivov\u00fd doplnok\u00a0obsahuj\u00faci iba jednu \u00fa\u010dinn\u00fa l\u00e1tku \u2013\u00a0myo-inozitol\u00a0v pr\u00e1\u0161kovej forme bez zbyto\u010dn\u00fdch pr\u00edsad&#8230; <a href=\"#tab-description\" class=\"more-link\">B\u0151vebben<\/a><\/p>","protected":false},"featured_media":11671,"comment_status":"open","ping_status":"closed","template":"","meta":{"inline_featured_image":false},"product_brand":[289],"product_cat":[391,69],"product_tag":[],"class_list":{"0":"post-11669","1":"product","2":"type-product","3":"status-publish","4":"has-post-thumbnail","6":"product_brand-wtn","7":"product_cat-pre-zeny","8":"product_cat-vyzivove-doplnky","10":"first","11":"instock","12":"taxable","13":"shipping-taxable","14":"purchasable","15":"product-type-simple"},"aioseo_notices":[],"_links":{"self":[{"href":"https:\/\/www.biokari.sk\/hu\/wp-json\/wp\/v2\/product\/11669","targetHints":{"allow":["GET"]}}],"collection":[{"href":"https:\/\/www.biokari.sk\/hu\/wp-json\/wp\/v2\/product"}],"about":[{"href":"https:\/\/www.biokari.sk\/hu\/wp-json\/wp\/v2\/types\/product"}],"replies":[{"embeddable":true,"href":"https:\/\/www.biokari.sk\/hu\/wp-json\/wp\/v2\/comments?post=11669"}],"wp:featuredmedia":[{"embeddable":true,"href":"https:\/\/www.biokari.sk\/hu\/wp-json\/wp\/v2\/media\/11671"}],"wp:attachment":[{"href":"https:\/\/www.biokari.sk\/hu\/wp-json\/wp\/v2\/media?parent=11669"}],"wp:term":[{"taxonomy":"product_brand","embeddable":true,"href":"https:\/\/www.biokari.sk\/hu\/wp-json\/wp\/v2\/product_brand?post=11669"},{"taxonomy":"product_cat","embeddable":true,"href":"https:\/\/www.biokari.sk\/hu\/wp-json\/wp\/v2\/product_cat?post=11669"},{"taxonomy":"product_tag","embeddable":true,"href":"https:\/\/www.biokari.sk\/hu\/wp-json\/wp\/v2\/product_tag?post=11669"}],"curies":[{"name":"wp","href":"https:\/\/api.w.org\/{rel}","templated":true}]}}