{"id":11677,"date":"2026-04-25T22:12:04","date_gmt":"2026-04-25T20:12:04","guid":{"rendered":"https:\/\/www.biokari.sk\/produkt\/wtn-multivitamin-pre-deti-30-davok\/"},"modified":"2026-04-25T22:23:26","modified_gmt":"2026-04-25T20:23:26","slug":"wtn-multivitamin-pre-deti-30-davok","status":"publish","type":"product","link":"https:\/\/www.biokari.sk\/hu\/termek\/wtn-multivitamin-pre-deti-30-davok\/","title":{"rendered":"WTN Multivitam\u00edn pre deti 30 d\u00e1vok"},"content":{"rendered":"<p>WTN Lurk\u00f3 detsk\u00fd multivitam\u00edn je&nbsp;<strong>v\u00fd\u017eivov\u00fd doplnok pre deti a t\u00edned\u017eerov<\/strong>, ktor\u00fd kombinuje vitam\u00edny, miner\u00e1lne l\u00e1tky, stopov\u00e9 prvky a \u010fal\u0161ie v\u00fd\u017eivov\u00e9 zlo\u017eky v tekutej a pr\u00e1\u0161kovej forme. Je ur\u010den\u00fd na doplnenie pestrej a vyv\u00e1\u017eenej stravy det\u00ed bez potreby preh\u013atania kaps\u00fal.<\/p>\n\n\n\n<p>Denn\u00e1 d\u00e1vka je rozdelen\u00e1 do viacer\u00fdch \u010dast\u00ed, aby bolo mo\u017en\u00e9 pr\u00edjem mikronutrientov lep\u0161ie rozlo\u017ei\u0165 po\u010das d\u0148a.<\/p>\n\n\n\n<p><strong>Charakteristika produktu<\/strong><\/p>\n\n\n\n<p>WTN Lurk\u00f3 detsk\u00fd multivitam\u00edn obsahuje viacero akt\u00edvnych foriem vitam\u00ednov skupiny B, vitam\u00edn C, vitam\u00edn D3, vitam\u00edn K2, pr\u00edrodn\u00e9 formy vitam\u00ednu E, miner\u00e1lne l\u00e1tky a stopov\u00e9 prvky. Zlo\u017eenie je doplnen\u00e9 o chol\u00edn, myo-inozitol, lute\u00edn a zeaxant\u00edn.<\/p>\n\n\n\n<p>Produkt sa sklad\u00e1 z troch z\u00e1kladn\u00fdch \u010dast\u00ed:&nbsp;<strong>1. rann\u00e1 tekutina, 2. rann\u00e1 tekutina a ve\u010dern\u00e1 pr\u00e1\u0161kov\u00e1 zmes<\/strong>. S\u00fa\u010das\u0165ou balenia je aj&nbsp;<strong>beta\u00ednov\u00e1 kvapka<\/strong>, ktor\u00e1 sa pou\u017e\u00edva iba v pr\u00edpade potreby.<\/p>\n\n\n\n<p><strong>Schv\u00e1len\u00e9 \u00fa\u010dinky vybran\u00fdch zlo\u017eiek<\/strong><\/p>\n\n\n\n<p>Vitam\u00edn D prispieva k spr\u00e1vnemu rastu a v\u00fdvinu kost\u00ed u det\u00ed. Vitam\u00edn C, zinok, sel\u00e9n a vitam\u00edn D prispievaj\u00fa k spr\u00e1vnej funkcii imunitn\u00e9ho syst\u00e9mu. Hor\u010d\u00edk prispieva k spr\u00e1vnej \u010dinnosti nervov\u00e9ho syst\u00e9mu a k zn\u00ed\u017eeniu \u00fanavy a vy\u010derpania. J\u00f3d prispieva k spr\u00e1vnemu rastu det\u00ed. Chr\u00f3m prispieva k udr\u017eaniu norm\u00e1lnej hladiny gluk\u00f3zy v krvi. Zinok prispieva k udr\u017eaniu zdrav\u00fdch vlasov, nechtov a poko\u017eky.<\/p>\n\n\n\n<p><strong>Akt\u00edvne l\u00e1tky v dennej d\u00e1vke<\/strong><\/p>\n\n\n\n<p>Pre deti&nbsp;<strong>4\u201312 rokov<\/strong>&nbsp;denn\u00e1 d\u00e1vka obsahuje okrem in\u00e9ho: vitam\u00edn A 231 \u00b5g RE, vitam\u00edn B1 1,1 mg, vitam\u00edn B2 1,5 mg, vitam\u00edn B3 17 mg, vitam\u00edn B5 13 mg, vitam\u00edn B6 1,7 mg, biot\u00edn 233 \u00b5g, fol\u00e1t L-5-MTHF 267 \u00b5g, vitam\u00edn B12 17 \u00b5g, vitam\u00edn C 167 mg, vitam\u00edn D3 1333 IU, vitam\u00edn K2 50 \u00b5g, zinok 6,7 mg, j\u00f3d 100 \u00b5g, chr\u00f3m 33 \u00b5g, hor\u010d\u00edk 167 mg, molybd\u00e9n 27 \u00b5g, me\u010f 0,2 mg, sel\u00e9n 67 \u00b5g, chol\u00edn 233 mg, lute\u00edn 4 mg, myo-inozitol 67 mg a zeaxant\u00edn 0,83 mg.<\/p>\n\n\n\n<p>Pre deti&nbsp;<strong>13\u201316 rokov<\/strong>&nbsp;denn\u00e1 d\u00e1vka obsahuje okrem in\u00e9ho: vitam\u00edn A 347 \u00b5g RE, vitam\u00edn B1 2,2 mg, vitam\u00edn B2 2,3 mg, vitam\u00edn B3 25 mg, vitam\u00edn B5 20 mg, vitam\u00edn B6 2,5 mg, biot\u00edn 350 \u00b5g, fol\u00e1t L-5-MTHF 400 \u00b5g, vitam\u00edn B12 25 \u00b5g, vitam\u00edn C 250 mg, vitam\u00edn D3 2000 IU, vitam\u00edn K2 75 \u00b5g, zinok 10 mg, j\u00f3d 150 \u00b5g, chr\u00f3m 50 \u00b5g, hor\u010d\u00edk 250 mg, molybd\u00e9n 40 \u00b5g, me\u010f 0,3 mg, sel\u00e9n 100 \u00b5g, chol\u00edn 350 mg, lute\u00edn 6 mg, myo-inozitol 100 mg a zeaxant\u00edn 1,25 mg.<\/p>\n\n\n\n<p><strong>Zlo\u017eenie \u2013 1. rann\u00e1 tekutina<\/strong><\/p>\n\n\n\n<p>\u010cisten\u00e1 voda, askorb\u00e1t hore\u010dnat\u00fd, bio glycer\u00edn, myo-inozitol, glyceryl citrate, glyceryl lactate, glyceryl linoleate, glyceryl oleate, lecit\u00edn, all-trans menachin\u00f3n-7, chr\u00f3mov\u00e9 kvasnice, zmie\u0161an\u00e9 tokotrienoly, pr\u00edrodn\u00e1 ar\u00f3ma, hydrog\u00e9nuhli\u010ditan sodn\u00fd, kyselina citr\u00f3nov\u00e1, selenometion\u00edn, zmie\u0161an\u00e9 tokoferoly, zinok-glycin\u00e1t, pantet\u00edn, lute\u00edn, zeaxant\u00edn, cholekalciferol, inozitol-hexanikotin\u00e1t, boritan sodn\u00fd, niac\u00edn, bio karotenoidy, xant\u00e1nov\u00e1 guma, gluk\u00f3zam\u00ednov\u00e1 so\u013e fol\u00e1tu L-5-MTHF, me\u010f-glycin\u00e1t, retinyl-palmit\u00e1t, D-biot\u00edn, riboflav\u00edn-5\u2019-fosf\u00e1t sodn\u00fd, tiam\u00edn-pyrofosf\u00e1t-chlorid, pyridoxal-5-fosf\u00e1t, L-lyz\u00edn, molybd\u00e9nan sodn\u00fd, jodid draseln\u00fd, metylkobalam\u00edn, adenozylkobalam\u00edn.<\/p>\n\n\n\n<p><strong>Zlo\u017eenie \u2013 2. rann\u00e1 tekutina<\/strong><\/p>\n\n\n\n<p>\u010cisten\u00e1 voda, hor\u010d\u00edk-glycin\u00e1t, chol\u00edn-bitartar\u00e1t, bio glycer\u00edn, pr\u00edrodn\u00e1 ar\u00f3ma, glyceryl citrate, glyceryl lactate, glyceryl linoleate, glyceryl oleate, lecit\u00edn, askorb\u00e1t hore\u010dnat\u00fd, zinok-glycin\u00e1t, lute\u00edn, all-trans menachin\u00f3n-7, hydrog\u00e9nuhli\u010ditan sodn\u00fd, kyselina citr\u00f3nov\u00e1, pantet\u00edn, st\u00e9via, pr\u00edrodn\u00e1 ar\u00f3ma, boritan sodn\u00fd, inozitol-hexanikotin\u00e1t, zmie\u0161an\u00e9 tokotrienoly, selenometion\u00edn, myo-inozitol, niac\u00edn, zmie\u0161an\u00e9 tokoferoly, me\u010f-glycin\u00e1t, zeaxant\u00edn, tiam\u00edn-pyrofosf\u00e1t-chlorid, riboflav\u00edn-5\u2019-fosf\u00e1t sodn\u00fd, chr\u00f3mov\u00e9 kvasnice, xant\u00e1nov\u00e1 guma, pyridoxal-5-fosf\u00e1t, bio karotenoidy, L-lyz\u00edn, cholekalciferol, molybd\u00e9nan sodn\u00fd, retinyl-palmit\u00e1t, jodid draseln\u00fd, D-biot\u00edn, gluk\u00f3zam\u00ednov\u00e1 so\u013e fol\u00e1tu L-5-MTHF, metylkobalam\u00edn, adenozylkobalam\u00edn.<\/p>\n\n\n\n<p><strong>Zlo\u017eenie \u2013 ve\u010dern\u00e1 pr\u00e1\u0161kov\u00e1 zmes<\/strong><\/p>\n\n\n\n<p>Hor\u010d\u00edk-glycin\u00e1t, kyselina citr\u00f3nov\u00e1, chol\u00edn-bitartar\u00e1t, st\u00e9via, chr\u00f3mov\u00e9 kvasnice, zinok-glycin\u00e1t, myo-inozitol, boritan sodn\u00fd, selenometion\u00edn, jodid draseln\u00fd, pyridoxal-5-fosf\u00e1t, inozitol-hexanikotin\u00e1t, niac\u00edn, pantet\u00edn, askorb\u00e1t hore\u010dnat\u00fd, tiam\u00edn-pyrofosf\u00e1t-chlorid, riboflav\u00edn-5\u2019-fosf\u00e1t sodn\u00fd, me\u010f-glycin\u00e1t, molybd\u00e9nan sodn\u00fd, D-biot\u00edn, gluk\u00f3zam\u00ednov\u00e1 so\u013e fol\u00e1tu L-5-MTHF, metylkobalam\u00edn, adenozylkobalam\u00edn.<\/p>\n\n\n\n<p><strong>Zlo\u017eenie \u2013 beta\u00ednov\u00e9 kvapky<\/strong><\/p>\n\n\n\n<p>\u010cisten\u00e1 voda, beta\u00edn HCl.<br>3 kvapky obsahuj\u00fa 5 mg beta\u00edn HCl.<\/p>\n\n\n\n<p><strong>Odpor\u00fa\u010dan\u00e9 d\u00e1vkovanie<\/strong><\/p>\n\n\n\n<p><strong>Deti 1\u20132 roky:<\/strong>&nbsp;1 stla\u010denie 1. rannej tekutiny po\u010das ra\u0148ajok, 1 stla\u010denie 2. rannej tekutiny po ra\u0148ajk\u00e1ch alebo po\u010das d\u0148a, 1\/2 zarovnanej odmerky ve\u010dernej pr\u00e1\u0161kovej zmesi rozmie\u0161anej vo vode alebo inom vodnom n\u00e1poji.<\/p>\n\n\n\n<p><strong>Deti 2\u20134 roky:<\/strong>&nbsp;2 stla\u010denia 1. rannej tekutiny, 2 stla\u010denia 2. rannej tekutiny, 1 zarovnan\u00e1 odmerka ve\u010dernej pr\u00e1\u0161kovej zmesi.<\/p>\n\n\n\n<p><strong>Deti 4\u201312 rokov:<\/strong>&nbsp;4 stla\u010denia 1. rannej tekutiny, 4 stla\u010denia 2. rannej tekutiny, 2 zarovnan\u00e9 odmerky ve\u010dernej pr\u00e1\u0161kovej zmesi.<\/p>\n\n\n\n<p><strong>Deti 13\u201316 rokov:<\/strong>&nbsp;6 stla\u010den\u00ed 1. rannej tekutiny, 6 stla\u010den\u00ed 2. rannej tekutiny, 3 zarovnan\u00e9 odmerky ve\u010dernej pr\u00e1\u0161kovej zmesi.<\/p>\n\n\n\n<p>Tekutiny aj pr\u00e1\u0161ok pred pou\u017eit\u00edm pretrepte. Pr\u00e1\u0161ok rozmie\u0161ajte v 1\u20132 dl vody alebo inom vodnom n\u00e1poji. V\u00fdrobok nemie\u0161ajte do hor\u00facich n\u00e1pojov.<\/p>\n\n\n\n<p><strong>Beta\u00ednov\u00e9 kvapky<\/strong>&nbsp;sa pou\u017e\u00edvaj\u00fa iba v pr\u00edpade potreby, napr\u00edklad pri tr\u00e1viacom diskomforte po u\u017eit\u00ed multivitam\u00ednu. Odpor\u00fa\u010dan\u00e1 d\u00e1vka je 1\u20134 kvapky pre men\u0161ie deti alebo 3\u20136 kvapiek pre star\u0161ie deti, rozmie\u0161an\u00e9 v pribli\u017ene 0,5 dl vody, kr\u00e1tko pred jedlom. Ak sa tr\u00e1viaci diskomfort nevyskytuje, beta\u00ednov\u00e9 kvapky nie je potrebn\u00e9 pou\u017e\u00edva\u0165.<\/p>\n\n\n\n<p><strong>\u00c9rtes\u00edt\u00e9s<\/strong><\/p>\n\n\n\n<p>V\u00fd\u017eivov\u00fd doplnok nenahr\u00e1dza pestr\u00fa a vyv\u00e1\u017een\u00fa stravu a zdrav\u00fd \u017eivotn\u00fd \u0161t\u00fdl. Neprekra\u010dujte odpor\u00fa\u010dan\u00fa denn\u00fa d\u00e1vku. Uchov\u00e1vajte mimo dosahu det\u00ed. Ak je die\u0165a alergick\u00e9 alebo precitliven\u00e9 na niektor\u00fa zo zlo\u017eiek, v\u00fdrobok nepou\u017e\u00edvajte. Pri s\u00fabe\u017enom u\u017e\u00edvan\u00ed viacer\u00fdch v\u00fd\u017eivov\u00fdch doplnkov alebo liekov sa odpor\u00fa\u010da konzult\u00e1cia s lek\u00e1rom alebo lek\u00e1rnikom. Nepod\u00e1vajte spolu s hor\u00facimi n\u00e1pojmi.<\/p>\n\n\n\n<p>Po otvoren\u00ed spotrebujte do 6 mesiacov.<\/p>\n\n\n\n<p><strong>Skladovanie<\/strong><\/p>\n\n\n\n<p>Uchov\u00e1vajte na suchom, chladnom a tmavom mieste.<\/p>\n\n\n\n<p><strong>Csomagol\u00e1s:<\/strong>\u00a030 dn\u00ed<\/p>","protected":false},"excerpt":{"rendered":"<p>WTN Lurk\u00f3 detsk\u00fd multivitam\u00edn je\u00a0v\u00fd\u017eivov\u00fd doplnok pre deti a t\u00edned\u017eerov, ktor\u00fd kombinuje vitam\u00edny, miner\u00e1lne l\u00e1tky, stopov\u00e9 prvky a \u010fal\u0161ie v\u00fd\u017eivov\u00e9 zlo\u017eky v tekutej a pr\u00e1\u0161kovej forme&#8230; <a href=\"#tab-description\" class=\"more-link\">B\u0151vebben<\/a><\/p>","protected":false},"featured_media":11679,"comment_status":"open","ping_status":"closed","template":"","meta":{"inline_featured_image":false},"product_brand":[289],"product_cat":[385,69],"product_tag":[],"class_list":{"0":"post-11677","1":"product","2":"type-product","3":"status-publish","4":"has-post-thumbnail","6":"product_brand-wtn","7":"product_cat-pre-deti","8":"product_cat-vyzivove-doplnky","10":"first","11":"onbackorder","12":"taxable","13":"shipping-taxable","14":"purchasable","15":"product-type-simple"},"aioseo_notices":[],"_links":{"self":[{"href":"https:\/\/www.biokari.sk\/hu\/wp-json\/wp\/v2\/product\/11677","targetHints":{"allow":["GET"]}}],"collection":[{"href":"https:\/\/www.biokari.sk\/hu\/wp-json\/wp\/v2\/product"}],"about":[{"href":"https:\/\/www.biokari.sk\/hu\/wp-json\/wp\/v2\/types\/product"}],"replies":[{"embeddable":true,"href":"https:\/\/www.biokari.sk\/hu\/wp-json\/wp\/v2\/comments?post=11677"}],"wp:featuredmedia":[{"embeddable":true,"href":"https:\/\/www.biokari.sk\/hu\/wp-json\/wp\/v2\/media\/11679"}],"wp:attachment":[{"href":"https:\/\/www.biokari.sk\/hu\/wp-json\/wp\/v2\/media?parent=11677"}],"wp:term":[{"taxonomy":"product_brand","embeddable":true,"href":"https:\/\/www.biokari.sk\/hu\/wp-json\/wp\/v2\/product_brand?post=11677"},{"taxonomy":"product_cat","embeddable":true,"href":"https:\/\/www.biokari.sk\/hu\/wp-json\/wp\/v2\/product_cat?post=11677"},{"taxonomy":"product_tag","embeddable":true,"href":"https:\/\/www.biokari.sk\/hu\/wp-json\/wp\/v2\/product_tag?post=11677"}],"curies":[{"name":"wp","href":"https:\/\/api.w.org\/{rel}","templated":true}]}}