{"id":11683,"date":"2026-04-26T22:57:25","date_gmt":"2026-04-26T20:57:25","guid":{"rendered":"https:\/\/www.biokari.sk\/produkt\/barbara-cajove-pecivo-s-marhulami-150g\/"},"modified":"2026-04-26T23:03:16","modified_gmt":"2026-04-26T21:03:16","slug":"barbara-cajove-pecivo-s-marhulami-150g","status":"publish","type":"product","link":"https:\/\/www.biokari.sk\/hu\/termek\/barbara-cajove-pecivo-s-marhulami-150g\/","title":{"rendered":"Barbara \u010cajov\u00e9 pe\u010divo s marhu\u013eami 150g"},"content":{"rendered":"<p>Jemn\u00e9 bezlepkov\u00e9 pe\u010divo s ovocnou marhu\u013eovou n\u00e1pl\u0148ou a kakaovou polevou. V\u00fdrobok je vyroben\u00fd zo zmesi bezlepkov\u00fdch m\u00fak a \u0161krobov, doplnen\u00fd ovocnou n\u00e1pl\u0148ou a jemne posypan\u00fd pr\u00e1\u0161kov\u00fdm cukrom. Vhodn\u00fd ako sladk\u00e1 poch\u00fa\u0165ka ku k\u00e1ve alebo \u010daju.<\/p>\n\n\n\n<p><strong>\u00d6sszet\u00e9tel:<\/strong>&nbsp;m\u00fa\u010dna zmes (kukuri\u010dn\u00fd \u0161krob, ry\u017eov\u00e1 m\u00faka, kukuri\u010dn\u00e1 m\u00faka, zemiakov\u00fd \u0161krob, zemiakov\u00e9 vlo\u010dky [zemiakov\u00fd pr\u00e1\u0161ok, emulg\u00e1tor: mono- a diglyceridy mastn\u00fdch kysel\u00edn, regul\u00e1tor kyslosti: kyselina citr\u00f3nov\u00e1], stabiliz\u00e1tory: xant\u00e1nov\u00e1 guma, guarov\u00e1 guma, emulg\u00e1tor: mono- a diglyceridy mastn\u00fdch kysel\u00edn, vl\u00e1knina z cukrovej repy), margar\u00edn (rastlinn\u00e9 oleje a tuky v premenlivom pomere: palma, repka, slne\u010dnica, voda, emulg\u00e1tor: mono- a diglyceridy mastn\u00fdch kysel\u00edn, so\u013e, regul\u00e1tor kyslosti: kyselina citr\u00f3nov\u00e1, konzerva\u010dn\u00e1 l\u00e1tka: sorban draseln\u00fd, ar\u00f3ma, farbivo: karot\u00e9ny), ovocn\u00e1 n\u00e1pl\u0148 36 % (frukt\u00f3zo-gluk\u00f3zov\u00fd sirup, marhu\u013eov\u00e9 pyr\u00e9, jablkov\u00e9 pyr\u00e9, kyselina citr\u00f3nov\u00e1, \u017eel\u00edruj\u00faca l\u00e1tka: pekt\u00edn, konzerva\u010dn\u00e1 l\u00e1tka: sorban draseln\u00fd, ar\u00f3ma, antioxidant: kyselina askorbov\u00e1, farbivo: kapsant\u00edn), pr\u00e1\u0161kov\u00fd cukor,&nbsp;<strong>vaje\u010dn\u00fd \u017e\u013atok<\/strong>, kakaov\u00e1 poleva 7 % (cukor, \u010diasto\u010dne hydrogenovan\u00fd rastlinn\u00fd tuk \u2013 palma, kakaov\u00fd pr\u00e1\u0161ok, emulg\u00e1tory: slne\u010dnicov\u00fd lecit\u00edn, polyglycerolpolyricinole\u00e1t, ar\u00f3ma), kypriaca l\u00e1tka: hydrog\u00e9nuhli\u010ditan sodn\u00fd.<\/p>\n\n\n\n<p><strong>Allerg\u00e9nek:<\/strong>&nbsp;obsahuje&nbsp;<strong>vajcia<\/strong>. M\u00f4\u017ee obsahova\u0165 stopy \u010fal\u0161\u00edch alerg\u00e9nov spracov\u00e1van\u00fdch vo v\u00fdrobnom z\u00e1vode.<\/p>\n\n\n\n<p><strong>V\u00fd\u017eivov\u00e9 \u00fadaje na 100 g:<\/strong>&nbsp;energia 1753 kJ \/ 417 kcal, tuky 15,5 g, z toho nas\u00fdten\u00e9 mastn\u00e9 kyseliny 7,3 g, sacharidy 65,5 g, z toho cukry 2,6 g, bielkoviny 2,6 g, so\u013e 0,14 g.<\/p>\n\n\n\n<p><strong>T\u00e1rol\u00e1s:<\/strong>&nbsp;uchov\u00e1vajte v suchu a chr\u00e1\u0148te pred teplom.<\/p>\n\n\n\n<p><strong>Figyelmeztet\u00e9s:<\/strong>&nbsp;Inform\u00e1cie o v\u00fdrobku vych\u00e1dzaj\u00fa z \u00fadajov uveden\u00fdch na obale. Pred konzum\u00e1ciou odpor\u00fa\u010dame v\u017edy skontrolova\u0165 aktu\u00e1lne \u00fadaje priamo na obale v\u00fdrobku.<\/p>\n\n\n\n<p><strong>S\u00faly:<\/strong>&nbsp;160 g<\/p>","protected":false},"excerpt":{"rendered":"<p>Jemn\u00e9 bezlepkov\u00e9 pe\u010divo s ovocnou marhu\u013eovou n\u00e1pl\u0148ou a kakaovou polevou. V\u00fdrobok je vyroben\u00fd zo zmesi bezlepkov\u00fdch m\u00fak a \u0161krobov&#8230; <a href=\"#tab-description\" class=\"more-link\">B\u0151vebben<\/a><\/p>","protected":false},"featured_media":11685,"comment_status":"open","ping_status":"closed","template":"","meta":{"inline_featured_image":false},"product_brand":[397],"product_cat":[381,71,174,178],"product_tag":[],"class_list":{"0":"post-11683","1":"product","2":"type-product","3":"status-publish","4":"has-post-thumbnail","6":"product_brand-barbara","7":"product_cat-keksiky","8":"product_cat-potraviny","9":"product_cat-maskrty","10":"product_cat-sladke-maskrty","12":"first","13":"instock","14":"taxable","15":"shipping-taxable","16":"purchasable","17":"product-type-simple"},"aioseo_notices":[],"_links":{"self":[{"href":"https:\/\/www.biokari.sk\/hu\/wp-json\/wp\/v2\/product\/11683","targetHints":{"allow":["GET"]}}],"collection":[{"href":"https:\/\/www.biokari.sk\/hu\/wp-json\/wp\/v2\/product"}],"about":[{"href":"https:\/\/www.biokari.sk\/hu\/wp-json\/wp\/v2\/types\/product"}],"replies":[{"embeddable":true,"href":"https:\/\/www.biokari.sk\/hu\/wp-json\/wp\/v2\/comments?post=11683"}],"wp:featuredmedia":[{"embeddable":true,"href":"https:\/\/www.biokari.sk\/hu\/wp-json\/wp\/v2\/media\/11685"}],"wp:attachment":[{"href":"https:\/\/www.biokari.sk\/hu\/wp-json\/wp\/v2\/media?parent=11683"}],"wp:term":[{"taxonomy":"product_brand","embeddable":true,"href":"https:\/\/www.biokari.sk\/hu\/wp-json\/wp\/v2\/product_brand?post=11683"},{"taxonomy":"product_cat","embeddable":true,"href":"https:\/\/www.biokari.sk\/hu\/wp-json\/wp\/v2\/product_cat?post=11683"},{"taxonomy":"product_tag","embeddable":true,"href":"https:\/\/www.biokari.sk\/hu\/wp-json\/wp\/v2\/product_tag?post=11683"}],"curies":[{"name":"wp","href":"https:\/\/api.w.org\/{rel}","templated":true}]}}